{"id":227186,"date":"2024-12-04T08:16:06","date_gmt":"2024-12-04T07:16:06","guid":{"rendered":"https:\/\/geniwal2.info-brihaye.lu\/?post_type=product&#038;p=227186"},"modified":"2025-03-02T15:42:51","modified_gmt":"2025-03-02T14:42:51","slug":"retrouver-ses-ancetres-protestants","status":"publish","type":"product","link":"https:\/\/geniwal2.info-brihaye.lu\/de\/boutique\/guides\/retrouver-ses-ancetres-protestants\/","title":{"rendered":"Seine protestantischen Vorfahren finden"},"content":{"rendered":"<p>Als Opfer von Verfolgungen waren die Hugenotten zwischen 1685 (Widerruf des Edikts von Nantes) und der Revolution schwer zu identifizieren, zu lokalisieren und aufzusp\u00fcren. Dennoch sind sie in unseren B\u00e4umen pr\u00e4sent, nicht nur in den Cevennen und im Poitou, sondern auch in vielen anderen Regionen Frankreichs. Wie kann man sie finden, wenn man sich nicht auf die traditionellen Kirchenakten - Taufen, Hochzeiten und Beerdigungen - st\u00fctzen kann? Dieser kleine Leitfaden zur protestantischen Genealogie gibt administrative und geografische Hinweise, Ratschl\u00e4ge und methodische Hinweise je nach Zeitabschnitt, in Frankreich und im Ausland, vom 16. Jahrhundert bis heute, um protestantische Vorfahren zu suchen und zu finden.<\/p>\n<p><strong>Weitere Details<\/strong><\/p>\n<p>Auch wenn die Online-Verf\u00fcgbarkeit verschiedener Quellen die Genealogie stark vereinfacht hat, k\u00f6nnen die Vielzahl dieser Quellen, ihre Streuung, ihre Klassifizierung und ihre Interpretation den Forscher - selbst den erfahrenen - in Verwirrung st\u00fcrzen.<\/p>\n<p>Manche Suchvorg\u00e4nge werden zudem durch den historischen, politischen, geografischen und sozialen Kontext erschwert: Dies gilt f\u00fcr Nichtkatholiken in Frankreich, insbesondere f\u00fcr Protestanten, eine religi\u00f6se Minderheit, die lange Zeit im Verborgenen leben oder ins Exil gehen musste, um ihren Glauben zu bewahren. Als Opfer von Verfolgungen waren diese Hugenotten zwischen 1685 (Widerruf des Edikts von Nantes) und der Revolution nur schwer zu identifizieren, zu lokalisieren und aufzusp\u00fcren. Dennoch sind sie in unseren B\u00e4umen pr\u00e4sent, nicht nur in den Cevennen und im Poitou, sondern auch in vielen anderen Regionen Frankreichs. Wie kann man sie aufsp\u00fcren, wenn man sich nicht auf die traditionellen Kirchenakten - Taufen, Hochzeiten und Beerdigungen - st\u00fctzen kann?<\/p>\n<p>Dieser kleine Leitfaden zur protestantischen Genealogie gibt administrative und geografische Hinweise, Ratschl\u00e4ge und methodische Hinweise nach Zeitabschnitten, in Frankreich und im Ausland, vom 16. Jahrhundert bis heute, um protestantische Vorfahren zu suchen und zu finden.<\/p>\n<p><b>L&rsquo;auteur du livre, Justine Berli\u00e8re<\/b><\/p>\n<ul>\n<li>Die Autorin, Justine Berli\u00e8re, Archivarin-Pal\u00e4ographin, Chefkonservatorin des Kulturerbes, ist Direktorin der Archive des Departements Corr\u00e8ze. Ihre Dissertation \u00fcber\u00a0<em>Die Polizei in Paris im Zeitalter der Aufkl\u00e4rung: Die Kommissare des Louvre-Viertels in der zweiten H\u00e4lfte des 18. Jahrhunderts<\/em>\u00a0wurde von der \u00c9cole des Chartes herausgegeben. Sie ist au\u00dferdem Co-Autorin eines Genealogie-Krimis,\u00a0<em>Die Stille des Buschlandes,<\/em>\u00a0in dem unter anderem die Unterdr\u00fcckung der Protestanten durch Ludwig XIV. und ihr Exil thematisiert werden.<\/li>\n<\/ul>","protected":false},"excerpt":{"rendered":"<p><strong>R\u00e9f\u00e9rence :<\/strong> Seine protestantischen Vorfahren finden<\/p>\n<p>Auteur : Justine Berli\u00e8re<\/p>\n<p>Editions : Archives et Cultures<\/p>\n<p>64 pages broch\u00e9es \/ format 17\u00a0X 24 cm<\/p>\n<h3><span style=\"color: #ff0000;\"><b>Lieferzeit 10 Tage nach Zahlungseingang<\/b><\/span><\/h3>","protected":false},"featured_media":227187,"comment_status":"closed","ping_status":"closed","template":"","meta":{"_et_pb_use_builder":"","_et_pb_old_content":"","_et_gb_content_width":""},"product_brand":[],"product_cat":[112],"product_tag":[222],"class_list":{"0":"post-227186","1":"product","2":"type-product","3":"status-publish","4":"has-post-thumbnail","6":"product_cat-guides","7":"product_tag-retrouver-un-ancetre-postier-r-poulain","9":"first","10":"instock","11":"sold-individually","12":"taxable","13":"shipping-taxable","14":"purchasable","15":"product-type-simple"},"_links":{"self":[{"href":"https:\/\/geniwal2.info-brihaye.lu\/de\/wp-json\/wp\/v2\/product\/227186","targetHints":{"allow":["GET"]}}],"collection":[{"href":"https:\/\/geniwal2.info-brihaye.lu\/de\/wp-json\/wp\/v2\/product"}],"about":[{"href":"https:\/\/geniwal2.info-brihaye.lu\/de\/wp-json\/wp\/v2\/types\/product"}],"replies":[{"embeddable":true,"href":"https:\/\/geniwal2.info-brihaye.lu\/de\/wp-json\/wp\/v2\/comments?post=227186"}],"wp:featuredmedia":[{"embeddable":true,"href":"https:\/\/geniwal2.info-brihaye.lu\/de\/wp-json\/wp\/v2\/media\/227187"}],"wp:attachment":[{"href":"https:\/\/geniwal2.info-brihaye.lu\/de\/wp-json\/wp\/v2\/media?parent=227186"}],"wp:term":[{"taxonomy":"product_brand","embeddable":true,"href":"https:\/\/geniwal2.info-brihaye.lu\/de\/wp-json\/wp\/v2\/product_brand?post=227186"},{"taxonomy":"product_cat","embeddable":true,"href":"https:\/\/geniwal2.info-brihaye.lu\/de\/wp-json\/wp\/v2\/product_cat?post=227186"},{"taxonomy":"product_tag","embeddable":true,"href":"https:\/\/geniwal2.info-brihaye.lu\/de\/wp-json\/wp\/v2\/product_tag?post=227186"}],"curies":[{"name":"wp","href":"https:\/\/api.w.org\/{rel}","templated":true}]}}