{"id":5088,"date":"2020-12-16T14:20:18","date_gmt":"2020-12-16T13:20:18","guid":{"rendered":"https:\/\/geniwal2.info-brihaye.lu\/?post_type=product&#038;p=5088"},"modified":"2025-03-01T21:38:50","modified_gmt":"2025-03-01T20:38:50","slug":"generama","status":"publish","type":"product","link":"https:\/\/geniwal2.info-brihaye.lu\/de\/boutique\/arbres\/generama\/","title":{"rendered":"Gen\u00e9rama"},"content":{"rendered":"<p>Generama ist der einzige vollst\u00e4ndige und kompakte 10-Generationen-Stammbaum, den Sie selbst ausf\u00fcllen k\u00f6nnen. Er l\u00e4sst sich wie ein Buch \u00f6ffnen und enth\u00fcllt in den oberen Bl\u00e4ttern die \u00e4ltesten Generationen (patentiertes System).<\/p>\n<p>Das Generama erm\u00f6glicht die Darstellung von 1023 Personen (d. h. 10 vollst\u00e4ndige Generationen).<\/p>\n<p>Alle Zellen sind horizontal lesbar und erm\u00f6glichen es, die relevanten Informationen (f\u00fcr alle Vorfahren: Name, Vorname, Geburts-, Heirats- und Todesdatum und -ort) leserlich zu schreiben.<\/p>\n<p>Pied de l&rsquo;arbre (g\u00e9n\u00e9ration 1 \u00e0 4) Pied de l&rsquo;arbre (g\u00e9n\u00e9ration 1 \u00e0 4)<\/p>\n<p>Mit seinem laminierten Einband und dem hochwertigen Papier ist das GENERAMA ein sehr gutes Medium, um die Fr\u00fcchte langer Ahnenforschung aufzubewahren. Da es zusammenklappbar ist, l\u00e4sst es sich leicht in einem B\u00fccherregal verstauen und ist leicht zu transportieren.<\/p>\n<p>Mithilfe der Erweiterungen (separat erh\u00e4ltlich) kann das Generama um weitere 5 Generationen auf den \u00c4sten Ihrer Wahl verl\u00e4ngert werden (Sie k\u00f6nnen also bis zu 15 Generationen verl\u00e4ngern). Die Verl\u00e4ngerungen k\u00f6nnen frei \u00fcber dem Generama positioniert werden (sie sind nicht fixiert).<\/p>\n<p><strong>Praktisch :<\/strong><br \/>\nCompact: 10 g\u00e9n\u00e9rations sur un support de moins d&rsquo;1 m2<br \/>\nLeicht zu transportieren und zu verstauen<br \/>\nUne lecture horizontale jusqu&rsquo;\u00e0 la 10\u00e8me g\u00e9n\u00e9ration<br \/>\nBefestigung mit Pariser Klammern, um nach Belieben Bl\u00e4tter zu entfernen oder hinzuzuf\u00fcgen<\/p>\n<p><strong>Vollst\u00e4ndig :<\/strong><br \/>\n10 ganze Generationen mit den Zweigen v\u00e4terlicherseits und m\u00fctterlicherseits<br \/>\nDie Eingabe von Vor- und Nachnamen, Geburts- oder Sterbedatum oder -ort f\u00fcr jeden der 1023 dargestellten Vorfahren<br \/>\nEin Eingabefeld f\u00fcr das Heiratsdatum und den Heiratsort jedes Paares<\/p>\n<p><strong>\u00c4sthetik :<\/strong><br \/>\nOriginelle k\u00fcnstlerische Gestaltung<br \/>\nIllustration d&rsquo;un ch\u00eane centenaire<br \/>\nBeschichteter Einband in Lederoptik<\/p>\n<p>Avertissement: le G\u00e9n\u00e9rama est brevet\u00e9 (d\u00e9p\u00f4t \u00e0 l&rsquo;INPI). Reproduction interdite.<\/p>","protected":false},"excerpt":{"rendered":"<p><strong>R\u00e9f\u00e9rence du produit: 704002<\/strong><\/p>\n<p><b style=\"color: #ff0000;\">Quantit\u00e9 maximum par commande : 2<\/b><\/p>\n<p><strong>Commande :<\/strong><\/p>\n<p>Directement chez le fournisseur payement via Carte Bancaire, Virement, ou Paypal<\/p>\n<p>Non membre prix public : (voir bon de commande en ligne) :<\/p>\n<p>50 le pack G\u00e9n\u00e9rama + 6 extensions (15 g\u00e9n\u00e9rations)<br \/>\n120 \u20ac le G\u00e9n\u00e9rama Imprim\u00e9 avec le g\u00e9n\u00e9alogie du client<\/p>\n<p>Membre prix sp\u00e9cial adh\u00e9rents (voir bon de commande en ligne) :<\/p>\n<p>39 le pack G\u00e9n\u00e9rama + 6 extensions (15 g\u00e9n\u00e9rations)<br \/>\n100 \u20ac le G\u00e9n\u00e9rama Imprim\u00e9 avec le g\u00e9n\u00e9alogie du client<\/p>","protected":false},"featured_media":5090,"comment_status":"closed","ping_status":"closed","template":"","meta":{"_et_pb_use_builder":"","_et_pb_old_content":"","_et_gb_content_width":""},"product_brand":[],"product_cat":[109],"product_tag":[237],"class_list":{"0":"post-5088","1":"product","2":"type-product","3":"status-publish","4":"has-post-thumbnail","6":"product_cat-arbres","7":"product_tag-arbre-generama","9":"first","10":"instock","11":"taxable","12":"shipping-taxable","13":"purchasable","14":"product-type-simple"},"_links":{"self":[{"href":"https:\/\/geniwal2.info-brihaye.lu\/de\/wp-json\/wp\/v2\/product\/5088","targetHints":{"allow":["GET"]}}],"collection":[{"href":"https:\/\/geniwal2.info-brihaye.lu\/de\/wp-json\/wp\/v2\/product"}],"about":[{"href":"https:\/\/geniwal2.info-brihaye.lu\/de\/wp-json\/wp\/v2\/types\/product"}],"replies":[{"embeddable":true,"href":"https:\/\/geniwal2.info-brihaye.lu\/de\/wp-json\/wp\/v2\/comments?post=5088"}],"wp:featuredmedia":[{"embeddable":true,"href":"https:\/\/geniwal2.info-brihaye.lu\/de\/wp-json\/wp\/v2\/media\/5090"}],"wp:attachment":[{"href":"https:\/\/geniwal2.info-brihaye.lu\/de\/wp-json\/wp\/v2\/media?parent=5088"}],"wp:term":[{"taxonomy":"product_brand","embeddable":true,"href":"https:\/\/geniwal2.info-brihaye.lu\/de\/wp-json\/wp\/v2\/product_brand?post=5088"},{"taxonomy":"product_cat","embeddable":true,"href":"https:\/\/geniwal2.info-brihaye.lu\/de\/wp-json\/wp\/v2\/product_cat?post=5088"},{"taxonomy":"product_tag","embeddable":true,"href":"https:\/\/geniwal2.info-brihaye.lu\/de\/wp-json\/wp\/v2\/product_tag?post=5088"}],"curies":[{"name":"wp","href":"https:\/\/api.w.org\/{rel}","templated":true}]}}