{"id":5105,"date":"2020-03-08T08:18:12","date_gmt":"2020-03-08T07:18:12","guid":{"rendered":"https:\/\/geniwal2.info-brihaye.lu\/?post_type=product&#038;p=5105"},"modified":"2021-02-12T21:28:20","modified_gmt":"2021-02-12T20:28:20","slug":"larbre-geniwal-7-generations-noir-blanc","status":"publish","type":"product","link":"https:\/\/geniwal2.info-brihaye.lu\/de\/boutique\/arbres\/larbre-geniwal-7-generations-noir-blanc\/","title":{"rendered":"Der GeniWal-Baum 7 Generationen schwarz &amp; wei\u00df"},"content":{"rendered":"","protected":false},"excerpt":{"rendered":"<div><strong>R\u00e9f\u00e9rence du produit :<\/strong> 700016 : Baum G\u00e9niWal 7 Generationen schwarz &amp; wei\u00df<\/div>\n<ul>\n<li>Arbre vide \u00e0 7 g\u00e9n\u00e9rations, noir et blanc, format 66,5 cm sur 41,7 cm, cr\u00e9ation G\u00e9niWal.<\/li>\n<li><b><\/b>Livraison sous tube<\/li>\n<\/ul>\n<p><b>Lieferzeit 10 Tage nach Zahlungseingang<\/b><b><br \/>\n<\/b><b><br \/>\n<\/b>Alle Modelle und Designs sind urheberrechtlich gesch\u00fctzt.<br \/>\n(Code de la Propri\u00e9t\u00e9 Intellectuelle).<br \/>\n\u00a9 2012 G\u00e9niWal a.s.b.l<\/p>","protected":false},"featured_media":5106,"comment_status":"closed","ping_status":"closed","template":"","meta":{"_et_pb_use_builder":"","_et_pb_old_content":"","_et_gb_content_width":""},"product_brand":[],"product_cat":[109],"product_tag":[125],"class_list":{"0":"post-5105","1":"product","2":"type-product","3":"status-publish","4":"has-post-thumbnail","6":"product_cat-arbres","7":"product_tag-700016-arbre-geniwal-7-generations-noir-blanc","9":"first","10":"instock","11":"taxable","12":"shipping-taxable","13":"purchasable","14":"product-type-simple"},"_links":{"self":[{"href":"https:\/\/geniwal2.info-brihaye.lu\/de\/wp-json\/wp\/v2\/product\/5105","targetHints":{"allow":["GET"]}}],"collection":[{"href":"https:\/\/geniwal2.info-brihaye.lu\/de\/wp-json\/wp\/v2\/product"}],"about":[{"href":"https:\/\/geniwal2.info-brihaye.lu\/de\/wp-json\/wp\/v2\/types\/product"}],"replies":[{"embeddable":true,"href":"https:\/\/geniwal2.info-brihaye.lu\/de\/wp-json\/wp\/v2\/comments?post=5105"}],"wp:featuredmedia":[{"embeddable":true,"href":"https:\/\/geniwal2.info-brihaye.lu\/de\/wp-json\/wp\/v2\/media\/5106"}],"wp:attachment":[{"href":"https:\/\/geniwal2.info-brihaye.lu\/de\/wp-json\/wp\/v2\/media?parent=5105"}],"wp:term":[{"taxonomy":"product_brand","embeddable":true,"href":"https:\/\/geniwal2.info-brihaye.lu\/de\/wp-json\/wp\/v2\/product_brand?post=5105"},{"taxonomy":"product_cat","embeddable":true,"href":"https:\/\/geniwal2.info-brihaye.lu\/de\/wp-json\/wp\/v2\/product_cat?post=5105"},{"taxonomy":"product_tag","embeddable":true,"href":"https:\/\/geniwal2.info-brihaye.lu\/de\/wp-json\/wp\/v2\/product_tag?post=5105"}],"curies":[{"name":"wp","href":"https:\/\/api.w.org\/{rel}","templated":true}]}}