{"id":5930,"date":"2020-05-10T00:28:24","date_gmt":"2020-05-09T22:28:24","guid":{"rendered":"https:\/\/geniwal2.info-brihaye.lu\/?post_type=product&#038;p=5930"},"modified":"2020-09-22T09:29:04","modified_gmt":"2020-09-22T07:29:04","slug":"retrouver-ses-ancetres-espagnols-3e-edition-2020","status":"publish","type":"product","link":"https:\/\/geniwal2.info-brihaye.lu\/de\/boutique\/guides\/retrouver-ses-ancetres-espagnols-3e-edition-2020\/","title":{"rendered":"Die spanischen Vorfahren finden 3. Auflage 2020"},"content":{"rendered":"<h3><strong>ZUSAMMENFASSUNG<\/strong><\/h3>\n<p>Jahrhundert und vor allem im 20. Jahrhundert war Frankreich ein Aufnahmeland f\u00fcr Spanier, die durch Armut oder Politik aus ihrem Land vertrieben wurden. Garcia, der erste Name Spaniens nach der H\u00e4ufigkeit, der 1900 von weniger als tausend Personen in Frankreich getragen wurde, ist heute der achth\u00e4ufigste Familienname unseres Landes nach der Anzahl der Tr\u00e4ger. Ein Indiz daf\u00fcr, dass Millionen von Franzosen mittlerweile Spanier in ihren Stammb\u00e4umen haben. Wie kann man diese Vorfahren von jenseits der Pyren\u00e4en ausfindig machen?<\/p>\n<p>Dieser praktische Leitfaden verkn\u00fcpft die Genealogie mit der Geschichte: Nur wenn Sie wissen, in welcher Zeit Ihr spanischer Vorfahre migriert ist, und wenn Sie den damaligen historischen Kontext verstehen, wissen Sie, in welchen Archiven in Frankreich Sie suchen m\u00fcssen. Denn die Suche beginnt zun\u00e4chst hier. Es sind die Dokumente, die von der Familie aufbewahrt oder in den Best\u00e4nden unserer Departementsarchive gefunden wurden, die Namen, Daten und Orte liefern, die genau genug sind, um die Suche in Spanien fortzusetzen. Vor Ort sind die Zugangsmodalit\u00e4ten zu den Dokumenten nicht dieselben wie hier, die Aufbewahrungsorte ebenfalls nicht und die Genealogie ist noch kein Massenhobby. Aber mit Diplomatie, Ausdauer und Geduld k\u00f6nnen Sie Ihren Baum weit in die Vergangenheit zur\u00fcckverfolgen, da die Pfarrarchive in der Regel im 16. Jahrhundert beginnen und immer mehr digitalisiert werden. Dieses Buch f\u00fchrt Sie Schritt f\u00fcr Schritt durch<\/p>\n<h3><strong>AUTOREN<\/strong><\/h3>\n<p>Val\u00e9rie Franco-Courtillet gr\u00fcndete den Verein Gen-Ib\u00e9rica, um Privatpersonen bei der Suche nach ihren Vorfahren in Spanien zu helfen. Als Mitglied des Vereins Les jeunes et la g\u00e9n\u00e9alogie (Jugendliche und Genealogie) ver\u00f6ffentlichte sie 2011 Se d\u00e9couvrir par l'arbre g\u00e9n\u00e9alogique (Entdecken durch den Stammbaum), das erste Buch zu diesem Thema, das vom franz\u00f6sischen Bildungsministerium herausgegeben wurde.<\/p>\n<p>Melanie Ruiz, Mitbegr\u00fcnderin von Gen-Ib\u00e9rica, war Sekret\u00e4rin der Vereinigung.<\/p>\n<p>Brigitte Sancho-Bourdenet trat 2017 die Nachfolge von Val\u00e9rie Franco als Pr\u00e4sidentin an.<\/p>\n<p>Isabelle Tornel-Gomez trat 2017 die Nachfolge von Brigitte im Sekretariat an.<\/p>\n<p>Alle sind T\u00f6chter oder Enkelinnen von Spaniern, die zur Zeit des Ersten Weltkriegs oder w\u00e4hrend der Retirada 1939 nach Frankreich kamen.<\/p>\n<p>Mit der Beteiligung von Eric und Christiane Jariod f\u00fcr die Erg\u00e4nzung des Kapitels \u00fcber religi\u00f6se Archive sowie des Kapitels \u00fcber die Serien M und W in den Departementsarchiven.<\/p>","protected":false},"excerpt":{"rendered":"<p>R\u00e9f\u00e9rence : 701015<br \/>\nUGS : 978-2-35077-195-3<br \/>\n128 pages broch\u00e9es \/ format 17 x 24 cm<\/p>\n<div class=\"woocommerce-product-details__short-description\">\n<div>\n<h3><span style=\"color: #ff0000;\"><b>Lieferzeit 10 Tage nach Zahlungseingang<br \/>\n<b style=\"color: #ff0000;\">Quantit\u00e9 maximum par commande : 2<\/b><br \/>\n<\/b><\/span><\/h3>\n<\/div>\n<\/div>\n<form class=\"cart\" action=\"https:\/\/geniwal2.info-brihaye.lu\/de\/produit\/retracer-lhistoire-de-sa-commune\/\" enctype=\"multipart\/form-data\" method=\"post\" data-trp-original-action=\"https:\/\/geniwal2.info-brihaye.lu\/produit\/retracer-lhistoire-de-sa-commune\/\">\n<div class=\"quantity buttons_added\"><\/div>\n<input type=\"hidden\" name=\"trp-form-language\" value=\"de\"\/><\/form>","protected":false},"featured_media":5931,"comment_status":"closed","ping_status":"closed","template":"","meta":{"_et_pb_use_builder":"","_et_pb_old_content":"","_et_gb_content_width":""},"product_brand":[],"product_cat":[112],"product_tag":[204],"class_list":{"0":"post-5930","1":"product","2":"type-product","3":"status-publish","4":"has-post-thumbnail","6":"product_cat-guides","7":"product_tag-204","9":"first","10":"instock","11":"taxable","12":"shipping-taxable","13":"purchasable","14":"product-type-simple"},"_links":{"self":[{"href":"https:\/\/geniwal2.info-brihaye.lu\/de\/wp-json\/wp\/v2\/product\/5930","targetHints":{"allow":["GET"]}}],"collection":[{"href":"https:\/\/geniwal2.info-brihaye.lu\/de\/wp-json\/wp\/v2\/product"}],"about":[{"href":"https:\/\/geniwal2.info-brihaye.lu\/de\/wp-json\/wp\/v2\/types\/product"}],"replies":[{"embeddable":true,"href":"https:\/\/geniwal2.info-brihaye.lu\/de\/wp-json\/wp\/v2\/comments?post=5930"}],"wp:featuredmedia":[{"embeddable":true,"href":"https:\/\/geniwal2.info-brihaye.lu\/de\/wp-json\/wp\/v2\/media\/5931"}],"wp:attachment":[{"href":"https:\/\/geniwal2.info-brihaye.lu\/de\/wp-json\/wp\/v2\/media?parent=5930"}],"wp:term":[{"taxonomy":"product_brand","embeddable":true,"href":"https:\/\/geniwal2.info-brihaye.lu\/de\/wp-json\/wp\/v2\/product_brand?post=5930"},{"taxonomy":"product_cat","embeddable":true,"href":"https:\/\/geniwal2.info-brihaye.lu\/de\/wp-json\/wp\/v2\/product_cat?post=5930"},{"taxonomy":"product_tag","embeddable":true,"href":"https:\/\/geniwal2.info-brihaye.lu\/de\/wp-json\/wp\/v2\/product_tag?post=5930"}],"curies":[{"name":"wp","href":"https:\/\/api.w.org\/{rel}","templated":true}]}}