{"id":5936,"date":"2020-05-10T00:56:17","date_gmt":"2020-05-09T22:56:17","guid":{"rendered":"https:\/\/geniwal2.info-brihaye.lu\/?post_type=product&#038;p=5936"},"modified":"2024-05-17T18:04:40","modified_gmt":"2024-05-17T16:04:40","slug":"retrouver-ses-ancetres-polonais-2","status":"publish","type":"product","link":"https:\/\/geniwal2.info-brihaye.lu\/de\/boutique\/guides\/retrouver-ses-ancetres-polonais-2\/","title":{"rendered":"Seine polnischen Vorfahren finden"},"content":{"rendered":"<p><strong>ZUSAMMENFASSUNG<\/strong><\/p>\n<p>Sie wissen nicht, wie Sie mit der Suche nach Ihren polnischen Vorfahren beginnen sollen? Ein erster Versuch hat zu einer Blockade gef\u00fchrt, bei der Sie nicht wissen, wie Sie sie \u00fcberwinden k\u00f6nnen? Trotz der anf\u00e4nglichen Schwierigkeiten (Entfernung, Sprache), die manchmal entmutigend sind, und der Legende, dass alle polnischen Archive zerst\u00f6rt wurden, ist eine Ahnenforschung in Polen von Frankreich aus durchaus m\u00f6glich und hat gute Erfolgsaussichten, wenn Sie die Klippen kennen und wissen, wie Sie vorgehen m\u00fcssen.<\/p>\n<p>Diese neue Ausgabe beschreibt detailliert die neuesten Fortschritte im Internet von<\/p>\n<p>polnische Genealogie: Datenbanken von Archiven und Verb\u00e4nden, digitalisierte Urkunden.<\/p>\n<p>Dieser klare und detaillierte Leitfaden ist der erste, der die Quellen ausf\u00fchrlich erkl\u00e4rt<\/p>\n<p>sowohl in Frankreich als auch in Polen und anderswo, die Sonderf\u00e4lle aufgrund der Wechself\u00e4lle der Geschichte, die Reihenfolge, die man bei seinen Schritten einhalten sollte. Er stellt die Suche nach Dokumenten in den historischen Kontext und f\u00fchrt den Genealogen Schritt f\u00fcr Schritt durch das Buch, mit Karten der Grenzver\u00e4nderungen und der Verwaltungsstrukturen, Beispielen von Pfarr- und Zivilstandsdokumenten, Musterbriefen und einer Erkl\u00e4rung der Organisation der polnischen Archive.<\/p>\n<p>Diese Seiten werden Sie begleiten, wenn Sie den Weg in umgekehrter Richtung zur\u00fccklegen.<\/p>\n<p>die Ihre Vorfahren aus dem so nahen Polen unternommen haben, das so weit entfernt erscheinen kann, wenn die Familie kein Polnisch mehr spricht und den Kontakt zu ihrem Heimatland verloren hat. Sie werden Ihnen schlie\u00dflich helfen, das St\u00fcck polnischer Erde wiederzufinden, das Ihre Vorfahren zur\u00fcckgelassen haben.<\/p>\n<p><strong>AUTOR<\/strong><\/p>\n<p>Philippe Christol: Er ist ein erfahrener Genealoge und hat eine famili\u00e4re Verbindung zu Polen. Er ist Gr\u00fcnder der Website www.geneapologne.com und Moderator der Facebook-Seite \"GeneaPologne\", Autor des Artikels \"Polen\" in der Europa-Sonderausgabe der Revue fran\u00e7aise de g\u00e9n\u00e9alogie und l\u00e4dt Sie ein, Ihrerseits Ihre Familiengeschichte in polnischen Archiven, franz\u00f6sischen und ausl\u00e4ndischen Quellen und im Internet zu entdecken.<\/p>","protected":false},"excerpt":{"rendered":"<p>R\u00e9f\u00e9rence : 701014<br \/>\nUGS : 978-2-35077-322-3<br \/>\n144 pages broch\u00e9es \/ format 17 X 24 cm<br \/>\n<span style=\"color: #ff0000;\"><b>Lieferzeit 10 Tage nach Zahlungseingang<br \/>\n<b style=\"color: #ff0000;\">Quantit\u00e9 maximum par commande : 2<\/b><br \/>\n<\/b><\/span><\/p>\n<form class=\"cart\" action=\"https:\/\/geniwal2.info-brihaye.lu\/de\/produit\/retracer-lhistoire-de-sa-commune\/\" enctype=\"multipart\/form-data\" method=\"post\" data-trp-original-action=\"https:\/\/geniwal2.info-brihaye.lu\/produit\/retracer-lhistoire-de-sa-commune\/\">\n<div class=\"quantity buttons_added\"><\/div>\n<input type=\"hidden\" name=\"trp-form-language\" value=\"de\"\/><\/form>","protected":false},"featured_media":5937,"comment_status":"closed","ping_status":"closed","template":"","meta":{"_et_pb_use_builder":"","_et_pb_old_content":"","_et_gb_content_width":""},"product_brand":[],"product_cat":[112],"product_tag":[203],"class_list":{"0":"post-5936","1":"product","2":"type-product","3":"status-publish","4":"has-post-thumbnail","6":"product_cat-guides","7":"product_tag-203","9":"first","10":"outofstock","11":"taxable","12":"shipping-taxable","13":"purchasable","14":"product-type-simple"},"_links":{"self":[{"href":"https:\/\/geniwal2.info-brihaye.lu\/de\/wp-json\/wp\/v2\/product\/5936","targetHints":{"allow":["GET"]}}],"collection":[{"href":"https:\/\/geniwal2.info-brihaye.lu\/de\/wp-json\/wp\/v2\/product"}],"about":[{"href":"https:\/\/geniwal2.info-brihaye.lu\/de\/wp-json\/wp\/v2\/types\/product"}],"replies":[{"embeddable":true,"href":"https:\/\/geniwal2.info-brihaye.lu\/de\/wp-json\/wp\/v2\/comments?post=5936"}],"wp:featuredmedia":[{"embeddable":true,"href":"https:\/\/geniwal2.info-brihaye.lu\/de\/wp-json\/wp\/v2\/media\/5937"}],"wp:attachment":[{"href":"https:\/\/geniwal2.info-brihaye.lu\/de\/wp-json\/wp\/v2\/media?parent=5936"}],"wp:term":[{"taxonomy":"product_brand","embeddable":true,"href":"https:\/\/geniwal2.info-brihaye.lu\/de\/wp-json\/wp\/v2\/product_brand?post=5936"},{"taxonomy":"product_cat","embeddable":true,"href":"https:\/\/geniwal2.info-brihaye.lu\/de\/wp-json\/wp\/v2\/product_cat?post=5936"},{"taxonomy":"product_tag","embeddable":true,"href":"https:\/\/geniwal2.info-brihaye.lu\/de\/wp-json\/wp\/v2\/product_tag?post=5936"}],"curies":[{"name":"wp","href":"https:\/\/api.w.org\/{rel}","templated":true}]}}