{"id":5964,"date":"2020-05-10T14:32:02","date_gmt":"2020-05-10T12:32:02","guid":{"rendered":"https:\/\/geniwal2.info-brihaye.lu\/?post_type=product&#038;p=5964"},"modified":"2024-12-15T11:00:44","modified_gmt":"2024-12-15T10:00:44","slug":"manuel-de-paleographie-nord-pas-de-calais-flandre-et-wallonie","status":"publish","type":"product","link":"https:\/\/geniwal2.info-brihaye.lu\/de\/boutique\/guides\/manuel-de-paleographie-nord-pas-de-calais-flandre-et-wallonie\/","title":{"rendered":"Handbuch der Pal\u00e4ographie Nord-Pas-de-Calais, Flandern und Wallonien"},"content":{"rendered":"<p><strong>ZUSAMMENFASSUNG<\/strong><\/p>\n<p>Es ist unm\u00f6glich, Genealogie zu betreiben, ohne fr\u00fcher oder sp\u00e4ter auf Probleme beim Entziffern alter Urkunden zu sto\u00dfen. Das regelm\u00e4\u00dfige, wiederholte und vor allem schrittweise Lesen alter Dokumente tr\u00e4gt zum individuellen Erlernen der Pal\u00e4ografie bei. Dem ungeduldigen Forscher oder demjenigen, der mit digitalisierten Online-Archiven arbeitet, die etwas weniger leicht zu lesen sind, kann dies jedoch langwierig erscheinen. Und wer sich von den Kirchenb\u00fcchern wegbewegt und in notarielle, juristische oder steuerliche Dokumente eintaucht, st\u00f6\u00dft auf neue Schwierigkeiten mit berufsbezogenen Abk\u00fcrzungen und versp\u00fcrt das Bed\u00fcrfnis nach einem Werkzeug, das ihm hilft.<\/p>\n<p>Und schlie\u00dflich stellen regionale Besonderheiten zus\u00e4tzliche H\u00fcrden f\u00fcr diejenigen dar, die mit lokalen Archivbest\u00e4nden nicht vertraut sind. Denn diese riesige Region, die historisch als die ehemaligen \u00d6sterreichischen Niederlande definiert wurde, grenzt heute an mehrere L\u00e4nder, darunter Frankreich und Belgien. Sie weist Schwierigkeiten auf, die mit der verwendeten Sprache (h\u00e4ufig Latein, aber je nach Sektor und Periode auch Fl\u00e4misch, Deutsch, Franz\u00f6sisch) oder der Schrift (Gotik in den \u00f6stlichen Provinzen) zusammenh\u00e4ngen.<\/p>\n<p>Sie sollen lernen, alte Texte aus diesen Regionen \u00fcber das 16. bis 20. Jahrhundert schneller zu lesen und die lokalen historischen Entwicklungen zu entdecken: Das sind die Ziele dieses Buches \u00fcber franz\u00f6sisch-belgische Pal\u00e4ographie.<\/p>\n<p><strong>AUTOR<\/strong><\/p>\n<p>Alle drei Autoren sind Mitglieder des wallonischen Genealogievereins Geniwal. Thomas Delvaux ver\u00f6ffentlicht Artikel auf www.morinie.com, um die Geschichte der Region Hauts-de-France einer breiten \u00d6ffentlichkeit bekannt zu machen. Er hat mehrere historische und genealogische B\u00fccher ver\u00f6ffentlicht, darunter Die Geschichte und Genealogie der Van Pradelles (2016). Yves Heraly, ehemaliger Schatzmeister des Cercle d'histoire, d'arch\u00e9ologie et de g\u00e9n\u00e9alogie de Wavre et du Brabant wallon, gr\u00fcndete 1998 den Verein G\u00e9niWal (G\u00e9n\u00e9alogie Wallonie Informatique), dessen Vorsitzender er ist. Robert Van Hecke, seit den Anf\u00e4ngen Mitglied von G\u00e9niWal, gibt Pal\u00e4ographiekurse f\u00fcr die Sektionen Namur und Brabant-Wallon. Er schreibt Artikel in der Zeitschrift Mouvement dynastique belge, Sektion Brabant-Wallon, \u00fcber die ersten belgischen Medaillen und die Freiwilligen der belgischen Revolution von 1830.<\/p>","protected":false},"excerpt":{"rendered":"<p>R\u00e9f\u00e9rence : 700064<br \/>\nUGS : 9782350773056<br \/>\n210 pages broch\u00e9es \/ format 21 X 29,7 cm<br \/>\n<b style=\"color: #ff0000;\">Lieferzeit 10 Tage nach Zahlungseingang<br \/>\nQuantit\u00e9 maximum par commande : 1<br \/>\n<\/b><\/p>\n<form class=\"cart\" action=\"https:\/\/geniwal2.info-brihaye.lu\/de\/produit\/retracer-lhistoire-de-sa-commune\/\" enctype=\"multipart\/form-data\" method=\"post\" data-trp-original-action=\"https:\/\/geniwal2.info-brihaye.lu\/produit\/retracer-lhistoire-de-sa-commune\/\">\n<div class=\"quantity buttons_added\"><\/div>\n<input type=\"hidden\" name=\"trp-form-language\" value=\"de\"\/><\/form>","protected":false},"featured_media":5953,"comment_status":"closed","ping_status":"closed","template":"","meta":{"_et_pb_use_builder":"","_et_pb_old_content":"","_et_gb_content_width":""},"product_brand":[],"product_cat":[112],"product_tag":[196],"class_list":{"0":"post-5964","1":"product","2":"type-product","3":"status-publish","4":"has-post-thumbnail","6":"product_cat-guides","7":"product_tag-196","9":"first","10":"instock","11":"taxable","12":"shipping-taxable","13":"purchasable","14":"product-type-simple"},"_links":{"self":[{"href":"https:\/\/geniwal2.info-brihaye.lu\/de\/wp-json\/wp\/v2\/product\/5964","targetHints":{"allow":["GET"]}}],"collection":[{"href":"https:\/\/geniwal2.info-brihaye.lu\/de\/wp-json\/wp\/v2\/product"}],"about":[{"href":"https:\/\/geniwal2.info-brihaye.lu\/de\/wp-json\/wp\/v2\/types\/product"}],"replies":[{"embeddable":true,"href":"https:\/\/geniwal2.info-brihaye.lu\/de\/wp-json\/wp\/v2\/comments?post=5964"}],"wp:featuredmedia":[{"embeddable":true,"href":"https:\/\/geniwal2.info-brihaye.lu\/de\/wp-json\/wp\/v2\/media\/5953"}],"wp:attachment":[{"href":"https:\/\/geniwal2.info-brihaye.lu\/de\/wp-json\/wp\/v2\/media?parent=5964"}],"wp:term":[{"taxonomy":"product_brand","embeddable":true,"href":"https:\/\/geniwal2.info-brihaye.lu\/de\/wp-json\/wp\/v2\/product_brand?post=5964"},{"taxonomy":"product_cat","embeddable":true,"href":"https:\/\/geniwal2.info-brihaye.lu\/de\/wp-json\/wp\/v2\/product_cat?post=5964"},{"taxonomy":"product_tag","embeddable":true,"href":"https:\/\/geniwal2.info-brihaye.lu\/de\/wp-json\/wp\/v2\/product_tag?post=5964"}],"curies":[{"name":"wp","href":"https:\/\/api.w.org\/{rel}","templated":true}]}}