{"id":5968,"date":"2020-05-10T14:48:19","date_gmt":"2020-05-10T12:48:19","guid":{"rendered":"https:\/\/geniwal2.info-brihaye.lu\/?post_type=product&#038;p=5968"},"modified":"2025-03-01T21:40:59","modified_gmt":"2025-03-01T20:40:59","slug":"papy-mamie-raconte-moi-tes-souvenirs","status":"publish","type":"product","link":"https:\/\/geniwal2.info-brihaye.lu\/de\/boutique\/guides\/papy-mamie-raconte-moi-tes-souvenirs\/","title":{"rendered":"Opa! Oma!!! Erz\u00e4hl mir von deinen Erinnerungen!"},"content":{"rendered":"<p><strong>ZUSAMMENFASSUNG <\/strong><\/p>\n<p>Ich: \"Ein Leben ohne Fernseher, Tablet und Computer? Unm\u00f6glich?<\/p>\n<p>Dennoch hatten Opa und Oma keine, als sie in meinem Alter waren.<\/p>\n<p>Was haben sie also gemacht? Sie sind gro\u00df, aber sie sind auch zur Schule gegangen.<\/p>\n<p>Laquelle ? \u00c9taient-ils sages ou diablotins ?&#8230; Et leur famille ?<\/p>\n<p>Haben sie ihre Gro\u00dfeltern gekannt? Ihre Urgro\u00dfeltern?<\/p>\n<p>Et qui \u00e9tait leur cousin pr\u00e9f\u00e9r\u00e9 ?&#8230; \u00bb<\/p>\n<p>Oma oder Opa: \"Die Familie, die Schule unserer Kindheit, unsere Berufe,<\/p>\n<p>das Alltagsleben von fr\u00fcher... All diese Themen sind in unserer Erinnerung pr\u00e4sent, aber wir wissen nicht, wie wir sie den J\u00fcngsten erz\u00e4hlen sollen. Wo soll man anfangen?<\/p>\n<p>Wie wir aus unseren Erinnerungen eine spielerische Aktivit\u00e4t zum Teilen machen k\u00f6nnen<\/p>\n<p>avec nos petits-enfants ?&#8230; \u00bb<\/p>\n<p>Fragen, die aufkommen, Antworten, die zum Austausch anregen, Fristen<\/p>\n<p>chronologisch und mit Infos, um Reaktionen hervorzurufen, Spiele, die am Wochenende oder in den Ferien gemeinsam vervollst\u00e4ndigt werden k\u00f6nnen...<\/p>\n<p><strong>AUTOR<\/strong><\/p>\n<p>Sophie Bunel: Als Lehrerin an Schulen stellt sie hier ihr p\u00e4dagogisches Know-how, ihre Erfahrung mit Kindern verschiedenster Herkunft und ihre Kenntnisse der Genealogie und der Lebensgeschichten der Alten in den Dienst des Dialogs zwischen Gro\u00dfeltern und Enkeln. F\u00fcr ein sch\u00f6nes Heft mit Aktivit\u00e4ten, die Sie mit der ganzen Familie teilen k\u00f6nnen!<\/p>","protected":false},"excerpt":{"rendered":"<p>R\u00e9f\u00e9rence : 701029<br \/>\nUGS : 9782350773001<br \/>\n32 pages \/ 22 x 28 cm \/ 1 arbre g\u00e9n\u00e9alogique d\u00e9tachable \u00e0 remplir<br \/>\n<b style=\"color: #ff0000;\">Lieferzeit 10 Tage nach Zahlungseingang<br \/>\nQuantit\u00e9 maximum par commande : 3<br \/>\n<\/b><\/p>\n<form class=\"cart\" action=\"https:\/\/geniwal2.info-brihaye.lu\/de\/produit\/retracer-lhistoire-de-sa-commune\/\" enctype=\"multipart\/form-data\" method=\"post\" data-trp-original-action=\"https:\/\/geniwal2.info-brihaye.lu\/produit\/retracer-lhistoire-de-sa-commune\/\">\n<div class=\"quantity buttons_added\"><\/div>\n<input type=\"hidden\" name=\"trp-form-language\" value=\"de\"\/><\/form>","protected":false},"featured_media":5956,"comment_status":"closed","ping_status":"closed","template":"","meta":{"_et_pb_use_builder":"","_et_pb_old_content":"","_et_gb_content_width":""},"product_brand":[],"product_cat":[112],"product_tag":[],"class_list":{"0":"post-5968","1":"product","2":"type-product","3":"status-publish","4":"has-post-thumbnail","6":"product_cat-guides","8":"first","9":"instock","10":"taxable","11":"shipping-taxable","12":"purchasable","13":"product-type-simple"},"_links":{"self":[{"href":"https:\/\/geniwal2.info-brihaye.lu\/de\/wp-json\/wp\/v2\/product\/5968","targetHints":{"allow":["GET"]}}],"collection":[{"href":"https:\/\/geniwal2.info-brihaye.lu\/de\/wp-json\/wp\/v2\/product"}],"about":[{"href":"https:\/\/geniwal2.info-brihaye.lu\/de\/wp-json\/wp\/v2\/types\/product"}],"replies":[{"embeddable":true,"href":"https:\/\/geniwal2.info-brihaye.lu\/de\/wp-json\/wp\/v2\/comments?post=5968"}],"wp:featuredmedia":[{"embeddable":true,"href":"https:\/\/geniwal2.info-brihaye.lu\/de\/wp-json\/wp\/v2\/media\/5956"}],"wp:attachment":[{"href":"https:\/\/geniwal2.info-brihaye.lu\/de\/wp-json\/wp\/v2\/media?parent=5968"}],"wp:term":[{"taxonomy":"product_brand","embeddable":true,"href":"https:\/\/geniwal2.info-brihaye.lu\/de\/wp-json\/wp\/v2\/product_brand?post=5968"},{"taxonomy":"product_cat","embeddable":true,"href":"https:\/\/geniwal2.info-brihaye.lu\/de\/wp-json\/wp\/v2\/product_cat?post=5968"},{"taxonomy":"product_tag","embeddable":true,"href":"https:\/\/geniwal2.info-brihaye.lu\/de\/wp-json\/wp\/v2\/product_tag?post=5968"}],"curies":[{"name":"wp","href":"https:\/\/api.w.org\/{rel}","templated":true}]}}