{"id":5976,"date":"2020-05-10T15:09:06","date_gmt":"2020-05-10T13:09:06","guid":{"rendered":"https:\/\/geniwal2.info-brihaye.lu\/?post_type=product&#038;p=5976"},"modified":"2022-03-05T08:13:19","modified_gmt":"2022-03-05T07:13:19","slug":"raconter-son-histoire-familiale","status":"publish","type":"product","link":"https:\/\/geniwal2.info-brihaye.lu\/de\/boutique\/guides\/raconter-son-histoire-familiale\/","title":{"rendered":"Die eigene Familiengeschichte erz\u00e4hlen"},"content":{"rendered":"<p><strong>ZUSAMMENFASSUNG<\/strong><\/p>\n<p>Erz\u00e4hlen hei\u00dft in erster Linie teilen. Es n\u00fctzt nichts, seine Geschichte zu erz\u00e4hlen, wenn niemand zuh\u00f6rt. Erz\u00e4hlen bedeutet, zu sagen, was man gestern getan hat, oder zu erkl\u00e4ren, wie die Familie vor 250 Jahren war. Erz\u00e4hlen bedeutet, eine Geschichte, Emotionen und einen bestimmten Stil zu vermitteln. Erz\u00e4hlen bedeutet, monatelang eine Geschichte zu schreiben und zu spinnen oder bei einem Familienessen seinen Erinnerungen freien Lauf zu lassen. Erz\u00e4hlen bedeutet, eine Geschichte zu informieren, zu verbreiten und weiterzugeben; egal, ob es sich dabei um ein Bed\u00fcrfnis handelt, das gestillt werden muss, oder um eine Pflicht, die erf\u00fcllt werden muss... Erz\u00e4hlen bedeutet manchmal, Bilder sprechen zu lassen, wenn Worte zu schwer zu sagen sind oder man Ihnen nicht glauben w\u00fcrde. Erz\u00e4hlen bedeutet, Ihre Erinnerungen als Geschenk anzubieten, die von Natur aus verg\u00e4nglich sind. Dieser Leitfaden, der durch zahlreiche Begegnungen und Erfahrungsberichte inspiriert wurde, hilft sowohl denjenigen, die schon lange mit dem Gedanken spielen, eine Familiengeschichte zu schreiben, als auch denjenigen, die ihr Projekt gerade erst begonnen haben oder es noch vor sich herschieben. Er m\u00f6chte denjenigen, denen es an Ideen mangelt, Anregungen geben, die Zweifler beruhigen und denjenigen, f\u00fcr die es \"das erste Mal ist, dass sie so etwas tun\", eine Orientierungshilfe bieten... und geht dabei von der Idee aus, dass alle Geschichten es verdienen, erz\u00e4hlt zu werden, von den l\u00e4ngsten bis zu den k\u00fcrzesten, von den sch\u00f6nsten bis zu den unruhigsten. Diejenigen, die sich auf den Weg gemacht haben, haben alle das Gl\u00fcck gemeinsam, etwas Einzigartiges erreicht zu haben und von den Menschen, die ihnen nahestehen, viel mehr zur\u00fcckbekommen zu haben, als sie sich erhofft hatten.<\/p>\n<p><strong>AUTOR<\/strong><\/p>\n<p>Gwen Guidou : dipl\u00f4m\u00e9e en gestion de projets, elle a mis son exp\u00e9rience de g\u00e9n\u00e9alogiste, son sens de l&rsquo;\u00e9coute et son go\u00fbt pour les arts graphiques au service des r\u00e9cits de famille, qu&rsquo;ils couvrent un ou plusieurs si\u00e8cles. Elle leur r\u00e9alisation, de la retranscription d\u2019interviews, de manuscrits, de correspondances ou de carnets de voyages, \u00e0 la r\u00e9alisation d\u2019un livre \u00e0 petit tirage destin\u00e9 aux proches. Elle a cr\u00e9\u00e9 le site www.brinsdhistoires.com.<\/p>","protected":false},"excerpt":{"rendered":"<p>R\u00e9f\u00e9rence : 701028<br \/>\nUGS : 978-2-35077-258-5<br \/>\n80 pages broch\u00e9es tout en couleur \/ format : 17 x 24 cm<br \/>\n<b style=\"color: #ff0000;\">Lieferzeit 10 Tage nach Zahlungseingang<br \/>\nQuantit\u00e9 maximum par commande : 3<br \/>\n<\/b><\/p>\n<form class=\"cart\" action=\"https:\/\/geniwal2.info-brihaye.lu\/de\/produit\/retracer-lhistoire-de-sa-commune\/\" enctype=\"multipart\/form-data\" method=\"post\" data-trp-original-action=\"https:\/\/geniwal2.info-brihaye.lu\/produit\/retracer-lhistoire-de-sa-commune\/\">\n<div class=\"quantity buttons_added\"><\/div>\n<input type=\"hidden\" name=\"trp-form-language\" value=\"de\"\/><\/form>","protected":false},"featured_media":5961,"comment_status":"closed","ping_status":"closed","template":"","meta":{"_et_pb_use_builder":"","_et_pb_old_content":"","_et_gb_content_width":""},"product_brand":[],"product_cat":[112],"product_tag":[],"class_list":{"0":"post-5976","1":"product","2":"type-product","3":"status-publish","4":"has-post-thumbnail","6":"product_cat-guides","8":"first","9":"outofstock","10":"taxable","11":"shipping-taxable","12":"purchasable","13":"product-type-simple"},"_links":{"self":[{"href":"https:\/\/geniwal2.info-brihaye.lu\/de\/wp-json\/wp\/v2\/product\/5976","targetHints":{"allow":["GET"]}}],"collection":[{"href":"https:\/\/geniwal2.info-brihaye.lu\/de\/wp-json\/wp\/v2\/product"}],"about":[{"href":"https:\/\/geniwal2.info-brihaye.lu\/de\/wp-json\/wp\/v2\/types\/product"}],"replies":[{"embeddable":true,"href":"https:\/\/geniwal2.info-brihaye.lu\/de\/wp-json\/wp\/v2\/comments?post=5976"}],"wp:featuredmedia":[{"embeddable":true,"href":"https:\/\/geniwal2.info-brihaye.lu\/de\/wp-json\/wp\/v2\/media\/5961"}],"wp:attachment":[{"href":"https:\/\/geniwal2.info-brihaye.lu\/de\/wp-json\/wp\/v2\/media?parent=5976"}],"wp:term":[{"taxonomy":"product_brand","embeddable":true,"href":"https:\/\/geniwal2.info-brihaye.lu\/de\/wp-json\/wp\/v2\/product_brand?post=5976"},{"taxonomy":"product_cat","embeddable":true,"href":"https:\/\/geniwal2.info-brihaye.lu\/de\/wp-json\/wp\/v2\/product_cat?post=5976"},{"taxonomy":"product_tag","embeddable":true,"href":"https:\/\/geniwal2.info-brihaye.lu\/de\/wp-json\/wp\/v2\/product_tag?post=5976"}],"curies":[{"name":"wp","href":"https:\/\/api.w.org\/{rel}","templated":true}]}}