{"id":6443,"date":"2020-09-28T17:23:45","date_gmt":"2020-09-28T15:23:45","guid":{"rendered":"https:\/\/geniwal2.info-brihaye.lu\/?post_type=product&#038;p=6443"},"modified":"2022-02-06T14:29:48","modified_gmt":"2022-02-06T13:29:48","slug":"geneatique-2020-classique-en-telechargement","status":"publish","type":"product","link":"https:\/\/geniwal2.info-brihaye.lu\/de\/boutique\/outils\/geneatique-2020-classique-en-telechargement\/","title":{"rendered":"G\u00e9n\u00e9atique 2020 classique (Genealogie-Software)"},"content":{"rendered":"<p>Pour bien d\u00e9marrer votre arbre g\u00e9n\u00e9alogique, choisissez G\u00e9n\u00e9atique pour son confort d&rsquo;utilisation avec ces nombreuses rubriques et pr\u00e9sentation pour vos donn\u00e9es g\u00e9n\u00e9alogiques : Arbre, Liste, Statistiques&#8230; G\u00e9n\u00e9atique Classique permet de travailler un nombre illimit\u00e9 de g\u00e9n\u00e9alogie jusqu\u2019\u00e0 500 personnes, id\u00e9al pour bien commencer. Partagez en un clic votre arbre g\u00e9n\u00e9alogique sur le site Geneatique.Net et completez le sur votre tablette ou votre smartphone avec G\u00e9n\u00e9atique Mobile.<\/p>","protected":false},"excerpt":{"rendered":"<p>&#8211; Ecran de saisie toujours accompagn\u00e9 de l&rsquo;arbre g\u00e9n\u00e9alogique<\/p>\n<p>&#8211; Import \/ Export GedCom de 100% des donn\u00e9es<\/p>\n<p>&#8211; Compatible avec G\u00e9n\u00e9atique Mobile pour Android ou IOS, t\u00e9l\u00e9phone et tablette Apple, Samsung&#8230;<\/p>\n<p>&#8211; Plus de 100 mod\u00e8les d&rsquo;arbre g\u00e9n\u00e9alogique inclus &#8211; Param\u00e9trage possible des donn\u00e9es, et des formes des cases de l&rsquo;arbre g\u00e9n\u00e9alogique<\/p>\n<p>&#8211; Synchronisation possible avec Geneatique.Net (Gratuit)<\/p>\n<p><span style=\"color: #ff0000;\">&#8211; 2 jours pour la livraison<\/span><\/p>","protected":false},"featured_media":6445,"comment_status":"closed","ping_status":"closed","template":"","meta":{"_et_pb_use_builder":"","_et_pb_old_content":"","_et_gb_content_width":""},"product_brand":[],"product_cat":[114],"product_tag":[],"class_list":{"0":"post-6443","1":"product","2":"type-product","3":"status-publish","4":"has-post-thumbnail","6":"product_cat-outils","8":"first","9":"outofstock","10":"virtual","11":"taxable","12":"purchasable","13":"product-type-simple"},"_links":{"self":[{"href":"https:\/\/geniwal2.info-brihaye.lu\/de\/wp-json\/wp\/v2\/product\/6443","targetHints":{"allow":["GET"]}}],"collection":[{"href":"https:\/\/geniwal2.info-brihaye.lu\/de\/wp-json\/wp\/v2\/product"}],"about":[{"href":"https:\/\/geniwal2.info-brihaye.lu\/de\/wp-json\/wp\/v2\/types\/product"}],"replies":[{"embeddable":true,"href":"https:\/\/geniwal2.info-brihaye.lu\/de\/wp-json\/wp\/v2\/comments?post=6443"}],"wp:featuredmedia":[{"embeddable":true,"href":"https:\/\/geniwal2.info-brihaye.lu\/de\/wp-json\/wp\/v2\/media\/6445"}],"wp:attachment":[{"href":"https:\/\/geniwal2.info-brihaye.lu\/de\/wp-json\/wp\/v2\/media?parent=6443"}],"wp:term":[{"taxonomy":"product_brand","embeddable":true,"href":"https:\/\/geniwal2.info-brihaye.lu\/de\/wp-json\/wp\/v2\/product_brand?post=6443"},{"taxonomy":"product_cat","embeddable":true,"href":"https:\/\/geniwal2.info-brihaye.lu\/de\/wp-json\/wp\/v2\/product_cat?post=6443"},{"taxonomy":"product_tag","embeddable":true,"href":"https:\/\/geniwal2.info-brihaye.lu\/de\/wp-json\/wp\/v2\/product_tag?post=6443"}],"curies":[{"name":"wp","href":"https:\/\/api.w.org\/{rel}","templated":true}]}}