{"id":6556,"date":"2020-12-16T22:20:24","date_gmt":"2020-12-16T21:20:24","guid":{"rendered":"https:\/\/geniwal2.info-brihaye.lu\/?post_type=product&#038;p=6556"},"modified":"2020-12-16T22:20:25","modified_gmt":"2020-12-16T21:20:25","slug":"sacoche-de-protection-pour-tablette-facilotab-xxl","status":"publish","type":"product","link":"https:\/\/geniwal2.info-brihaye.lu\/de\/boutique\/outils\/sacoche-de-protection-pour-tablette-facilotab-xxl\/","title":{"rendered":"SCHUTZTASCHE F\u00dcR TABLET FACILOTAB XXL"},"content":{"rendered":"","protected":false},"excerpt":{"rendered":"<p style=\"margin-top: 0cm; background: white;\"><span style=\"font-family: 'Arial',sans-serif; color: #7a7a7a;\">Cette sacoche vous permet de\u00a0<strong><span style=\"font-family: 'Arial',sans-serif;\">prot\u00e9ger au mieux votre tablette\u00a0<u>Facilotab 13,3 pouces<\/u><\/span><\/strong>\u00a0pendant vos d\u00e9placements.<\/span><\/p>\n<p style=\"margin-top: 0cm; background: white;\"><span style=\"font-family: 'Arial',sans-serif; color: #7a7a7a;\">Elle a \u00e9t\u00e9 sp\u00e9cialement con\u00e7ue pour prot\u00e9ger des rayures et des chocs l\u00e9gers caus\u00e9s par le transport gr\u00e2ce avec son compartiment en mousse renforc\u00e9e.<\/span><\/p>\n<p style=\"margin-top: 0cm; background: white;\"><span style=\"font-family: 'Arial',sans-serif; color: #7a7a7a;\">La sacoche dispose de<strong><span style=\"font-family: 'Arial',sans-serif;\">\u00a0poign\u00e9es de transport, d&rsquo;une bandouli\u00e8re ainsi que de deux pochettes lat\u00e9rales<\/span><\/strong>\u00a0de grande capacit\u00e9.<\/span><\/p>","protected":false},"featured_media":6557,"comment_status":"closed","ping_status":"closed","template":"","meta":{"_et_pb_use_builder":"","_et_pb_old_content":"","_et_gb_content_width":""},"product_brand":[],"product_cat":[114],"product_tag":[],"class_list":{"0":"post-6556","1":"product","2":"type-product","3":"status-publish","4":"has-post-thumbnail","6":"product_cat-outils","8":"first","9":"instock","10":"taxable","11":"shipping-taxable","12":"purchasable","13":"product-type-simple"},"_links":{"self":[{"href":"https:\/\/geniwal2.info-brihaye.lu\/de\/wp-json\/wp\/v2\/product\/6556","targetHints":{"allow":["GET"]}}],"collection":[{"href":"https:\/\/geniwal2.info-brihaye.lu\/de\/wp-json\/wp\/v2\/product"}],"about":[{"href":"https:\/\/geniwal2.info-brihaye.lu\/de\/wp-json\/wp\/v2\/types\/product"}],"replies":[{"embeddable":true,"href":"https:\/\/geniwal2.info-brihaye.lu\/de\/wp-json\/wp\/v2\/comments?post=6556"}],"wp:featuredmedia":[{"embeddable":true,"href":"https:\/\/geniwal2.info-brihaye.lu\/de\/wp-json\/wp\/v2\/media\/6557"}],"wp:attachment":[{"href":"https:\/\/geniwal2.info-brihaye.lu\/de\/wp-json\/wp\/v2\/media?parent=6556"}],"wp:term":[{"taxonomy":"product_brand","embeddable":true,"href":"https:\/\/geniwal2.info-brihaye.lu\/de\/wp-json\/wp\/v2\/product_brand?post=6556"},{"taxonomy":"product_cat","embeddable":true,"href":"https:\/\/geniwal2.info-brihaye.lu\/de\/wp-json\/wp\/v2\/product_cat?post=6556"},{"taxonomy":"product_tag","embeddable":true,"href":"https:\/\/geniwal2.info-brihaye.lu\/de\/wp-json\/wp\/v2\/product_tag?post=6556"}],"curies":[{"name":"wp","href":"https:\/\/api.w.org\/{rel}","templated":true}]}}