{"id":8377,"date":"2022-03-10T18:30:02","date_gmt":"2022-03-10T17:30:02","guid":{"rendered":"https:\/\/geniwal2.info-brihaye.lu\/?post_type=product&#038;p=8377"},"modified":"2023-01-30T07:40:40","modified_gmt":"2023-01-30T06:40:40","slug":"petit-manuel-de-paleographie","status":"publish","type":"product","link":"https:\/\/geniwal2.info-brihaye.lu\/de\/boutique\/guides\/petit-manuel-de-paleographie\/","title":{"rendered":"KLEINES HANDBUCH DER PALEOGRAPHIE"},"content":{"rendered":"<p><b>ZUSAMMENFASSUNG<\/b><\/p>\n<p style=\"font-weight: 400;\">Pal\u00e4ografie ist die Wissenschaft von alten Schriften.<br \/>\nIhr Ziel ist die Entzifferung von Schriften aus dem Altertum 19.<br \/>\nIhr Gebiet erstreckt sich auf alle Arten von Dokumenten, die in der Vergangenheit geschrieben wurden, wie zum Beispiel: Tonscherben, Wachstafeln auf dauerhaften Materialien (Epigrafie), Papyrus (Hieroglyphen), Pergament, M\u00fcnzen (Numismatik), Siegel (Sigillografie), Manuskripte (Kodikologie) und f\u00fcr uns Genealogen das Studium alter Urkunden in lateinischer Sprache ab dem 15. Jahrhundert, dem Zeitraum, in dem man hoffen kann, Vorfahren zu finden.<br \/>\nDer Begriff wird oft auf das Studium von \"handgeschriebenen B\u00fcchern\" und Dokumenten, die in gro\u00dfen Bibliotheken und Archiven gesammelt werden, beschr\u00e4nkt. Die Materie ist so umfangreich, dass in diesem Buch nur die g\u00e4ngigsten Verwendungen vorgestellt werden, auf die wir bei unseren genealogischen Forschungen sto\u00dfen.<\/p>\n<p><strong>AUTOR<\/strong><\/p>\n<p>Yves Heraly. Er wurde 1948 in Leopoldville (heute Kinshasa) in der Demokratischen Republik Kongo geboren. Er begann 1990 mit der Familiengenealogie der Heralys, die aus Wallonisch-Brabant stammen. Ehemaliger Schatzmeister des Cercle d'histoire, d'arch\u00e9ologie et de g\u00e9n\u00e9alogie de Wavre et du Brabant Wallon (Kreis f\u00fcr Geschichte, Arch\u00e4ologie und Genealogie von Wavre und Wallonisch-Brabant). Er gr\u00fcndete 1998 den Verein G\u00e9niWal (G\u00e9n\u00e9alogie Wallonie Informatique), dessen Vorsitzender er ist.<\/p>","protected":false},"excerpt":{"rendered":"<p>R\u00e9f\u00e9rence : &#8211;<\/p>\n<p>De vieux actes \u00e0 lire ? Ce manuel de pal\u00e9ographie vous viendra bien \u00e0 point.<br \/>\nIl contient en outre des exemples de lettres et chiffres, mais \u00e9galement la traduction de pr\u00e9noms et de vieux m\u00e9tiers (latin &#8211; fran\u00e7ais &#8211; N\u00e9erlandais)<\/p>\n<p>44 pages broch\u00e9es \/ format 148 x 210 cm<br \/>\n<b style=\"color: #ff0000;\">Lieferzeit 10 Tage nach Zahlungseingang<br \/>\nQuantit\u00e9 maximum par commande : 6<br \/>\n<\/b><\/p>\n<form class=\"cart\" action=\"https:\/\/geniwal2.info-brihaye.lu\/de\/produit\/retracer-lhistoire-de-sa-commune\/\" enctype=\"multipart\/form-data\" method=\"post\" data-trp-original-action=\"https:\/\/geniwal2.info-brihaye.lu\/produit\/retracer-lhistoire-de-sa-commune\/\">\n<div class=\"quantity buttons_added\"><\/div>\n<input type=\"hidden\" name=\"trp-form-language\" value=\"de\"\/><\/form>","protected":false},"featured_media":8379,"comment_status":"closed","ping_status":"closed","template":"","meta":{"_et_pb_use_builder":"","_et_pb_old_content":"","_et_gb_content_width":""},"product_brand":[],"product_cat":[112],"product_tag":[],"class_list":{"0":"post-8377","1":"product","2":"type-product","3":"status-publish","4":"has-post-thumbnail","6":"product_cat-guides","8":"first","9":"instock","10":"taxable","11":"shipping-taxable","12":"purchasable","13":"product-type-simple"},"_links":{"self":[{"href":"https:\/\/geniwal2.info-brihaye.lu\/de\/wp-json\/wp\/v2\/product\/8377","targetHints":{"allow":["GET"]}}],"collection":[{"href":"https:\/\/geniwal2.info-brihaye.lu\/de\/wp-json\/wp\/v2\/product"}],"about":[{"href":"https:\/\/geniwal2.info-brihaye.lu\/de\/wp-json\/wp\/v2\/types\/product"}],"replies":[{"embeddable":true,"href":"https:\/\/geniwal2.info-brihaye.lu\/de\/wp-json\/wp\/v2\/comments?post=8377"}],"wp:featuredmedia":[{"embeddable":true,"href":"https:\/\/geniwal2.info-brihaye.lu\/de\/wp-json\/wp\/v2\/media\/8379"}],"wp:attachment":[{"href":"https:\/\/geniwal2.info-brihaye.lu\/de\/wp-json\/wp\/v2\/media?parent=8377"}],"wp:term":[{"taxonomy":"product_brand","embeddable":true,"href":"https:\/\/geniwal2.info-brihaye.lu\/de\/wp-json\/wp\/v2\/product_brand?post=8377"},{"taxonomy":"product_cat","embeddable":true,"href":"https:\/\/geniwal2.info-brihaye.lu\/de\/wp-json\/wp\/v2\/product_cat?post=8377"},{"taxonomy":"product_tag","embeddable":true,"href":"https:\/\/geniwal2.info-brihaye.lu\/de\/wp-json\/wp\/v2\/product_tag?post=8377"}],"curies":[{"name":"wp","href":"https:\/\/api.w.org\/{rel}","templated":true}]}}