{"id":5940,"date":"2020-05-10T07:54:35","date_gmt":"2020-05-10T05:54:35","guid":{"rendered":"https:\/\/geniwal2.info-brihaye.lu\/?post_type=product&#038;p=5940"},"modified":"2023-01-26T19:11:14","modified_gmt":"2023-01-26T18:11:14","slug":"retrouver-ses-ancetres-en-grande-bretagne","status":"publish","type":"product","link":"https:\/\/geniwal2.info-brihaye.lu\/en\/boutique\/guides\/retrouver-ses-ancetres-en-grande-bretagne\/","title":{"rendered":"Tracing your ancestors in Great Britain"},"content":{"rendered":"<p><strong>SUMMARY<\/strong><\/p>\n<p>Vous avez des anc\u00eatres anglais ou des branches de votre famille qui se sont autrefois fix\u00e9es en Grande-Bretagne ?\u2008 Ce livre est fait pour vous accompagner de fa\u00e7on pratique dans vos d\u00e9marches g\u00e9n\u00e9alogiques. Il d\u00e9crit l\u2019organisation des archives britanniques, l\u2019\u00e9tat civil, les registres paroissiaux, les recensements, les recherches en fonction de la religion ou du statut de vos anc\u00eatres\u2026 Il d\u00e9taille les bases de donn\u00e9es en ligne, accessibles \u00e0 distance et particuli\u00e8rement nombreuses au Royaume-Uni, tant gratuites que payantes, tant g\u00e9n\u00e9rales que sp\u00e9cialis\u00e9es, avec les diff\u00e9rentes fa\u00e7ons de les utiliser. Si vous \u00eates habitu\u00e9 aux d\u00e9marches g\u00e9n\u00e9alogiques en France, ce guide vous familiarise aussi avec une m\u00e9thodologie diff\u00e9rente. Car chercher ses anc\u00eatres en Angleterre, ce n\u2019est pas poursuivre de l\u2019autre c\u00f4t\u00e9 de la Manche des modes d\u2019enqu\u00eate auxquels on est habitu\u00e9 dans les fonds d\u2019archives fran\u00e7ais, c\u2019est v\u00e9ritablement travailler de fa\u00e7on diff\u00e9rente. Pour donner un exemple, l\u2019\u00e9tat civil apporte si peu d\u2019informations que les Britanniques font l\u2019essentiel de leurs recherches g\u00e9n\u00e9alogiques sur le XIXe si\u00e8cle \u00e0 travers les recensements. \u00c0 nouveau pays, nouvelles m\u00e9thodes, qu\u2019il faut d\u00e9couvrir. Bonne d\u00e9couverte&#8230; and good luck dans vos recherches !<\/p>\n<p><strong>AUTHOR<\/strong><\/p>\n<p>Marie Cappart: born of a Belgian father and an English mother, Marie Cappart is a professional genealogist. She works on both sides of the Channel and has a thorough knowledge of British archives. She runs the blog histoires-de-familles.org and writes for the Revue fran\u00e7aise de g\u00e9n\u00e9alogie. She also gives genealogy courses and lectures in Brussels.<\/p>","protected":false},"excerpt":{"rendered":"<p>R\u00e9f\u00e9rence : 701025<br \/>\nUGS : 978-2-35077-230-1<br \/>\n64 pages broch\u00e9es \/ 17 x 24 cm<br \/>\n<b style=\"color: #ff0000;\">Delivery time 10 days from receipt of payment<br \/>\nQuantit\u00e9 maximum par commande : 4<br \/>\n<\/b><\/p>\n<form class=\"cart\" action=\"https:\/\/geniwal2.info-brihaye.lu\/en\/produit\/retracer-lhistoire-de-sa-commune\/\" enctype=\"multipart\/form-data\" method=\"post\" data-trp-original-action=\"https:\/\/geniwal2.info-brihaye.lu\/produit\/retracer-lhistoire-de-sa-commune\/\">\n<div class=\"quantity buttons_added\"><\/div>\n<input type=\"hidden\" name=\"trp-form-language\" value=\"en\"\/><\/form>","protected":false},"featured_media":5941,"comment_status":"closed","ping_status":"closed","template":"","meta":{"_et_pb_use_builder":"","_et_pb_old_content":"","_et_gb_content_width":""},"product_brand":[],"product_cat":[112],"product_tag":[201],"class_list":{"0":"post-5940","1":"product","2":"type-product","3":"status-publish","4":"has-post-thumbnail","6":"product_cat-guides","7":"product_tag-201","9":"first","10":"instock","11":"taxable","12":"shipping-taxable","13":"purchasable","14":"product-type-simple"},"_links":{"self":[{"href":"https:\/\/geniwal2.info-brihaye.lu\/en\/wp-json\/wp\/v2\/product\/5940","targetHints":{"allow":["GET"]}}],"collection":[{"href":"https:\/\/geniwal2.info-brihaye.lu\/en\/wp-json\/wp\/v2\/product"}],"about":[{"href":"https:\/\/geniwal2.info-brihaye.lu\/en\/wp-json\/wp\/v2\/types\/product"}],"replies":[{"embeddable":true,"href":"https:\/\/geniwal2.info-brihaye.lu\/en\/wp-json\/wp\/v2\/comments?post=5940"}],"wp:featuredmedia":[{"embeddable":true,"href":"https:\/\/geniwal2.info-brihaye.lu\/en\/wp-json\/wp\/v2\/media\/5941"}],"wp:attachment":[{"href":"https:\/\/geniwal2.info-brihaye.lu\/en\/wp-json\/wp\/v2\/media?parent=5940"}],"wp:term":[{"taxonomy":"product_brand","embeddable":true,"href":"https:\/\/geniwal2.info-brihaye.lu\/en\/wp-json\/wp\/v2\/product_brand?post=5940"},{"taxonomy":"product_cat","embeddable":true,"href":"https:\/\/geniwal2.info-brihaye.lu\/en\/wp-json\/wp\/v2\/product_cat?post=5940"},{"taxonomy":"product_tag","embeddable":true,"href":"https:\/\/geniwal2.info-brihaye.lu\/en\/wp-json\/wp\/v2\/product_tag?post=5940"}],"curies":[{"name":"wp","href":"https:\/\/api.w.org\/{rel}","templated":true}]}}