{"id":5964,"date":"2020-05-10T14:32:02","date_gmt":"2020-05-10T12:32:02","guid":{"rendered":"https:\/\/geniwal2.info-brihaye.lu\/?post_type=product&#038;p=5964"},"modified":"2024-12-15T11:00:44","modified_gmt":"2024-12-15T10:00:44","slug":"manuel-de-paleographie-nord-pas-de-calais-flandre-et-wallonie","status":"publish","type":"product","link":"https:\/\/geniwal2.info-brihaye.lu\/en\/boutique\/guides\/manuel-de-paleographie-nord-pas-de-calais-flandre-et-wallonie\/","title":{"rendered":"Manual of palaeography Nord-Pas-de-Calais, Flanders and Wallonia"},"content":{"rendered":"<p><strong>SUMMARY<\/strong><\/p>\n<p>It's impossible to do genealogy without encountering problems deciphering old documents at one time or another. Regular, repeated and, above all, progressive reading of old documents contributes to the individual learning of palaeography. But this may seem a long time to the impatient researcher or the person working on digitised archives online, which are a little less easy to read. As for those who are moving on from parish registers to immerse themselves in notarial, legal or tax documents, they encounter new difficulties linked to professional abbreviations and feel the need for a tool to help them.<\/p>\n<p>Last but not least, the region's specific characteristics are an additional obstacle for anyone unfamiliar with local archives. This vast region, historically defined as the former Austrian Netherlands, now straddles several countries, including France and Belgium. It presents difficulties linked to the language used (often Latin, but also, depending on the sector and the period, Flemish, German and French) and the writing (Gothic in the eastern provinces).<\/p>\n<p>The aim of this Franco-Belgian palaeography book is to teach you how to read old texts from these regions over the 16th-20th centuries more quickly and to help you discover local historical developments.<\/p>\n<p><strong>AUTHOR<\/strong><\/p>\n<p>All three authors are members of the Walloon genealogy association Geniwal. Thomas Delvaux publishes articles on www.morinie.com to raise public awareness of the history of Hauts-de-France. He has published several historical and genealogical works, including L'histoire et g\u00e9n\u00e9alogie des Van Pradelles (2016). Yves Heraly, former treasurer of the Cercle d'histoire, d'arch\u00e9ologie et de g\u00e9n\u00e9alogie de Wavre et du Brabant wallon, founded the G\u00e9niWal association (G\u00e9n\u00e9alogie Wallonie Informatique) in 1998, of which he is president. Robert Van Hecke, a member of G\u00e9niWal from the outset, gives palaeography courses to the Namur and Brabant-Wallon sections. He writes articles for the Mouvement dynastique belge, Brabant-Wallon section, on the first Belgian medals and the volunteers of the Belgian revolution of 1830.<\/p>","protected":false},"excerpt":{"rendered":"<p>R\u00e9f\u00e9rence : 700064<br \/>\nUGS : 9782350773056<br \/>\n210 pages broch\u00e9es \/ format 21 X 29,7 cm<br \/>\n<b style=\"color: #ff0000;\">Delivery time 10 days from receipt of payment<br \/>\nQuantit\u00e9 maximum par commande : 1<br \/>\n<\/b><\/p>\n<form class=\"cart\" action=\"https:\/\/geniwal2.info-brihaye.lu\/en\/produit\/retracer-lhistoire-de-sa-commune\/\" enctype=\"multipart\/form-data\" method=\"post\" data-trp-original-action=\"https:\/\/geniwal2.info-brihaye.lu\/produit\/retracer-lhistoire-de-sa-commune\/\">\n<div class=\"quantity buttons_added\"><\/div>\n<input type=\"hidden\" name=\"trp-form-language\" value=\"en\"\/><\/form>","protected":false},"featured_media":5953,"comment_status":"closed","ping_status":"closed","template":"","meta":{"_et_pb_use_builder":"","_et_pb_old_content":"","_et_gb_content_width":""},"product_brand":[],"product_cat":[112],"product_tag":[196],"class_list":{"0":"post-5964","1":"product","2":"type-product","3":"status-publish","4":"has-post-thumbnail","6":"product_cat-guides","7":"product_tag-196","9":"first","10":"instock","11":"taxable","12":"shipping-taxable","13":"purchasable","14":"product-type-simple"},"_links":{"self":[{"href":"https:\/\/geniwal2.info-brihaye.lu\/en\/wp-json\/wp\/v2\/product\/5964","targetHints":{"allow":["GET"]}}],"collection":[{"href":"https:\/\/geniwal2.info-brihaye.lu\/en\/wp-json\/wp\/v2\/product"}],"about":[{"href":"https:\/\/geniwal2.info-brihaye.lu\/en\/wp-json\/wp\/v2\/types\/product"}],"replies":[{"embeddable":true,"href":"https:\/\/geniwal2.info-brihaye.lu\/en\/wp-json\/wp\/v2\/comments?post=5964"}],"wp:featuredmedia":[{"embeddable":true,"href":"https:\/\/geniwal2.info-brihaye.lu\/en\/wp-json\/wp\/v2\/media\/5953"}],"wp:attachment":[{"href":"https:\/\/geniwal2.info-brihaye.lu\/en\/wp-json\/wp\/v2\/media?parent=5964"}],"wp:term":[{"taxonomy":"product_brand","embeddable":true,"href":"https:\/\/geniwal2.info-brihaye.lu\/en\/wp-json\/wp\/v2\/product_brand?post=5964"},{"taxonomy":"product_cat","embeddable":true,"href":"https:\/\/geniwal2.info-brihaye.lu\/en\/wp-json\/wp\/v2\/product_cat?post=5964"},{"taxonomy":"product_tag","embeddable":true,"href":"https:\/\/geniwal2.info-brihaye.lu\/en\/wp-json\/wp\/v2\/product_tag?post=5964"}],"curies":[{"name":"wp","href":"https:\/\/api.w.org\/{rel}","templated":true}]}}