{"id":6923,"date":"2021-04-11T17:08:03","date_gmt":"2021-04-11T15:08:03","guid":{"rendered":"https:\/\/geniwal2.info-brihaye.lu\/?post_type=product&#038;p=6923"},"modified":"2022-03-06T17:39:04","modified_gmt":"2022-03-06T16:39:04","slug":"guide-du-latin-a-lusage-des-genealogistes","status":"publish","type":"product","link":"https:\/\/geniwal2.info-brihaye.lu\/en\/boutique\/guides\/guide-du-latin-a-lusage-des-genealogistes\/","title":{"rendered":"A guide to Latin for genealogists"},"content":{"rendered":"<p>Many genealogists are dismayed when they come across Latin records in the course of their research: their enthusiasm is suddenly dampened, as if they have come up against an insurmountable obstacle. It's true that sometimes discouragement seems justified when confronted with a language you don't know or haven't used since secondary school, and with scripts that aren't always legible.<\/p>\n<p>However, it is relatively easy to find one's way through the Latin parish registers: we are far from the complexity of classical literature and the style of the great Roman authors: most of the formulas are recurrent and the vocabulary is limited.<\/p>\n<p>This guide aims to provide a practical, methodical and step-by-step approach to Latin for genealogists. It briefly explains how the Latin sentence works, lays down some basic syntax, highlights the differences with French, and then deals in detail with the naming of individuals and places, numbers and dates, and the specific vocabulary used from record to record for baptisms, marriages and burials. With numerous glossaries in the appendices, it helps family historians to continue their research and easily translate the records of interest to them.<\/p>","protected":false},"excerpt":{"rendered":"<p>Ce guide a pour ambition de permettre une approche pratique du latin, m\u00e9thodique et progressive, \u00e0 l\u2019usage des g\u00e9n\u00e9alogistes. Il explique le fonctionnement de la phrase latine, pose des\u00a0bases de syntaxe, met en \u00e9vidence les diff\u00e9rences avec le fran\u00e7ais, puis aborde la d\u00e9signation des individus et des lieux, les nombres et les dates, les termes de vocabulaire sp\u00e9cifique qui reviennent, d\u2019acte en acte. Avec de nombreux lexiques en annexe, il aide les historiens des familles \u00e0 traduire ais\u00e9ment les actes qui les int\u00e9ressent.<\/p>\n<p>AUTEUR:<\/p>\n<p><strong>Catherine Bec.\u00a0<\/strong>Professeur agr\u00e9g\u00e9 de lettres, docteur en litt\u00e9rature classique, Catherine Bec s\u2019est sp\u00e9cialis\u00e9e en g\u00e9n\u00e9alogie dans les domaines o\u00f9 sa formation litt\u00e9raire est un atout : le latin, l\u2019anthroponymie et surtout l\u2019\u00e9criture de la m\u00e9moire familiale. Auteur de biographies et de livres familiaux, elle s\u2019int\u00e9resse \u00e9galement \u00e0 la formation, dans le cadre de l\u2019<em>European Academy of Genealogy.<\/em><\/p>","protected":false},"featured_media":6924,"comment_status":"closed","ping_status":"closed","template":"","meta":{"_et_pb_use_builder":"","_et_pb_old_content":"","_et_gb_content_width":""},"product_brand":[],"product_cat":[112],"product_tag":[],"class_list":{"0":"post-6923","1":"product","2":"type-product","3":"status-publish","4":"has-post-thumbnail","6":"product_cat-guides","8":"first","9":"instock","10":"taxable","11":"shipping-taxable","12":"purchasable","13":"product-type-simple"},"_links":{"self":[{"href":"https:\/\/geniwal2.info-brihaye.lu\/en\/wp-json\/wp\/v2\/product\/6923","targetHints":{"allow":["GET"]}}],"collection":[{"href":"https:\/\/geniwal2.info-brihaye.lu\/en\/wp-json\/wp\/v2\/product"}],"about":[{"href":"https:\/\/geniwal2.info-brihaye.lu\/en\/wp-json\/wp\/v2\/types\/product"}],"replies":[{"embeddable":true,"href":"https:\/\/geniwal2.info-brihaye.lu\/en\/wp-json\/wp\/v2\/comments?post=6923"}],"wp:featuredmedia":[{"embeddable":true,"href":"https:\/\/geniwal2.info-brihaye.lu\/en\/wp-json\/wp\/v2\/media\/6924"}],"wp:attachment":[{"href":"https:\/\/geniwal2.info-brihaye.lu\/en\/wp-json\/wp\/v2\/media?parent=6923"}],"wp:term":[{"taxonomy":"product_brand","embeddable":true,"href":"https:\/\/geniwal2.info-brihaye.lu\/en\/wp-json\/wp\/v2\/product_brand?post=6923"},{"taxonomy":"product_cat","embeddable":true,"href":"https:\/\/geniwal2.info-brihaye.lu\/en\/wp-json\/wp\/v2\/product_cat?post=6923"},{"taxonomy":"product_tag","embeddable":true,"href":"https:\/\/geniwal2.info-brihaye.lu\/en\/wp-json\/wp\/v2\/product_tag?post=6923"}],"curies":[{"name":"wp","href":"https:\/\/api.w.org\/{rel}","templated":true}]}}