{"id":8137,"date":"2021-12-11T14:53:29","date_gmt":"2021-12-11T13:53:29","guid":{"rendered":"https:\/\/geniwal2.info-brihaye.lu\/?post_type=product&#038;p=8137"},"modified":"2021-12-26T01:25:56","modified_gmt":"2021-12-26T00:25:56","slug":"mon-arbre-relie-7-generations-a-remplir","status":"publish","type":"product","link":"https:\/\/geniwal2.info-brihaye.lu\/en\/boutique\/arbres\/mon-arbre-relie-7-generations-a-remplir\/","title":{"rendered":"Fill in my 7-generation tree"},"content":{"rendered":"<p>Do you do genealogy and would you like to discuss your research with your family or cousins?<br \/>\nYou don't make any, but you'd like to write down the names of the grandparents you knew for your grandchildren and send them some souvenir photos?<br \/>\nDo you dream of a tree that's accessible and easy to show off, but doesn't need to be displayed on a wall?<br \/>\nThis beautiful bound tree is the perfect answer:<br \/>\n- It fits in your bookshelf. Like a book, it's easy to grab and unfold.<br \/>\n- It revolves around a central character (yourself, or one of your parents or grandparents, depending on your choice) whose name you note on the cover and on the spine of the book (easy to find in your library, even if you have filled in several bound trees).<br \/>\n- It shows the descendants (two generations down: children and grandchildren) and the ancestors (four generations up, down to the great-great-grandparents), giving an overview of seven generations over two centuries.<br \/>\n- It can easily be filled in by hand or using self-adhesive labels that you can print out at home. Detailed instructions for use are given on the back of the tree, alongside a writing space for additions and life stories.<br \/>\n- There's an inside pocket for photos, announcements, letters and various family documents, making it easy to share memories when you show the tree to a loved one (no need to go through your drawers or turn on your computer: the most precious documents are there).<\/p>\n<p>All the details are on the\u00a0<a href=\"https:\/\/youtu.be\/2piuelpbqZw\" target=\"_blank\" rel=\"noopener\">YouTube video<\/a>\u00a0dedicated to the book.<\/p>\n<p>Whether your descendants are \"as vast as the stars in the sky\" or can be counted on the fingers of one hand, it doesn't matter: you all have a giant ascending tree to show and stories to tell. Now it's your turn!<\/p>","protected":false},"excerpt":{"rendered":"<p><strong>R\u00e9f\u00e9rence du produit: 704005<\/strong><\/p>\n<p>Un arbre \u00e0 compl\u00e9ter 7 g\u00e9n\u00e9rations (5 ascendantes, 2 descendantes)<\/p>\n<p>\u2022 Un arbre grand format (126 cm x 29,7cm) facile \u00e0 d\u00e9plier<\/p>\n<p>\u2022 Un arbre reli\u00e9 (21,7 cm x 30,5 cm) qui se range dans une biblioth\u00e8que<\/p>\n<p>\u2022 Un arbre avec une pochette pour glisser photos, faire-parts, docs divers<\/p>\n<p>\u2022 Un arbre avec une reliure somptueuse, bleue et or, \u00e9toiles paillet\u00e9es en relief, rubans d\u2019attache bleus<\/p>\n<p>\u2022 Un arbre avec une zone en pelliculage mat sur la couverture et sur le dos pour noter le nom du personnage central ou de la famille d\u00e9taill\u00e9e dans l\u2019arbre<\/p>\n<p>All the details are on the\u00a0<a href=\"https:\/\/youtu.be\/2piuelpbqZw\" target=\"_blank\" rel=\"noopener\">YouTube video<\/a>\u00a0dedicated to the book.<\/p>\n<p><strong>Commande :<\/strong><\/p>\n<p>Paiement via Carte Bancaire, Virement, ou Paypal<\/p>","protected":false},"featured_media":8139,"comment_status":"closed","ping_status":"closed","template":"","meta":{"_et_pb_use_builder":"","_et_pb_old_content":"","_et_gb_content_width":""},"product_brand":[],"product_cat":[109],"product_tag":[250],"class_list":{"0":"post-8137","1":"product","2":"type-product","3":"status-publish","4":"has-post-thumbnail","6":"product_cat-arbres","7":"product_tag-arbre-7g-a-remplir","9":"first","10":"instock","11":"taxable","12":"shipping-taxable","13":"purchasable","14":"product-type-simple"},"_links":{"self":[{"href":"https:\/\/geniwal2.info-brihaye.lu\/en\/wp-json\/wp\/v2\/product\/8137","targetHints":{"allow":["GET"]}}],"collection":[{"href":"https:\/\/geniwal2.info-brihaye.lu\/en\/wp-json\/wp\/v2\/product"}],"about":[{"href":"https:\/\/geniwal2.info-brihaye.lu\/en\/wp-json\/wp\/v2\/types\/product"}],"replies":[{"embeddable":true,"href":"https:\/\/geniwal2.info-brihaye.lu\/en\/wp-json\/wp\/v2\/comments?post=8137"}],"wp:featuredmedia":[{"embeddable":true,"href":"https:\/\/geniwal2.info-brihaye.lu\/en\/wp-json\/wp\/v2\/media\/8139"}],"wp:attachment":[{"href":"https:\/\/geniwal2.info-brihaye.lu\/en\/wp-json\/wp\/v2\/media?parent=8137"}],"wp:term":[{"taxonomy":"product_brand","embeddable":true,"href":"https:\/\/geniwal2.info-brihaye.lu\/en\/wp-json\/wp\/v2\/product_brand?post=8137"},{"taxonomy":"product_cat","embeddable":true,"href":"https:\/\/geniwal2.info-brihaye.lu\/en\/wp-json\/wp\/v2\/product_cat?post=8137"},{"taxonomy":"product_tag","embeddable":true,"href":"https:\/\/geniwal2.info-brihaye.lu\/en\/wp-json\/wp\/v2\/product_tag?post=8137"}],"curies":[{"name":"wp","href":"https:\/\/api.w.org\/{rel}","templated":true}]}}