{"id":8384,"date":"2022-03-10T19:43:30","date_gmt":"2022-03-10T18:43:30","guid":{"rendered":"https:\/\/geniwal2.info-brihaye.lu\/?post_type=product&#038;p=8384"},"modified":"2024-05-06T23:20:50","modified_gmt":"2024-05-06T21:20:50","slug":"geneeurope-2022","status":"publish","type":"product","link":"https:\/\/geniwal2.info-brihaye.lu\/en\/boutique\/guides\/geneeurope-2022\/","title":{"rendered":"G\u00e9n\u00e9@Europe 2024"},"content":{"rendered":"<p><strong>SUMMARY <\/strong><\/p>\n<p><strong>2024 edition<\/strong><\/p>\n<p><strong>Where can you search for your genealogy on the Internet in Europe?<br \/>\n<\/strong>There are many tools available online to help you discover the dates, places where your ancestors lived and passed through, or their occupations; hence the usefulness of this book, in which you will find addresses of \"temporary\" or \"permanent\" websites for the information you need.<strong>\u00a0European countries<\/strong>You'll also find information on how to share and communicate with other family genealogists in Social Media (such as newsgroups or forums) and addresses of professional French-speaking genealogists who can help you.<\/p>\n<p>In several countries, national and local archives have digitised their registers and documents, and put their photos on line. Many \"portal\" sites, personal sites in the associative or family sectors, offer records of all kinds (civil status, voters, military, census, notaries, etc.) mainly in the form of lists.<\/p>\n<p><strong>Countries mentioned in this book<\/strong>Austria, Belgium, Czech Republic, Denmark, Estonia, Finland, France, Germany, French overseas departments and territories, New Caledonia, French Polynesia, Greece, Hungary, Italy, Latvia, Liechtenstein, Lithuania, Luxembourg, Malta, Monaco, Netherlands, Poland, Portugal, Romania, Slovakia, Slovenia, Spain, Sweden, United Kingdom.<\/p>\n<p>This book will save you precious time in genealogical or historical research, so that you can build the gigantic tree that will be yours.<\/p>\n<p><strong>AUTHOR<\/strong><\/p>\n<p>Liliane Hierro N\u00e9e d&rsquo;un p\u00e8re espagnol et d&rsquo;une m\u00e8re fran\u00e7aise, Liliane Hierro est une g\u00e9n\u00e9alogiste professionnelle. Ses recherches g\u00e9n\u00e9alogiques familiales, qui ont \u00e9t\u00e9 r\u00e9alis\u00e9es dans quatre pays d&rsquo;Europe (Belgique, Espagne, France, Italie), lui ont permis de d\u00e9velopper une solide exp\u00e9rience dans ce domaine.<\/p>\n<p>His interest in internet research is fuelled by his many years of professional experience in the IT sector.<\/p>\n<p>Liliane Hierro regularly gives talks on this subject in Belgium, Luxembourg and France.<\/p>","protected":false},"excerpt":{"rendered":"<p>R\u00e9f\u00e9rence : 705009<br \/>\nISSN\/2295-5364<br \/>\n120 pages broch\u00e9es \/ format 17 x 24 cm<br \/>\n<b style=\"color: #ff0000;\">Delivery time 10 days from receipt of payment<br \/>\nQuantit\u00e9 maximum par commande : 1<\/b><\/p>\n<form class=\"cart\" action=\"https:\/\/geniwal2.info-brihaye.lu\/en\/produit\/retracer-lhistoire-de-sa-commune\/\" enctype=\"multipart\/form-data\" method=\"post\" data-trp-original-action=\"https:\/\/geniwal2.info-brihaye.lu\/produit\/retracer-lhistoire-de-sa-commune\/\">\n<div class=\"quantity buttons_added\"><\/div>\n<input type=\"hidden\" name=\"trp-form-language\" value=\"en\"\/><\/form>","protected":false},"featured_media":227008,"comment_status":"closed","ping_status":"closed","template":"","meta":{"_et_pb_use_builder":"","_et_pb_old_content":"","_et_gb_content_width":""},"product_brand":[],"product_cat":[112],"product_tag":[],"class_list":{"0":"post-8384","1":"product","2":"type-product","3":"status-publish","4":"has-post-thumbnail","6":"product_cat-guides","8":"first","9":"instock","10":"taxable","11":"shipping-taxable","12":"purchasable","13":"product-type-simple"},"_links":{"self":[{"href":"https:\/\/geniwal2.info-brihaye.lu\/en\/wp-json\/wp\/v2\/product\/8384","targetHints":{"allow":["GET"]}}],"collection":[{"href":"https:\/\/geniwal2.info-brihaye.lu\/en\/wp-json\/wp\/v2\/product"}],"about":[{"href":"https:\/\/geniwal2.info-brihaye.lu\/en\/wp-json\/wp\/v2\/types\/product"}],"replies":[{"embeddable":true,"href":"https:\/\/geniwal2.info-brihaye.lu\/en\/wp-json\/wp\/v2\/comments?post=8384"}],"wp:featuredmedia":[{"embeddable":true,"href":"https:\/\/geniwal2.info-brihaye.lu\/en\/wp-json\/wp\/v2\/media\/227008"}],"wp:attachment":[{"href":"https:\/\/geniwal2.info-brihaye.lu\/en\/wp-json\/wp\/v2\/media?parent=8384"}],"wp:term":[{"taxonomy":"product_brand","embeddable":true,"href":"https:\/\/geniwal2.info-brihaye.lu\/en\/wp-json\/wp\/v2\/product_brand?post=8384"},{"taxonomy":"product_cat","embeddable":true,"href":"https:\/\/geniwal2.info-brihaye.lu\/en\/wp-json\/wp\/v2\/product_cat?post=8384"},{"taxonomy":"product_tag","embeddable":true,"href":"https:\/\/geniwal2.info-brihaye.lu\/en\/wp-json\/wp\/v2\/product_tag?post=8384"}],"curies":[{"name":"wp","href":"https:\/\/api.w.org\/{rel}","templated":true}]}}