{"id":227186,"date":"2024-12-04T08:16:06","date_gmt":"2024-12-04T07:16:06","guid":{"rendered":"https:\/\/geniwal2.info-brihaye.lu\/?post_type=product&#038;p=227186"},"modified":"2025-03-02T15:42:51","modified_gmt":"2025-03-02T14:42:51","slug":"retrouver-ses-ancetres-protestants","status":"publish","type":"product","link":"https:\/\/geniwal2.info-brihaye.lu\/es\/boutique\/guides\/retrouver-ses-ancetres-protestants\/","title":{"rendered":"Encuentre a sus antepasados protestantes"},"content":{"rendered":"<p>V\u00edctimas de la persecuci\u00f3n, los hugonotes fueron dif\u00edciles de identificar, localizar y rastrear entre 1685 (revocaci\u00f3n del Edicto de Nantes) y la Revoluci\u00f3n Francesa. Sin embargo, est\u00e1n presentes en nuestros \u00e1rboles, no s\u00f3lo en las Cevenas y Poitou, sino en muchas otras regiones de Francia. \u00bfC\u00f3mo encontrarlos si no podemos recurrir a los registros parroquiales tradicionales (bautismos, matrimonios y entierros)? Esta peque\u00f1a gu\u00eda de genealog\u00eda protestante proporciona pistas administrativas y geogr\u00e1ficas, consejos e indicaciones metodol\u00f3gicas para diferentes \u00e9pocas, en Francia y en el extranjero, desde el siglo XVI hasta nuestros d\u00edas, para ayudarle a buscar y encontrar a sus antepasados protestantes.<\/p>\n<p><strong>Saber m\u00e1s<\/strong><\/p>\n<p>Aunque la disponibilidad de una amplia gama de fuentes en l\u00ednea ha facilitado enormemente la genealog\u00eda, el gran n\u00famero de fuentes, su dispersi\u00f3n, clasificaci\u00f3n e interpretaci\u00f3n pueden dejar perplejo incluso al investigador m\u00e1s experimentado.<\/p>\n<p>Algunas investigaciones se complican a\u00fan m\u00e1s por el contexto hist\u00f3rico, pol\u00edtico, geogr\u00e1fico y social: es el caso de los no cat\u00f3licos en Francia, en particular los protestantes, una minor\u00eda religiosa que durante mucho tiempo tuvo que vivir en la clandestinidad o exiliarse para mantener su fe. V\u00edctimas de la persecuci\u00f3n, estos hugonotes fueron dif\u00edciles de identificar, localizar y rastrear entre 1685 (revocaci\u00f3n del Edicto de Nantes) y la Revoluci\u00f3n Francesa. Sin embargo, est\u00e1n presentes en nuestros \u00e1rboles, no s\u00f3lo en las Cevenas y Poitou, sino en muchas otras regiones de Francia. \u00bfC\u00f3mo encontrarlos si no podemos recurrir a los registros parroquiales tradicionales (bautizos, matrimonios y entierros)?<\/p>\n<p>Esta breve gu\u00eda de genealog\u00eda protestante proporciona pistas administrativas y geogr\u00e1ficas, consejos e indicaciones metodol\u00f3gicas seg\u00fan la \u00e9poca, en Francia y en el extranjero, desde el siglo XVI hasta nuestros d\u00edas, para buscar y encontrar antepasados protestantes.<\/p>\n<p><b>L&rsquo;auteur du livre, Justine Berli\u00e8re<\/b><\/p>\n<ul>\n<li>La autora, Justine Berli\u00e8re, archivera y pale\u00f3grafa, conservadora jefe del patrimonio, es directora de los archivos departamentales de Corr\u00e8ze. Su tesis sobre\u00a0<em>La polic\u00eda en Par\u00eds durante el Siglo de las Luces: los comisarios del barrio del Louvre en la segunda mitad del siglo XVIII<\/em>\u00a0fue publicado por la \u00c9cole des Chartes. Tambi\u00e9n ha coescrito un thriller geneal\u00f3gico,\u00a0<em>Le Silence des maquis,<\/em>\u00a0que recuerda, entre otras cosas, la represi\u00f3n de Luis XIV contra los protestantes y su exilio.<\/li>\n<\/ul>","protected":false},"excerpt":{"rendered":"<p><strong>R\u00e9f\u00e9rence :<\/strong> Encuentre a sus antepasados protestantes<\/p>\n<p>Auteur : Justine Berli\u00e8re<\/p>\n<p>Editions : Archives et Cultures<\/p>\n<p>64 pages broch\u00e9es \/ format 17\u00a0X 24 cm<\/p>\n<h3><span style=\"color: #ff0000;\"><b>Plazo de entrega 10 d\u00edas desde la recepci\u00f3n del pago<\/b><\/span><\/h3>","protected":false},"featured_media":227187,"comment_status":"closed","ping_status":"closed","template":"","meta":{"_et_pb_use_builder":"","_et_pb_old_content":"","_et_gb_content_width":""},"product_brand":[],"product_cat":[112],"product_tag":[222],"class_list":{"0":"post-227186","1":"product","2":"type-product","3":"status-publish","4":"has-post-thumbnail","6":"product_cat-guides","7":"product_tag-retrouver-un-ancetre-postier-r-poulain","9":"first","10":"instock","11":"sold-individually","12":"taxable","13":"shipping-taxable","14":"purchasable","15":"product-type-simple"},"_links":{"self":[{"href":"https:\/\/geniwal2.info-brihaye.lu\/es\/wp-json\/wp\/v2\/product\/227186","targetHints":{"allow":["GET"]}}],"collection":[{"href":"https:\/\/geniwal2.info-brihaye.lu\/es\/wp-json\/wp\/v2\/product"}],"about":[{"href":"https:\/\/geniwal2.info-brihaye.lu\/es\/wp-json\/wp\/v2\/types\/product"}],"replies":[{"embeddable":true,"href":"https:\/\/geniwal2.info-brihaye.lu\/es\/wp-json\/wp\/v2\/comments?post=227186"}],"wp:featuredmedia":[{"embeddable":true,"href":"https:\/\/geniwal2.info-brihaye.lu\/es\/wp-json\/wp\/v2\/media\/227187"}],"wp:attachment":[{"href":"https:\/\/geniwal2.info-brihaye.lu\/es\/wp-json\/wp\/v2\/media?parent=227186"}],"wp:term":[{"taxonomy":"product_brand","embeddable":true,"href":"https:\/\/geniwal2.info-brihaye.lu\/es\/wp-json\/wp\/v2\/product_brand?post=227186"},{"taxonomy":"product_cat","embeddable":true,"href":"https:\/\/geniwal2.info-brihaye.lu\/es\/wp-json\/wp\/v2\/product_cat?post=227186"},{"taxonomy":"product_tag","embeddable":true,"href":"https:\/\/geniwal2.info-brihaye.lu\/es\/wp-json\/wp\/v2\/product_tag?post=227186"}],"curies":[{"name":"wp","href":"https:\/\/api.w.org\/{rel}","templated":true}]}}