{"id":5498,"date":"2020-03-14T08:41:08","date_gmt":"2020-03-14T07:41:08","guid":{"rendered":"https:\/\/geniwal2.info-brihaye.lu\/?post_type=product&#038;p=5498"},"modified":"2024-12-01T22:28:39","modified_gmt":"2024-12-01T21:28:39","slug":"geniwal-magazine-piece","status":"publish","type":"product","link":"https:\/\/geniwal2.info-brihaye.lu\/es\/boutique\/revues\/geniwal-magazine-piece\/","title":{"rendered":"Revista GeniWal, parte"},"content":{"rendered":"","protected":false},"excerpt":{"rendered":"<div><strong>R\u00e9f\u00e9rence :<\/strong> GeniWal Magazine 2015, pi\u00e8ce<\/div>\n<div><\/div>\n<p>Revue de g\u00e9niwal, parution trimestriel mars, juin, septembre et d\u00e9cembre. la pi\u00e8ce.<\/p>\n<p>&nbsp;<\/p>","protected":false},"featured_media":5500,"comment_status":"closed","ping_status":"closed","template":"","meta":{"_et_pb_use_builder":"","_et_pb_old_content":"","_et_gb_content_width":""},"product_brand":[],"product_cat":[113],"product_tag":[150,151],"class_list":{"0":"post-5498","1":"product","2":"type-product","3":"status-publish","4":"has-post-thumbnail","6":"product_cat-revues","7":"product_tag-geniwal-magazine","8":"product_tag-piece","10":"first","11":"instock","12":"taxable","13":"shipping-taxable","14":"purchasable","15":"product-type-variable"},"_links":{"self":[{"href":"https:\/\/geniwal2.info-brihaye.lu\/es\/wp-json\/wp\/v2\/product\/5498","targetHints":{"allow":["GET"]}}],"collection":[{"href":"https:\/\/geniwal2.info-brihaye.lu\/es\/wp-json\/wp\/v2\/product"}],"about":[{"href":"https:\/\/geniwal2.info-brihaye.lu\/es\/wp-json\/wp\/v2\/types\/product"}],"replies":[{"embeddable":true,"href":"https:\/\/geniwal2.info-brihaye.lu\/es\/wp-json\/wp\/v2\/comments?post=5498"}],"wp:featuredmedia":[{"embeddable":true,"href":"https:\/\/geniwal2.info-brihaye.lu\/es\/wp-json\/wp\/v2\/media\/5500"}],"wp:attachment":[{"href":"https:\/\/geniwal2.info-brihaye.lu\/es\/wp-json\/wp\/v2\/media?parent=5498"}],"wp:term":[{"taxonomy":"product_brand","embeddable":true,"href":"https:\/\/geniwal2.info-brihaye.lu\/es\/wp-json\/wp\/v2\/product_brand?post=5498"},{"taxonomy":"product_cat","embeddable":true,"href":"https:\/\/geniwal2.info-brihaye.lu\/es\/wp-json\/wp\/v2\/product_cat?post=5498"},{"taxonomy":"product_tag","embeddable":true,"href":"https:\/\/geniwal2.info-brihaye.lu\/es\/wp-json\/wp\/v2\/product_tag?post=5498"}],"curies":[{"name":"wp","href":"https:\/\/api.w.org\/{rel}","templated":true}]}}