{"id":5930,"date":"2020-05-10T00:28:24","date_gmt":"2020-05-09T22:28:24","guid":{"rendered":"https:\/\/geniwal2.info-brihaye.lu\/?post_type=product&#038;p=5930"},"modified":"2020-09-22T09:29:04","modified_gmt":"2020-09-22T07:29:04","slug":"retrouver-ses-ancetres-espagnols-3e-edition-2020","status":"publish","type":"product","link":"https:\/\/geniwal2.info-brihaye.lu\/es\/boutique\/guides\/retrouver-ses-ancetres-espagnols-3e-edition-2020\/","title":{"rendered":"C\u00f3mo encontrar a sus antepasados espa\u00f1oles 3\u00aa edici\u00f3n 2020"},"content":{"rendered":"<h3><strong>RESUMEN<\/strong><\/h3>\n<p>En el siglo XIX, y sobre todo en el XX, Francia fue tierra de acogida para los espa\u00f1oles expulsados de su pa\u00eds por la pobreza o la pol\u00edtica. El primer apellido espa\u00f1ol en frecuencia, llevado por menos de mil personas en Francia en 1900, Garc\u00eda es hoy el octavo apellido m\u00e1s com\u00fan en Francia. Esto demuestra que millones de franceses tienen ahora espa\u00f1oles en su \u00e1rbol geneal\u00f3gico. \u00bfC\u00f3mo encontrar a estos antepasados del otro lado de los Pirineos?<\/p>\n<p>Esta gu\u00eda pr\u00e1ctica vincula la genealog\u00eda con la historia: si sabe cu\u00e1ndo emigr\u00f3 su antepasado espa\u00f1ol y comprende el contexto hist\u00f3rico de la \u00e9poca, sabr\u00e1 qu\u00e9 archivos buscar en Francia. Porque la investigaci\u00f3n empieza aqu\u00ed. Son los documentos que obran en poder de la familia o que se encuentran en los fondos de nuestros archivos departamentales los que proporcionan nombres, fechas y lugares suficientemente precisos para proseguir la b\u00fasqueda en Espa\u00f1a. El acceso a los documentos en Espa\u00f1a no es el mismo que aqu\u00ed, ni los lugares donde se conservan, y la genealog\u00eda no es a\u00fan un pasatiempo de masas. Pero con diplomacia, perseverancia y paciencia, podr\u00e1 rastrear su \u00e1rbol hasta el pasado, ya que los archivos parroquiales comienzan generalmente en el siglo XVI, y la digitalizaci\u00f3n est\u00e1 cada vez m\u00e1s extendida. Este libro le guiar\u00e1 paso a paso<\/p>\n<h3><strong>AUTORES<\/strong><\/h3>\n<p>Val\u00e9rie Franco-Courtillet fund\u00f3 la asociaci\u00f3n Gen-Ib\u00e9rica para ayudar a las personas a rastrear sus antepasados en Espa\u00f1a. Miembro de la asociaci\u00f3n Les jeunes et la g\u00e9n\u00e9alogie (Los j\u00f3venes y la genealog\u00eda), en 2011 public\u00f3 Se d\u00e9couvrir par l'arbre g\u00e9n\u00e9alogique (Desc\u00fabrete a trav\u00e9s de tu \u00e1rbol geneal\u00f3gico), el primer libro sobre este tema publicado por el Ministerio de Educaci\u00f3n franc\u00e9s.<\/p>\n<p>M\u00e9lanie Ruiz, cofundadora de Gen-Ib\u00e9rica, fue la secretaria de la asociaci\u00f3n.<\/p>\n<p>Brigitte Sancho-Bourdenet sucedi\u00f3 a Val\u00e9rie Franco en la presidencia en 2017.<\/p>\n<p>Isabelle Tornel-Gomez tom\u00f3 el relevo de Brigitte como secretaria en 2017.<\/p>\n<p>Todas son hijas o nietas de espa\u00f1oles llegados a Francia con motivo de la Primera Guerra Mundial o de la Retirada de 1939.<\/p>\n<p>Con contribuciones de \u00c9ric y Christiane Jariod para el cap\u00edtulo sobre los archivos religiosos, y el cap\u00edtulo sobre las series M y W de los archivos departamentales.<\/p>","protected":false},"excerpt":{"rendered":"<p>R\u00e9f\u00e9rence : 701015<br \/>\nUGS : 978-2-35077-195-3<br \/>\n128 pages broch\u00e9es \/ format 17 x 24 cm<\/p>\n<div class=\"woocommerce-product-details__short-description\">\n<div>\n<h3><span style=\"color: #ff0000;\"><b>Plazo de entrega 10 d\u00edas desde la recepci\u00f3n del pago<br \/>\n<b style=\"color: #ff0000;\">Quantit\u00e9 maximum par commande : 2<\/b><br \/>\n<\/b><\/span><\/h3>\n<\/div>\n<\/div>\n<form class=\"cart\" action=\"https:\/\/geniwal2.info-brihaye.lu\/es\/produit\/retracer-lhistoire-de-sa-commune\/\" enctype=\"multipart\/form-data\" method=\"post\" data-trp-original-action=\"https:\/\/geniwal2.info-brihaye.lu\/produit\/retracer-lhistoire-de-sa-commune\/\">\n<div class=\"quantity buttons_added\"><\/div>\n<input type=\"hidden\" name=\"trp-form-language\" value=\"es\"\/><\/form>","protected":false},"featured_media":5931,"comment_status":"closed","ping_status":"closed","template":"","meta":{"_et_pb_use_builder":"","_et_pb_old_content":"","_et_gb_content_width":""},"product_brand":[],"product_cat":[112],"product_tag":[204],"class_list":{"0":"post-5930","1":"product","2":"type-product","3":"status-publish","4":"has-post-thumbnail","6":"product_cat-guides","7":"product_tag-204","9":"first","10":"instock","11":"taxable","12":"shipping-taxable","13":"purchasable","14":"product-type-simple"},"_links":{"self":[{"href":"https:\/\/geniwal2.info-brihaye.lu\/es\/wp-json\/wp\/v2\/product\/5930","targetHints":{"allow":["GET"]}}],"collection":[{"href":"https:\/\/geniwal2.info-brihaye.lu\/es\/wp-json\/wp\/v2\/product"}],"about":[{"href":"https:\/\/geniwal2.info-brihaye.lu\/es\/wp-json\/wp\/v2\/types\/product"}],"replies":[{"embeddable":true,"href":"https:\/\/geniwal2.info-brihaye.lu\/es\/wp-json\/wp\/v2\/comments?post=5930"}],"wp:featuredmedia":[{"embeddable":true,"href":"https:\/\/geniwal2.info-brihaye.lu\/es\/wp-json\/wp\/v2\/media\/5931"}],"wp:attachment":[{"href":"https:\/\/geniwal2.info-brihaye.lu\/es\/wp-json\/wp\/v2\/media?parent=5930"}],"wp:term":[{"taxonomy":"product_brand","embeddable":true,"href":"https:\/\/geniwal2.info-brihaye.lu\/es\/wp-json\/wp\/v2\/product_brand?post=5930"},{"taxonomy":"product_cat","embeddable":true,"href":"https:\/\/geniwal2.info-brihaye.lu\/es\/wp-json\/wp\/v2\/product_cat?post=5930"},{"taxonomy":"product_tag","embeddable":true,"href":"https:\/\/geniwal2.info-brihaye.lu\/es\/wp-json\/wp\/v2\/product_tag?post=5930"}],"curies":[{"name":"wp","href":"https:\/\/api.w.org\/{rel}","templated":true}]}}