{"id":5948,"date":"2020-05-10T08:15:39","date_gmt":"2020-05-10T06:15:39","guid":{"rendered":"https:\/\/geniwal2.info-brihaye.lu\/?post_type=product&#038;p=5948"},"modified":"2022-02-11T18:11:03","modified_gmt":"2022-02-11T17:11:03","slug":"limmigration-oubliee-des-belges-en-france","status":"publish","type":"product","link":"https:\/\/geniwal2.info-brihaye.lu\/es\/boutique\/guides\/limmigration-oubliee-des-belges-en-france\/","title":{"rendered":"La olvidada inmigraci\u00f3n de belgas a Francia"},"content":{"rendered":"<p><strong>RESUMEN<\/strong><\/p>\n<p>La inmigraci\u00f3n belga en Francia es la m\u00e1s antigua (principios del siglo XIX) y la m\u00e1s numerosa: millones de franceses tienen ascendencia flamenca y valona. Sin embargo, el recuerdo parece haberse desvanecido. Si no fuera por los nombres que suenan a flamenco en las gu\u00edas telef\u00f3nicas y en los monumentos de guerra de las ciudades del Norte y del Pas-de-Calais, \u00bfqui\u00e9n se acordar\u00eda de que la primera inmigraci\u00f3n fue belga?<\/p>\n<p>Buscando a sus antepasados de las regiones de Tournai y Gante, Jean-Pierre Popelier ha recorrido la historia de miles de hombres y familias que vinieron a buscar trabajo en las granjas, las minas y las f\u00e1bricas del Norte, el Pas-de-Calais y, a veces, regiones m\u00e1s alejadas de Francia. No siempre bien acogidos por la poblaci\u00f3n local, y explotados en mayor medida que los trabajadores franceses por empresarios deseosos de encontrar una mano de obra d\u00f3cil y eficaz, se mezclaron con gentes cuya historia hab\u00edan compartido, en funci\u00f3n de los azares de la guerra, y que eran sus hermanos en la miseria y la esperanza.<\/p>\n<p>Esta obra excepcional se basa en relatos personales y documentos de archivo para narrar la vida cotidiana de estos primeros emigrantes econ\u00f3micos. Es una historia que deber\u00eda conmovernos a todos.<\/p>\n<p><strong>AUTOR<\/strong><\/p>\n<p>Jean-Pierre Popelier naci\u00f3 en Roubaix en el seno de una familia de origen belga. Desde hace casi veinticinco a\u00f1os se dedica principalmente a la historia com\u00fan de B\u00e9lgica y Francia, y m\u00e1s concretamente de la regi\u00f3n de Hauts-de-France. Para ello, estudi\u00f3 Historia y realiz\u00f3 un Master 2 en la EHESS sobre el tema.<\/p>","protected":false},"excerpt":{"rendered":"<p>R\u00e9f\u00e9rence : 701018<br \/>\nUGS : 9782350773438<br \/>\n<b style=\"color: #ff0000;\">Plazo de entrega 10 d\u00edas desde la recepci\u00f3n del pago<br \/>\nQuantit\u00e9 maximum par commande : 2<br \/>\n<\/b><\/p>\n<form class=\"cart\" action=\"https:\/\/geniwal2.info-brihaye.lu\/es\/produit\/retracer-lhistoire-de-sa-commune\/\" enctype=\"multipart\/form-data\" method=\"post\" data-trp-original-action=\"https:\/\/geniwal2.info-brihaye.lu\/produit\/retracer-lhistoire-de-sa-commune\/\">\n<div class=\"quantity buttons_added\"><\/div>\n<input type=\"hidden\" name=\"trp-form-language\" value=\"es\"\/><\/form>\n<p>&nbsp;<\/p>","protected":false},"featured_media":5950,"comment_status":"closed","ping_status":"closed","template":"","meta":{"_et_pb_use_builder":"","_et_pb_old_content":"","_et_gb_content_width":""},"product_brand":[],"product_cat":[112],"product_tag":[198],"class_list":{"0":"post-5948","1":"product","2":"type-product","3":"status-publish","4":"has-post-thumbnail","6":"product_cat-guides","7":"product_tag-198","9":"first","10":"instock","11":"taxable","12":"shipping-taxable","13":"purchasable","14":"product-type-simple"},"_links":{"self":[{"href":"https:\/\/geniwal2.info-brihaye.lu\/es\/wp-json\/wp\/v2\/product\/5948","targetHints":{"allow":["GET"]}}],"collection":[{"href":"https:\/\/geniwal2.info-brihaye.lu\/es\/wp-json\/wp\/v2\/product"}],"about":[{"href":"https:\/\/geniwal2.info-brihaye.lu\/es\/wp-json\/wp\/v2\/types\/product"}],"replies":[{"embeddable":true,"href":"https:\/\/geniwal2.info-brihaye.lu\/es\/wp-json\/wp\/v2\/comments?post=5948"}],"wp:featuredmedia":[{"embeddable":true,"href":"https:\/\/geniwal2.info-brihaye.lu\/es\/wp-json\/wp\/v2\/media\/5950"}],"wp:attachment":[{"href":"https:\/\/geniwal2.info-brihaye.lu\/es\/wp-json\/wp\/v2\/media?parent=5948"}],"wp:term":[{"taxonomy":"product_brand","embeddable":true,"href":"https:\/\/geniwal2.info-brihaye.lu\/es\/wp-json\/wp\/v2\/product_brand?post=5948"},{"taxonomy":"product_cat","embeddable":true,"href":"https:\/\/geniwal2.info-brihaye.lu\/es\/wp-json\/wp\/v2\/product_cat?post=5948"},{"taxonomy":"product_tag","embeddable":true,"href":"https:\/\/geniwal2.info-brihaye.lu\/es\/wp-json\/wp\/v2\/product_tag?post=5948"}],"curies":[{"name":"wp","href":"https:\/\/api.w.org\/{rel}","templated":true}]}}