{"id":5964,"date":"2020-05-10T14:32:02","date_gmt":"2020-05-10T12:32:02","guid":{"rendered":"https:\/\/geniwal2.info-brihaye.lu\/?post_type=product&#038;p=5964"},"modified":"2024-12-15T11:00:44","modified_gmt":"2024-12-15T10:00:44","slug":"manuel-de-paleographie-nord-pas-de-calais-flandre-et-wallonie","status":"publish","type":"product","link":"https:\/\/geniwal2.info-brihaye.lu\/es\/boutique\/guides\/manuel-de-paleographie-nord-pas-de-calais-flandre-et-wallonie\/","title":{"rendered":"Manual de paleograf\u00eda de Nord-Pas-de-Calais, Flandes y Valonia"},"content":{"rendered":"<p><strong>RESUMEN<\/strong><\/p>\n<p>Es imposible hacer genealog\u00eda sin encontrarse alguna vez con problemas para descifrar documentos antiguos. La lectura regular, repetida y, sobre todo, progresiva de documentos antiguos contribuye al aprendizaje individual de la paleograf\u00eda. Pero esto puede parecer mucho tiempo al investigador impaciente o a la persona que trabaja en archivos digitalizados en l\u00ednea, cuya lectura es un poco menos f\u00e1cil. En cuanto a los que pasan de los registros parroquiales a sumergirse en documentos notariales, jur\u00eddicos o fiscales, encuentran nuevas dificultades relacionadas con las abreviaturas profesionales y sienten la necesidad de una herramienta que les ayude.<\/p>\n<p>Por \u00faltimo, pero no por ello menos importante, las caracter\u00edsticas espec\u00edficas de la regi\u00f3n suponen un obst\u00e1culo adicional para quien no est\u00e9 familiarizado con los archivos locales. Esta vasta regi\u00f3n, definida hist\u00f3ricamente como los antiguos Pa\u00edses Bajos austriacos, se extiende hoy a caballo entre varios pa\u00edses, entre ellos Francia y B\u00e9lgica. Presenta dificultades ligadas a la lengua utilizada (a menudo lat\u00edn, pero tambi\u00e9n, seg\u00fan el sector y la \u00e9poca, flamenco, alem\u00e1n y franc\u00e9s) y a la escritura (g\u00f3tica en las provincias orientales).<\/p>\n<p>El objetivo de este libro de paleograf\u00eda francobelga es ense\u00f1arle a leer m\u00e1s r\u00e1pidamente los textos antiguos de estas regiones de los siglos XVI al XX y ayudarle a descubrir la evoluci\u00f3n hist\u00f3rica local.<\/p>\n<p><strong>AUTOR<\/strong><\/p>\n<p>Los tres autores son miembros de la asociaci\u00f3n geneal\u00f3gica valona Geniwal. Thomas Delvaux publica art\u00edculos en www.morinie.com para sensibilizar al p\u00fablico sobre la historia de Hauts-de-France. Ha publicado varias obras hist\u00f3ricas y geneal\u00f3gicas, entre ellas L'histoire et g\u00e9n\u00e9alogie des Van Pradelles (2016). Yves Heraly, antiguo tesorero del Cercle d'histoire, d'arch\u00e9ologie et de g\u00e9n\u00e9alogie de Wavre et du Brabant wallon, fund\u00f3 en 1998 la asociaci\u00f3n G\u00e9niWal (G\u00e9n\u00e9alogie Wallonie Informatique), de la que es presidente. Robert Van Hecke, miembro de G\u00e9niWal desde sus inicios, imparte cursos de paleograf\u00eda en las secciones de Namur y Brabante-Wall\u00f3n. Escribe art\u00edculos para el Mouvement dynastique belge, secci\u00f3n Brabant-Wallon, sobre las primeras medallas belgas y los voluntarios de la revoluci\u00f3n belga de 1830.<\/p>","protected":false},"excerpt":{"rendered":"<p>R\u00e9f\u00e9rence : 700064<br \/>\nUGS : 9782350773056<br \/>\n210 pages broch\u00e9es \/ format 21 X 29,7 cm<br \/>\n<b style=\"color: #ff0000;\">Plazo de entrega 10 d\u00edas desde la recepci\u00f3n del pago<br \/>\nQuantit\u00e9 maximum par commande : 1<br \/>\n<\/b><\/p>\n<form class=\"cart\" action=\"https:\/\/geniwal2.info-brihaye.lu\/es\/produit\/retracer-lhistoire-de-sa-commune\/\" enctype=\"multipart\/form-data\" method=\"post\" data-trp-original-action=\"https:\/\/geniwal2.info-brihaye.lu\/produit\/retracer-lhistoire-de-sa-commune\/\">\n<div class=\"quantity buttons_added\"><\/div>\n<input type=\"hidden\" name=\"trp-form-language\" value=\"es\"\/><\/form>","protected":false},"featured_media":5953,"comment_status":"closed","ping_status":"closed","template":"","meta":{"_et_pb_use_builder":"","_et_pb_old_content":"","_et_gb_content_width":""},"product_brand":[],"product_cat":[112],"product_tag":[196],"class_list":{"0":"post-5964","1":"product","2":"type-product","3":"status-publish","4":"has-post-thumbnail","6":"product_cat-guides","7":"product_tag-196","9":"first","10":"instock","11":"taxable","12":"shipping-taxable","13":"purchasable","14":"product-type-simple"},"_links":{"self":[{"href":"https:\/\/geniwal2.info-brihaye.lu\/es\/wp-json\/wp\/v2\/product\/5964","targetHints":{"allow":["GET"]}}],"collection":[{"href":"https:\/\/geniwal2.info-brihaye.lu\/es\/wp-json\/wp\/v2\/product"}],"about":[{"href":"https:\/\/geniwal2.info-brihaye.lu\/es\/wp-json\/wp\/v2\/types\/product"}],"replies":[{"embeddable":true,"href":"https:\/\/geniwal2.info-brihaye.lu\/es\/wp-json\/wp\/v2\/comments?post=5964"}],"wp:featuredmedia":[{"embeddable":true,"href":"https:\/\/geniwal2.info-brihaye.lu\/es\/wp-json\/wp\/v2\/media\/5953"}],"wp:attachment":[{"href":"https:\/\/geniwal2.info-brihaye.lu\/es\/wp-json\/wp\/v2\/media?parent=5964"}],"wp:term":[{"taxonomy":"product_brand","embeddable":true,"href":"https:\/\/geniwal2.info-brihaye.lu\/es\/wp-json\/wp\/v2\/product_brand?post=5964"},{"taxonomy":"product_cat","embeddable":true,"href":"https:\/\/geniwal2.info-brihaye.lu\/es\/wp-json\/wp\/v2\/product_cat?post=5964"},{"taxonomy":"product_tag","embeddable":true,"href":"https:\/\/geniwal2.info-brihaye.lu\/es\/wp-json\/wp\/v2\/product_tag?post=5964"}],"curies":[{"name":"wp","href":"https:\/\/api.w.org\/{rel}","templated":true}]}}