{"id":5968,"date":"2020-05-10T14:48:19","date_gmt":"2020-05-10T12:48:19","guid":{"rendered":"https:\/\/geniwal2.info-brihaye.lu\/?post_type=product&#038;p=5968"},"modified":"2025-03-01T21:40:59","modified_gmt":"2025-03-01T20:40:59","slug":"papy-mamie-raconte-moi-tes-souvenirs","status":"publish","type":"product","link":"https:\/\/geniwal2.info-brihaye.lu\/es\/boutique\/guides\/papy-mamie-raconte-moi-tes-souvenirs\/","title":{"rendered":"\u00a1Abuelo! \u00a1Abuelita! \u00a1Dime lo que recuerdas!"},"content":{"rendered":"<p><strong>RESUMEN <\/strong><\/p>\n<p>Yo: \"\u00bfVivir sin televisi\u00f3n, tabletas ni ordenadores? \u00bfEs imposible?<\/p>\n<p>Pero los abuelos no ten\u00edan cuando ten\u00edan mi edad.<\/p>\n<p>\u00bfY qu\u00e9 hicieron? Son mayores, pero tambi\u00e9n fueron a la escuela.<\/p>\n<p>Laquelle ? \u00c9taient-ils sages ou diablotins ?&#8230; Et leur famille ?<\/p>\n<p>\u00bfConoc\u00edan a sus abuelos? \u00bfA sus bisabuelos?<\/p>\n<p>Et qui \u00e9tait leur cousin pr\u00e9f\u00e9r\u00e9 ?&#8230; \u00bb<\/p>\n<p>Abuelos: \"La familia, la escuela de nuestra infancia, nuestros trabajos,<\/p>\n<p>La vida cotidiana en el pasado... Tantos temas que recordamos pero que no sabemos c\u00f3mo contar a las nuevas generaciones. \u00bfPor d\u00f3nde empezamos?<\/p>\n<p>C\u00f3mo convertir nuestros recuerdos en una forma divertida de compartirlos<\/p>\n<p>avec nos petits-enfants ?&#8230; \u00bb<\/p>\n<p>Preguntas que vuelan, respuestas que enganchan al intercambio, frisos<\/p>\n<p>L\u00edneas cronol\u00f3gicas e informaci\u00f3n para hacer pensar, juegos para completar juntos el fin de semana o durante las vacaciones...<\/p>\n<p><strong>AUTOR<\/strong><\/p>\n<p>Sophie Bunel es una maestra de escuela que ha puesto sus habilidades pedag\u00f3gicas, su experiencia de trabajo con ni\u00f1os de todas las clases sociales y sus conocimientos de genealog\u00eda y de las historias de vida de los ancianos al servicio del di\u00e1logo entre abuelos y nietos. Un precioso libro de actividades para compartir con toda la familia.<\/p>","protected":false},"excerpt":{"rendered":"<p>R\u00e9f\u00e9rence : 701029<br \/>\nUGS : 9782350773001<br \/>\n32 pages \/ 22 x 28 cm \/ 1 arbre g\u00e9n\u00e9alogique d\u00e9tachable \u00e0 remplir<br \/>\n<b style=\"color: #ff0000;\">Plazo de entrega 10 d\u00edas desde la recepci\u00f3n del pago<br \/>\nQuantit\u00e9 maximum par commande : 3<br \/>\n<\/b><\/p>\n<form class=\"cart\" action=\"https:\/\/geniwal2.info-brihaye.lu\/es\/produit\/retracer-lhistoire-de-sa-commune\/\" enctype=\"multipart\/form-data\" method=\"post\" data-trp-original-action=\"https:\/\/geniwal2.info-brihaye.lu\/produit\/retracer-lhistoire-de-sa-commune\/\">\n<div class=\"quantity buttons_added\"><\/div>\n<input type=\"hidden\" name=\"trp-form-language\" value=\"es\"\/><\/form>","protected":false},"featured_media":5956,"comment_status":"closed","ping_status":"closed","template":"","meta":{"_et_pb_use_builder":"","_et_pb_old_content":"","_et_gb_content_width":""},"product_brand":[],"product_cat":[112],"product_tag":[],"class_list":{"0":"post-5968","1":"product","2":"type-product","3":"status-publish","4":"has-post-thumbnail","6":"product_cat-guides","8":"first","9":"instock","10":"taxable","11":"shipping-taxable","12":"purchasable","13":"product-type-simple"},"_links":{"self":[{"href":"https:\/\/geniwal2.info-brihaye.lu\/es\/wp-json\/wp\/v2\/product\/5968","targetHints":{"allow":["GET"]}}],"collection":[{"href":"https:\/\/geniwal2.info-brihaye.lu\/es\/wp-json\/wp\/v2\/product"}],"about":[{"href":"https:\/\/geniwal2.info-brihaye.lu\/es\/wp-json\/wp\/v2\/types\/product"}],"replies":[{"embeddable":true,"href":"https:\/\/geniwal2.info-brihaye.lu\/es\/wp-json\/wp\/v2\/comments?post=5968"}],"wp:featuredmedia":[{"embeddable":true,"href":"https:\/\/geniwal2.info-brihaye.lu\/es\/wp-json\/wp\/v2\/media\/5956"}],"wp:attachment":[{"href":"https:\/\/geniwal2.info-brihaye.lu\/es\/wp-json\/wp\/v2\/media?parent=5968"}],"wp:term":[{"taxonomy":"product_brand","embeddable":true,"href":"https:\/\/geniwal2.info-brihaye.lu\/es\/wp-json\/wp\/v2\/product_brand?post=5968"},{"taxonomy":"product_cat","embeddable":true,"href":"https:\/\/geniwal2.info-brihaye.lu\/es\/wp-json\/wp\/v2\/product_cat?post=5968"},{"taxonomy":"product_tag","embeddable":true,"href":"https:\/\/geniwal2.info-brihaye.lu\/es\/wp-json\/wp\/v2\/product_tag?post=5968"}],"curies":[{"name":"wp","href":"https:\/\/api.w.org\/{rel}","templated":true}]}}