{"id":5971,"date":"2020-05-10T14:52:21","date_gmt":"2020-05-10T12:52:21","guid":{"rendered":"https:\/\/geniwal2.info-brihaye.lu\/?post_type=product&#038;p=5971"},"modified":"2022-06-03T21:54:51","modified_gmt":"2022-06-03T19:54:51","slug":"trouver-ses-ancetres-sur-internet-filae-com","status":"publish","type":"product","link":"https:\/\/geniwal2.info-brihaye.lu\/es\/boutique\/guides\/trouver-ses-ancetres-sur-internet-filae-com\/","title":{"rendered":"Encuentre a sus antepasados en Internet: Filae.com"},"content":{"rendered":"<p><strong>RESUMEN<\/strong><\/p>\n<p>La revoluci\u00f3n geneal\u00f3gica en la red, Filae es un acelerador de la investigaci\u00f3n. \u00bfSu raz\u00f3n de ser desde hace veinte a\u00f1os? Indexar libros antiguos, peri\u00f3dicos del siglo XIX, archivos, fondos documentales... para facilitar y agilizar a los historiadores familiares la vuelta al pasado. En primer lugar, con las bases de datos hist\u00f3ricas, entre ellas el colosal archivo de pensionistas del siglo XIX o de prisioneros de las dos guerras mundiales, en las que se puede buscar por nombre y recuperar una imagen del documento original. O el acceso en l\u00ednea a los registros parroquiales de las asociaciones colaboradoras. Luego est\u00e1 la gigantesca tarea de indexar los antiguos registros civiles y parte de los censos. Desde 2017, basta con teclear el nombre de un abuelo para que aparezca en el sitio la lista de registros y documentos de archivo relativos a \u00e9l. Haga clic en el que le interese y estar\u00e1 en la p\u00e1gina correcta del registro correcto en los archivos departamentales correctos, en casi cualquier lugar de Francia, \u00a1incluso con el registro correcto resaltado en coral! Esta gu\u00eda le ofrece todos los consejos necesarios para buscar y crear \u00e1rboles en este sitio, que se ha convertido en imprescindible.<\/p>\n<p>Tenga la seguridad de que el placer de la investigaci\u00f3n sigue ah\u00ed. Las genealog\u00edas no se construyen con un solo clic, y la investigaci\u00f3n contin\u00faa siempre rebotando de registro en registro. Pero lo que antes tardaba semanas en encontrarse, o lo que nunca pod\u00eda encontrarse, ahora, gracias a Filae, \u00a1est\u00e1 a un solo clic de rat\u00f3n y un calendario!<\/p>\n<p><strong>AUTOR<\/strong><\/p>\n<p>Guillerm Yann : en qu\u00eate de ses anc\u00eatres d\u00e8s l\u2019adolescence, Yann Guillerm a reconstitu\u00e9 son arbre tant en France qu\u2019\u00e0 l&rsquo;\u00e9tranger. Titulaire d\u2019une ma\u00eetrise en histoire et b\u00e9n\u00e9vole pour des associations, il a relev\u00e9 et index\u00e9 des registres paroissiaux et organis\u00e9 le d\u00e9pouillement des registres matricules des C\u00f4tes-d&rsquo;Armor. Il est d\u00e9j\u00e0 l\u2019auteur de Retrouver ses anc\u00eatres bretons, Archives d\u00e9partementales mode d\u2019emploi et le coauteur de Faire son arbre g\u00e9n\u00e9alogique par Internet.<\/p>","protected":false},"excerpt":{"rendered":"<p>R\u00e9f\u00e9rence : 701012<br \/>\nUGS : 978-2-35077-314-8<br \/>\n64 pages broch\u00e9es \/ format 17 x 24 cm<br \/>\n<b style=\"color: #ff0000;\">Plazo de entrega 10 d\u00edas desde la recepci\u00f3n del pago<br \/>\nQuantit\u00e9 maximum par commande : 3<br \/>\n<\/b><\/p>\n<form class=\"cart\" action=\"https:\/\/geniwal2.info-brihaye.lu\/es\/produit\/retracer-lhistoire-de-sa-commune\/\" enctype=\"multipart\/form-data\" method=\"post\" data-trp-original-action=\"https:\/\/geniwal2.info-brihaye.lu\/produit\/retracer-lhistoire-de-sa-commune\/\">\n<div class=\"quantity buttons_added\"><\/div>\n<input type=\"hidden\" name=\"trp-form-language\" value=\"es\"\/><\/form>","protected":false},"featured_media":5957,"comment_status":"closed","ping_status":"closed","template":"","meta":{"_et_pb_use_builder":"","_et_pb_old_content":"","_et_gb_content_width":""},"product_brand":[],"product_cat":[112],"product_tag":[],"class_list":{"0":"post-5971","1":"product","2":"type-product","3":"status-publish","4":"has-post-thumbnail","6":"product_cat-guides","8":"first","9":"outofstock","10":"taxable","11":"shipping-taxable","12":"purchasable","13":"product-type-simple"},"_links":{"self":[{"href":"https:\/\/geniwal2.info-brihaye.lu\/es\/wp-json\/wp\/v2\/product\/5971","targetHints":{"allow":["GET"]}}],"collection":[{"href":"https:\/\/geniwal2.info-brihaye.lu\/es\/wp-json\/wp\/v2\/product"}],"about":[{"href":"https:\/\/geniwal2.info-brihaye.lu\/es\/wp-json\/wp\/v2\/types\/product"}],"replies":[{"embeddable":true,"href":"https:\/\/geniwal2.info-brihaye.lu\/es\/wp-json\/wp\/v2\/comments?post=5971"}],"wp:featuredmedia":[{"embeddable":true,"href":"https:\/\/geniwal2.info-brihaye.lu\/es\/wp-json\/wp\/v2\/media\/5957"}],"wp:attachment":[{"href":"https:\/\/geniwal2.info-brihaye.lu\/es\/wp-json\/wp\/v2\/media?parent=5971"}],"wp:term":[{"taxonomy":"product_brand","embeddable":true,"href":"https:\/\/geniwal2.info-brihaye.lu\/es\/wp-json\/wp\/v2\/product_brand?post=5971"},{"taxonomy":"product_cat","embeddable":true,"href":"https:\/\/geniwal2.info-brihaye.lu\/es\/wp-json\/wp\/v2\/product_cat?post=5971"},{"taxonomy":"product_tag","embeddable":true,"href":"https:\/\/geniwal2.info-brihaye.lu\/es\/wp-json\/wp\/v2\/product_tag?post=5971"}],"curies":[{"name":"wp","href":"https:\/\/api.w.org\/{rel}","templated":true}]}}