{"id":6256,"date":"2020-09-15T15:45:24","date_gmt":"2020-09-15T13:45:24","guid":{"rendered":"https:\/\/geniwal2.info-brihaye.lu\/?post_type=product&#038;p=6256"},"modified":"2021-02-13T16:16:14","modified_gmt":"2021-02-13T15:16:14","slug":"jumet-recensement-de-1828","status":"publish","type":"product","link":"https:\/\/geniwal2.info-brihaye.lu\/es\/boutique\/genealogie\/jumet-recensement-de-1828\/","title":{"rendered":"Censo JUMET 1828"},"content":{"rendered":"<p>Pr\u00f3logo<\/p>\n<p>L&rsquo;\u00e9dition du pr\u00e9sent ouvrage est le fruit du travail de recherche de Yvon ORBAN dont l&rsquo;encodage des donn\u00e9es fut effectu\u00e9 par Gilberte ROUSSEAU. A la fin du volume, le lecteur trouvera un index des noms associ\u00e9s aux num\u00e9ros de r\u00e9f\u00e9rence des familles. Les auteurs esp\u00e8rent que cet ouvrage aidera les g\u00e9n\u00e9alogistes dans la recherche de leurs ascendants qui r\u00e9sidaient \u00e0 Jumet \u00e0 cette \u00e9poque.<\/p>\n<p>Gilberte ROUSSEAU \u03ee<\/p>","protected":false},"excerpt":{"rendered":"<p>Poids du livre 480 gr<br \/>\nDimension : 297 x 221<br \/>\n<b style=\"color: #ff0000;\">Plazo de entrega 10 d\u00edas desde la recepci\u00f3n del pago<br \/>\nQuantit\u00e9 maximum par commande : 2<\/b><\/p>","protected":false},"featured_media":6266,"comment_status":"closed","ping_status":"closed","template":"","meta":{"_et_pb_use_builder":"","_et_pb_old_content":"","_et_gb_content_width":""},"product_brand":[],"product_cat":[111],"product_tag":[],"class_list":{"0":"post-6256","1":"product","2":"type-product","3":"status-publish","4":"has-post-thumbnail","6":"product_cat-genealogie","8":"first","9":"instock","10":"taxable","11":"shipping-taxable","12":"purchasable","13":"product-type-simple"},"_links":{"self":[{"href":"https:\/\/geniwal2.info-brihaye.lu\/es\/wp-json\/wp\/v2\/product\/6256","targetHints":{"allow":["GET"]}}],"collection":[{"href":"https:\/\/geniwal2.info-brihaye.lu\/es\/wp-json\/wp\/v2\/product"}],"about":[{"href":"https:\/\/geniwal2.info-brihaye.lu\/es\/wp-json\/wp\/v2\/types\/product"}],"replies":[{"embeddable":true,"href":"https:\/\/geniwal2.info-brihaye.lu\/es\/wp-json\/wp\/v2\/comments?post=6256"}],"wp:featuredmedia":[{"embeddable":true,"href":"https:\/\/geniwal2.info-brihaye.lu\/es\/wp-json\/wp\/v2\/media\/6266"}],"wp:attachment":[{"href":"https:\/\/geniwal2.info-brihaye.lu\/es\/wp-json\/wp\/v2\/media?parent=6256"}],"wp:term":[{"taxonomy":"product_brand","embeddable":true,"href":"https:\/\/geniwal2.info-brihaye.lu\/es\/wp-json\/wp\/v2\/product_brand?post=6256"},{"taxonomy":"product_cat","embeddable":true,"href":"https:\/\/geniwal2.info-brihaye.lu\/es\/wp-json\/wp\/v2\/product_cat?post=6256"},{"taxonomy":"product_tag","embeddable":true,"href":"https:\/\/geniwal2.info-brihaye.lu\/es\/wp-json\/wp\/v2\/product_tag?post=6256"}],"curies":[{"name":"wp","href":"https:\/\/api.w.org\/{rel}","templated":true}]}}