{"id":6447,"date":"2020-12-16T09:15:32","date_gmt":"2020-12-16T08:15:32","guid":{"rendered":"https:\/\/geniwal2.info-brihaye.lu\/?post_type=product&#038;p=6447"},"modified":"2020-12-16T22:24:30","modified_gmt":"2020-12-16T21:24:30","slug":"tablette-senior-facilotab-l-wifi-3g-%ee%8c%94%ee%8c%95-tablette-facilotab-l-wifi-16-go-android-8-marque-alcatel-interface-simplifiee-pour-seniors","status":"publish","type":"product","link":"https:\/\/geniwal2.info-brihaye.lu\/es\/boutique\/outils\/tablette-senior-facilotab-l-wifi-3g-%ee%8c%94%ee%8c%95-tablette-facilotab-l-wifi-16-go-android-8-marque-alcatel-interface-simplifiee-pour-seniors\/","title":{"rendered":"TABLET FACILOTAB L - WIFI - 16 GB - ANDROID 8 - MARCA ALCATEL - INTERFAZ SIMPLIFICADA PARA MAYORES"},"content":{"rendered":"<p>&nbsp;<\/p>\n<p><iframe title=\"La tablette \u00e9volutive la plus simple du march\u00e9\" width=\"1080\" height=\"608\" data-src=\"https:\/\/www.youtube.com\/embed\/fJCjwZMxJdc?feature=oembed\" frameborder=\"0\" allow=\"accelerometer; autoplay; clipboard-write; encrypted-media; gyroscope; picture-in-picture; web-share\" allowfullscreen src=\"data:image\/svg+xml;base64,PHN2ZyB3aWR0aD0iMSIgaGVpZ2h0PSIxIiB4bWxucz0iaHR0cDovL3d3dy53My5vcmcvMjAwMC9zdmciPjwvc3ZnPg==\" class=\"lazyload\" data-load-mode=\"1\"><\/iframe><\/p>\n<p>&nbsp;<\/p>\n<h3>Una tableta simplificada para personas mayores:<\/h3>\n<p>&#8211; Ecran 10,1 pouces\u00a0(25,6 cm)<br \/>\n&#8211; R\u00e9solution 1280 x 800 pixels<br \/>\n&#8211; M\u00e9moire 16 Go (port micro SD pour extension m\u00e9moire)<br \/>\n&#8211; Toutes appli Android<br \/>\n&#8211; Syst\u00e8me Facilotab install\u00e9<br \/>\n&#8211; Poids : 415 grammes<\/p>\n<h3>Detalles t\u00e9cnicos:<\/h3>\n<p>&#8211; Sortie Audio 3,5 mm Jack pour brancher un casque ou un haut parleur<br \/>\n&#8211; Connecteur\u00a0Micro USB pour brancher\u00a0une clef USB ou un ordinateur<br \/>\n&#8211; 1 cam\u00e9ra en face avant et 1 camera en face arri\u00e8re 2MP<\/p>\n<h3>Incluido en la caja:<\/h3>\n<p>&#8211; 1 Tablette avec les syst\u00e8mes Android et Facilotab install\u00e9s<br \/>\n&#8211; 1 Chargeur (par le port USB)<br \/>\n&#8211; 1 cable USB<br \/>\n&#8211; 1 Guide d&rsquo;utilisateur en fran\u00e7ais<\/p>\n<h3>Las ventajas de Facilotab :<\/h3>\n<p>&#8211; Syst\u00e8me simplifi\u00e9 et \u00e9prouv\u00e9 aupr\u00e8s d&rsquo;un large public<br \/>\n&#8211; Inclus les mises \u00e0 jour gratuites du syst\u00e8me Facilotab<br \/>\n&#8211; 30 minutes d&rsquo;assistance t\u00e9l\u00e9phonique offertes<br \/>\n&#8211; Acc\u00e8s \u00e0 distance de la tablette pour les proches autoris\u00e9s (Installation d&rsquo;applications, gestion des contacts &#8230;)<br \/>\n&#8211; Sans abonnement<br \/>\n&#8211; Logiciel et application con\u00e7us et d\u00e9velopp\u00e9s en France<\/p>\n<p>2 a\u00f1os de garant\u00eda del fabricante<\/p>\n<h3>Opci\u00f3n:<\/h3>\n<p>Recomendamos el soporte de aluminio de 2 posiciones, que proporciona a la tableta una buena inclinaci\u00f3n y estabilidad.<\/p>","protected":false},"excerpt":{"rendered":"<p><strong>Facilotab<\/strong>\u00a0es una tableta simplificada que\u00a0<strong>r\u00e1pido de aprender<\/strong>. C&rsquo;est un mat\u00e9riel simple et moderne dot\u00e9e d\u2019une messagerie simplifi\u00e9e pour envoyer et recevoir e-mail et photos ! Communiquez avec ses proches devient un jeu d\u2019enfant m\u00eame pour les n\u00e9ophytes en informatique.<br \/>\nGracias a la\u00a0<strong>navegador web simplificado y adaptado<\/strong>Disfruta de Internet con total tranquilidad. La tableta cuenta con un sistema de filtros que protegen a los usuarios de los riesgos de la Red. \u00a1No hay lugar para el mal uso!<br \/>\nEnfin, toutes les applications pr\u00e9sentes dans le Google Play Store sont t\u00e9l\u00e9chargeables sur les tablettes Facilotab. Augmentez ainsi les possibilit\u00e9s de votre tablette \u00e0 votre convenance.<\/p>\n<p>Grand \u00e9cran de 10,1 pouces &#8211; Internet par WiFi &#8211; Messagerie simplifi\u00e9e &#8211; Galerie photo &#8211; Acc\u00e8s Internet adapt\u00e9 &#8211; Ajout possible des applications Android de Google PlayStore &#8211; Prise de contr\u00f4le \u00e0 distance pour aider l&rsquo;utilisateur &#8211; Ecran d&rsquo;accueil personnalisable<\/p>\n<p><strong><span style=\"font-family: arial, helvetica, sans-serif;\">Pour les communications via Skype \/ WhatsApp \/ etc, cette tablette est parfaitement adapt\u00e9e.<\/span><\/strong><\/p>","protected":false},"featured_media":6448,"comment_status":"closed","ping_status":"closed","template":"","meta":{"_et_pb_use_builder":"","_et_pb_old_content":"","_et_gb_content_width":""},"product_brand":[],"product_cat":[114],"product_tag":[],"class_list":{"0":"post-6447","1":"product","2":"type-product","3":"status-publish","4":"has-post-thumbnail","6":"product_cat-outils","8":"first","9":"instock","10":"virtual","11":"taxable","12":"purchasable","13":"product-type-simple"},"_links":{"self":[{"href":"https:\/\/geniwal2.info-brihaye.lu\/es\/wp-json\/wp\/v2\/product\/6447","targetHints":{"allow":["GET"]}}],"collection":[{"href":"https:\/\/geniwal2.info-brihaye.lu\/es\/wp-json\/wp\/v2\/product"}],"about":[{"href":"https:\/\/geniwal2.info-brihaye.lu\/es\/wp-json\/wp\/v2\/types\/product"}],"replies":[{"embeddable":true,"href":"https:\/\/geniwal2.info-brihaye.lu\/es\/wp-json\/wp\/v2\/comments?post=6447"}],"wp:featuredmedia":[{"embeddable":true,"href":"https:\/\/geniwal2.info-brihaye.lu\/es\/wp-json\/wp\/v2\/media\/6448"}],"wp:attachment":[{"href":"https:\/\/geniwal2.info-brihaye.lu\/es\/wp-json\/wp\/v2\/media?parent=6447"}],"wp:term":[{"taxonomy":"product_brand","embeddable":true,"href":"https:\/\/geniwal2.info-brihaye.lu\/es\/wp-json\/wp\/v2\/product_brand?post=6447"},{"taxonomy":"product_cat","embeddable":true,"href":"https:\/\/geniwal2.info-brihaye.lu\/es\/wp-json\/wp\/v2\/product_cat?post=6447"},{"taxonomy":"product_tag","embeddable":true,"href":"https:\/\/geniwal2.info-brihaye.lu\/es\/wp-json\/wp\/v2\/product_tag?post=6447"}],"curies":[{"name":"wp","href":"https:\/\/api.w.org\/{rel}","templated":true}]}}