{"id":6576,"date":"2020-12-19T05:01:03","date_gmt":"2020-12-19T04:01:03","guid":{"rendered":"https:\/\/geniwal2.info-brihaye.lu\/?post_type=product&#038;p=6576"},"modified":"2021-02-16T21:37:57","modified_gmt":"2021-02-16T20:37:57","slug":"numerisateur-documents","status":"publish","type":"product","link":"https:\/\/geniwal2.info-brihaye.lu\/es\/boutique\/outils\/numerisateur-documents\/","title":{"rendered":"Esc\u00e1ner de documentos"},"content":{"rendered":"<p>ESCANEAR EN 1 SEGUNDO<\/p>\n<ul>\n<li>Para digitalizar sus documentos privados o archivos p\u00fablicos<br \/>\n- Registros, libros, fotos, etc.<br \/>\n- R\u00e1pido: aprox.\u00a0<strong>1 segundo <\/strong>por disparo.<br \/>\n- Conexi\u00f3n y funcionamiento ultrasencillos mediante enchufe\u00a0<strong>USB <\/strong>en su PC<br \/>\n- Guardar fotos en el disco duro<\/li>\n<\/ul>\n<p>Especificaciones t\u00e9cnicas<\/p>\n<ul>\n<li>Documento escaneable: A3 m\u00e1x.<br \/>\n- Resoluci\u00f3n: m\u00e1x. 2592 x 1944<br \/>\n- Formato de imagen: JPG, BMP, PNG, TIF y PDF<br \/>\n- Iluminaci\u00f3n integrada con 8 LED<br \/>\n- Interval\u00f3metro de gatillo ajustable<br \/>\n- Recorte y enderezamiento autom\u00e1ticos<br \/>\n- Activaci\u00f3n autom\u00e1tica por detector de movimiento<\/li>\n<\/ul>\n<p>Se suministra con :<\/p>\n<ul>\n<li>Software de controladores<br \/>\n- Cable USB<br \/>\n- Alfombrilla para centrar documentos<br \/>\n- Malet\u00edn de transporte<br \/>\n- Tutorial impreso<br \/>\n- Configuraci\u00f3n m\u00ednima: Windows 7 USB2<br \/>\n- 1 a\u00f1o de garant\u00eda<\/li>\n<\/ul>","protected":false},"excerpt":{"rendered":"<p>ESCANEAR EN 1 SEGUNDO<\/p>\n<ul>\n<li>Para digitalizar sus documentos privados o archivos p\u00fablicos<br \/>\n- Registros, libros, fotos, etc.<br \/>\n- R\u00e1pido: aprox.\u00a0<strong>1 segundo <\/strong>por disparo.<br \/>\n- Conexi\u00f3n y funcionamiento ultrasencillos mediante enchufe\u00a0<strong>USB <\/strong>en su PC<br \/>\n- Guardar fotos en el disco duro<\/li>\n<li><span style=\"color: #ff0000;\">Livraison comprise dans le prix (la livraison ne sera pas ajout\u00e9 lors de la validation de la commande pour cet article)<\/span><\/li>\n<\/ul>\n<p>&nbsp;<\/p>\n<p>Optionnel :<\/p>\n<ul>\n<li><strong>La p\u00e9dale de commande<\/strong> sert \u00e0 d\u00e9clencher la num\u00e9risation au pied. Elle lib\u00e8re ainsi les mains, ce qui vous permettra de tourner les pages ou d\u2019ajuster les documents sous le num\u00e9riseur.<\/li>\n<li><strong>Logiciel sur clef USB<\/strong> qui pilote votre num\u00e9riseur<\/li>\n<\/ul>\n<table style=\"border-collapse: collapse; width: 100%;\">\n<tbody>\n<tr>\n<td style=\"width: 50%; text-align: left;\">P\u00e9dale de commande<\/td>\n<td style=\"width: 50%; text-align: left;\">Logiciel sur clef USB<\/td>\n<\/tr>\n<tr>\n<td style=\"width: 50%;\"><img decoding=\"async\" class=\"wp-image-6571 alignleft lazyload\" data-src=\"https:\/\/geniwal2.info-brihaye.lu\/wp-content\/uploads\/2020\/12\/pedale1-300x136.jpg\" alt=\"\" width=\"137\" height=\"62\" src=\"data:image\/svg+xml;base64,PHN2ZyB3aWR0aD0iMSIgaGVpZ2h0PSIxIiB4bWxucz0iaHR0cDovL3d3dy53My5vcmcvMjAwMC9zdmciPjwvc3ZnPg==\" style=\"--smush-placeholder-width: 137px; --smush-placeholder-aspect-ratio: 137\/62;\" \/><\/td>\n<td style=\"width: 50%;\"><img decoding=\"async\" class=\"wp-image-6572 alignleft lazyload\" data-src=\"https:\/\/geniwal2.info-brihaye.lu\/wp-content\/uploads\/2020\/12\/clef-USB-1-100x49-1.png\" alt=\"\" width=\"135\" height=\"66\" src=\"data:image\/svg+xml;base64,PHN2ZyB3aWR0aD0iMSIgaGVpZ2h0PSIxIiB4bWxucz0iaHR0cDovL3d3dy53My5vcmcvMjAwMC9zdmciPjwvc3ZnPg==\" style=\"--smush-placeholder-width: 135px; --smush-placeholder-aspect-ratio: 135\/66;\" \/><\/td>\n<\/tr>\n<\/tbody>\n<\/table>\n<p>&nbsp;<\/p>","protected":false},"featured_media":6546,"comment_status":"closed","ping_status":"closed","template":"","meta":{"_et_pb_use_builder":"","_et_pb_old_content":"","_et_gb_content_width":""},"product_brand":[],"product_cat":[114],"product_tag":[230],"class_list":{"0":"post-6576","1":"product","2":"type-product","3":"status-publish","4":"has-post-thumbnail","6":"product_cat-outils","7":"product_tag-230","9":"first","10":"instock","11":"taxable","12":"shipping-taxable","13":"purchasable","14":"product-type-simple"},"_links":{"self":[{"href":"https:\/\/geniwal2.info-brihaye.lu\/es\/wp-json\/wp\/v2\/product\/6576","targetHints":{"allow":["GET"]}}],"collection":[{"href":"https:\/\/geniwal2.info-brihaye.lu\/es\/wp-json\/wp\/v2\/product"}],"about":[{"href":"https:\/\/geniwal2.info-brihaye.lu\/es\/wp-json\/wp\/v2\/types\/product"}],"replies":[{"embeddable":true,"href":"https:\/\/geniwal2.info-brihaye.lu\/es\/wp-json\/wp\/v2\/comments?post=6576"}],"wp:featuredmedia":[{"embeddable":true,"href":"https:\/\/geniwal2.info-brihaye.lu\/es\/wp-json\/wp\/v2\/media\/6546"}],"wp:attachment":[{"href":"https:\/\/geniwal2.info-brihaye.lu\/es\/wp-json\/wp\/v2\/media?parent=6576"}],"wp:term":[{"taxonomy":"product_brand","embeddable":true,"href":"https:\/\/geniwal2.info-brihaye.lu\/es\/wp-json\/wp\/v2\/product_brand?post=6576"},{"taxonomy":"product_cat","embeddable":true,"href":"https:\/\/geniwal2.info-brihaye.lu\/es\/wp-json\/wp\/v2\/product_cat?post=6576"},{"taxonomy":"product_tag","embeddable":true,"href":"https:\/\/geniwal2.info-brihaye.lu\/es\/wp-json\/wp\/v2\/product_tag?post=6576"}],"curies":[{"name":"wp","href":"https:\/\/api.w.org\/{rel}","templated":true}]}}