{"id":6629,"date":"2021-01-31T13:35:32","date_gmt":"2021-01-31T12:35:32","guid":{"rendered":"https:\/\/geniwal2.info-brihaye.lu\/?post_type=product&#038;p=6629"},"modified":"2022-03-10T19:57:04","modified_gmt":"2022-03-10T18:57:04","slug":"geneeurope-ou-chercher-sa-genealogie-sur-internet-en-europe-2021","status":"publish","type":"product","link":"https:\/\/geniwal2.info-brihaye.lu\/es\/boutique\/guides\/geneeurope-ou-chercher-sa-genealogie-sur-internet-en-europe-2021\/","title":{"rendered":"G\u00e9n\u00e9@Europe 2021"},"content":{"rendered":"<p><strong>RESUMEN <\/strong><\/p>\n<p><strong>Edici\u00f3n 2021<\/strong><\/p>\n<p><strong>\u00bfD\u00f3nde puede buscar su genealog\u00eda en Internet en Europa?<br \/>\n<\/strong>Hay muchas herramientas disponibles en Internet para ayudarle a descubrir las fechas, los lugares de residencia y paso de sus antepasados o sus ocupaciones; de ah\u00ed la utilidad de este libro, en el que encontrar\u00e1 direcciones de sitios web \"temporales\" o \"permanentes\" para obtener la informaci\u00f3n que necesita.<strong>\u00a0Pa\u00edses europeos<\/strong>Tambi\u00e9n encontrar\u00e1 informaci\u00f3n sobre c\u00f3mo compartir y comunicarse con otros genealogistas familiares en los medios sociales (como grupos de noticias o foros) y direcciones de genealogistas profesionales franc\u00f3fonos que pueden ayudarle.<\/p>\n<p>En varios pa\u00edses, los archivos nacionales y locales han digitalizado sus registros y documentos, y han puesto sus fotos en l\u00ednea. Numerosos \"portales\", sitios personales de car\u00e1cter asociativo o familiar, ofrecen registros de todo tipo (estado civil, electores, militares, censales, notariales, etc.) principalmente en forma de listas.<\/p>\n<p>Pa\u00edses mencionados en este libro: Andorra, Austria, B\u00e9lgica, Rep\u00fablica Checa, Dinamarca, Inglaterra, Estonia, Finlandia, Francia, Polinesia Francesa, Departamentos y Territorios de Ultramar, Alemania, Grecia, Hungr\u00eda, Isla de Man, Irlanda, Italia, Letonia, Liechtenstein, Lituania, Luxemburgo, Malta, M\u00f3naco, Pa\u00edses Bajos, Polonia, Portugal, Ruman\u00eda, Eslovaquia, Eslovenia, Espa\u00f1a, Suecia, Suiza, Ucrania, Escocia.<\/p>\n<p>Este libro le ahorrar\u00e1 un tiempo precioso en la investigaci\u00f3n geneal\u00f3gica o hist\u00f3rica, para que pueda construir el gigantesco \u00e1rbol que ser\u00e1 suyo.<\/p>\n<p><strong>AUTOR<\/strong><\/p>\n<p>Liliane Hierro N\u00e9e d&rsquo;un p\u00e8re espagnol et d&rsquo;une m\u00e8re fran\u00e7aise, Liliane Hierro est une g\u00e9n\u00e9alogiste professionnelle. Ses recherches g\u00e9n\u00e9alogiques familiales, qui ont \u00e9t\u00e9 r\u00e9alis\u00e9es dans quatre pays d&rsquo;Europe (Belgique, Espagne, France, Italie), lui ont permis de d\u00e9velopper une solide exp\u00e9rience dans ce domaine.<\/p>\n<p>Su inter\u00e9s por la investigaci\u00f3n en Internet se nutre de sus muchos a\u00f1os de experiencia profesional en el sector inform\u00e1tico.<\/p>\n<p>Liliane Hierro imparte regularmente conferencias sobre este tema en B\u00e9lgica, Luxemburgo y Francia:<\/p>","protected":false},"excerpt":{"rendered":"<p>R\u00e9f\u00e9rence : 705009<br \/>\nISSN\/2295-5364<br \/>\n120 pages broch\u00e9es \/ format 17 x 24 cm<br \/>\n<b style=\"color: #ff0000;\">Plazo de entrega 10 d\u00edas desde la recepci\u00f3n del pago<br \/>\nQuantit\u00e9 maximum par commande : 4<\/b><\/p>\n<form class=\"cart\" action=\"https:\/\/geniwal2.info-brihaye.lu\/es\/produit\/retracer-lhistoire-de-sa-commune\/\" enctype=\"multipart\/form-data\" method=\"post\" data-trp-original-action=\"https:\/\/geniwal2.info-brihaye.lu\/produit\/retracer-lhistoire-de-sa-commune\/\">\n<div class=\"quantity buttons_added\"><\/div>\n<input type=\"hidden\" name=\"trp-form-language\" value=\"es\"\/><\/form>","protected":false},"featured_media":6631,"comment_status":"closed","ping_status":"closed","template":"","meta":{"_et_pb_use_builder":"","_et_pb_old_content":"","_et_gb_content_width":""},"product_brand":[],"product_cat":[112],"product_tag":[],"class_list":{"0":"post-6629","1":"product","2":"type-product","3":"status-publish","4":"has-post-thumbnail","6":"product_cat-guides","8":"first","9":"instock","10":"taxable","11":"shipping-taxable","12":"purchasable","13":"product-type-simple"},"_links":{"self":[{"href":"https:\/\/geniwal2.info-brihaye.lu\/es\/wp-json\/wp\/v2\/product\/6629","targetHints":{"allow":["GET"]}}],"collection":[{"href":"https:\/\/geniwal2.info-brihaye.lu\/es\/wp-json\/wp\/v2\/product"}],"about":[{"href":"https:\/\/geniwal2.info-brihaye.lu\/es\/wp-json\/wp\/v2\/types\/product"}],"replies":[{"embeddable":true,"href":"https:\/\/geniwal2.info-brihaye.lu\/es\/wp-json\/wp\/v2\/comments?post=6629"}],"wp:featuredmedia":[{"embeddable":true,"href":"https:\/\/geniwal2.info-brihaye.lu\/es\/wp-json\/wp\/v2\/media\/6631"}],"wp:attachment":[{"href":"https:\/\/geniwal2.info-brihaye.lu\/es\/wp-json\/wp\/v2\/media?parent=6629"}],"wp:term":[{"taxonomy":"product_brand","embeddable":true,"href":"https:\/\/geniwal2.info-brihaye.lu\/es\/wp-json\/wp\/v2\/product_brand?post=6629"},{"taxonomy":"product_cat","embeddable":true,"href":"https:\/\/geniwal2.info-brihaye.lu\/es\/wp-json\/wp\/v2\/product_cat?post=6629"},{"taxonomy":"product_tag","embeddable":true,"href":"https:\/\/geniwal2.info-brihaye.lu\/es\/wp-json\/wp\/v2\/product_tag?post=6629"}],"curies":[{"name":"wp","href":"https:\/\/api.w.org\/{rel}","templated":true}]}}