{"id":227186,"date":"2024-12-04T08:16:06","date_gmt":"2024-12-04T07:16:06","guid":{"rendered":"https:\/\/geniwal2.info-brihaye.lu\/?post_type=product&#038;p=227186"},"modified":"2025-03-02T15:42:51","modified_gmt":"2025-03-02T14:42:51","slug":"retrouver-ses-ancetres-protestants","status":"publish","type":"product","link":"https:\/\/geniwal2.info-brihaye.lu\/it\/boutique\/guides\/retrouver-ses-ancetres-protestants\/","title":{"rendered":"Trova i tuoi antenati protestanti"},"content":{"rendered":"<p>Vittime di persecuzioni, gli ugonotti sono stati difficili da identificare, localizzare e rintracciare tra il 1685 (revoca dell'Editto di Nantes) e la Rivoluzione francese. Eppure sono presenti nei nostri alberi, non solo nelle C\u00e9vennes e nel Poitou, ma anche in molte altre regioni della Francia. Come possiamo trovarli se non possiamo fare affidamento sui tradizionali registri parrocchiali - battesimi, matrimoni e sepolture? Questa breve guida alla genealogia protestante fornisce indicazioni amministrative e geografiche, consigli e indicazioni metodologiche per diversi periodi, in Francia e all'estero, dal XVI secolo ai giorni nostri, per aiutarvi a cercare e trovare i vostri antenati protestanti.<\/p>\n<p><strong>Maggiori dettagli<\/strong><\/p>\n<p>Sebbene la disponibilit\u00e0 di un'ampia gamma di fonti online abbia facilitato notevolmente la genealogia, l'enorme numero di fonti, la loro dispersione, la classificazione e l'interpretazione possono lasciare perplessi anche i ricercatori pi\u00f9 esperti.<\/p>\n<p>Alcune ricerche sono ulteriormente complicate dal contesto storico, politico, geografico e sociale: \u00e8 il caso dei non cattolici in Francia, in particolare dei protestanti, una minoranza religiosa che per lungo tempo ha dovuto vivere in clandestinit\u00e0 o andare in esilio per mantenere la propria fede. Vittime di persecuzioni, questi ugonotti sono stati difficili da identificare, localizzare e rintracciare tra il 1685 (revoca dell'Editto di Nantes) e la Rivoluzione francese. Eppure sono presenti nei nostri alberi, non solo nelle C\u00e9vennes e nel Poitou, ma anche in molte altre regioni della Francia. Come possiamo trovarli se non possiamo fare affidamento sui tradizionali registri parrocchiali - battesimi, matrimoni e sepolture?<\/p>\n<p>Questa breve guida alla genealogia protestante fornisce indicazioni amministrative e geografiche, consigli e indicazioni metodologiche a seconda del periodo, in Francia e all'estero, dal XVI secolo a oggi, per cercare e trovare gli antenati protestanti.<\/p>\n<p><b>L&rsquo;auteur du livre, Justine Berli\u00e8re<\/b><\/p>\n<ul>\n<li>L'autrice, Justine Berli\u00e8re, archivista e paleografa, capo curatore del patrimonio, \u00e8 direttrice dell'archivio dipartimentale di Corr\u00e8ze. La sua tesi su\u00a0<em>La polizia a Parigi durante il Secolo dei Lumi: i commissari del quartiere del Louvre nella seconda met\u00e0 del XVIII secolo<\/em>\u00a0\u00e8 stato pubblicato dall'\u00c9cole des Chartes. Ha anche scritto un thriller genealogico,\u00a0<em>Le Silence des maquis,<\/em>\u00a0che ricorda, tra l'altro, la repressione dei protestanti da parte di Luigi XIV e il loro esilio.<\/li>\n<\/ul>","protected":false},"excerpt":{"rendered":"<p><strong>R\u00e9f\u00e9rence :<\/strong> Trova i tuoi antenati protestanti<\/p>\n<p>Auteur : Justine Berli\u00e8re<\/p>\n<p>Editions : Archives et Cultures<\/p>\n<p>64 pages broch\u00e9es \/ format 17\u00a0X 24 cm<\/p>\n<h3><span style=\"color: #ff0000;\"><b>Tempi di consegna 10 giorni dal ricevimento del pagamento<\/b><\/span><\/h3>","protected":false},"featured_media":227187,"comment_status":"closed","ping_status":"closed","template":"","meta":{"_et_pb_use_builder":"","_et_pb_old_content":"","_et_gb_content_width":""},"product_brand":[],"product_cat":[112],"product_tag":[222],"class_list":{"0":"post-227186","1":"product","2":"type-product","3":"status-publish","4":"has-post-thumbnail","6":"product_cat-guides","7":"product_tag-retrouver-un-ancetre-postier-r-poulain","9":"first","10":"instock","11":"sold-individually","12":"taxable","13":"shipping-taxable","14":"purchasable","15":"product-type-simple"},"_links":{"self":[{"href":"https:\/\/geniwal2.info-brihaye.lu\/it\/wp-json\/wp\/v2\/product\/227186","targetHints":{"allow":["GET"]}}],"collection":[{"href":"https:\/\/geniwal2.info-brihaye.lu\/it\/wp-json\/wp\/v2\/product"}],"about":[{"href":"https:\/\/geniwal2.info-brihaye.lu\/it\/wp-json\/wp\/v2\/types\/product"}],"replies":[{"embeddable":true,"href":"https:\/\/geniwal2.info-brihaye.lu\/it\/wp-json\/wp\/v2\/comments?post=227186"}],"wp:featuredmedia":[{"embeddable":true,"href":"https:\/\/geniwal2.info-brihaye.lu\/it\/wp-json\/wp\/v2\/media\/227187"}],"wp:attachment":[{"href":"https:\/\/geniwal2.info-brihaye.lu\/it\/wp-json\/wp\/v2\/media?parent=227186"}],"wp:term":[{"taxonomy":"product_brand","embeddable":true,"href":"https:\/\/geniwal2.info-brihaye.lu\/it\/wp-json\/wp\/v2\/product_brand?post=227186"},{"taxonomy":"product_cat","embeddable":true,"href":"https:\/\/geniwal2.info-brihaye.lu\/it\/wp-json\/wp\/v2\/product_cat?post=227186"},{"taxonomy":"product_tag","embeddable":true,"href":"https:\/\/geniwal2.info-brihaye.lu\/it\/wp-json\/wp\/v2\/product_tag?post=227186"}],"curies":[{"name":"wp","href":"https:\/\/api.w.org\/{rel}","templated":true}]}}