{"id":5382,"date":"2020-03-11T13:53:59","date_gmt":"2020-03-11T12:53:59","guid":{"rendered":"https:\/\/geniwal2.info-brihaye.lu\/?post_type=product&#038;p=5382"},"modified":"2020-08-29T07:50:47","modified_gmt":"2020-08-29T05:50:47","slug":"genealogie-de-felicien-rops","status":"publish","type":"product","link":"https:\/\/geniwal2.info-brihaye.lu\/it\/boutique\/genealogie\/genealogie-de-felicien-rops\/","title":{"rendered":"Genealogia di F\u00e9licien ROPS (libro)"},"content":{"rendered":"<p>Naissance \u00e0 Namur, le 7 juillet, de F\u00e9licien Joseph Victor Rops, fils unique de l&rsquo;industriel Nicolas Rops et de Sophie Maubille.<\/p>\n<p>En 1843, il s&rsquo;inscrit au Coll\u00e8ge Notre-Dame de la Paix (Namur) pour y commencer ses \u00e9tudes moyennes. Il re\u00e7oit de nombreux &amp;quot;billets de contentement&amp;quot; pour la qualit\u00e9 de son travail. Rapidement, il se distingue en latin.<\/p>\n<p>En 1849, Rops perd son p\u00e8re et est dot\u00e9 d&rsquo;un tuteur avec lequel il ne s&rsquo;entendra jamais. F\u00e9licien Rops adopte une attitude anticonformiste et anticl\u00e9ricale qui le fera renvoyer de cette \u00e9cole. Il poursuit ses \u00e9tudes \u00e0 l&rsquo;Ath\u00e9n\u00e9e de Namur.<\/p>\n<p>Rops s&rsquo;inscrit \u00e0 l&rsquo;Acad\u00e9mie des Beaux-Arts de Namur. A 18 ans, il entre \u00e0 l&rsquo;Universit\u00e9 Libre de Bruxelles, fr\u00e9quente les milieux estudiantins intellectuels, pamphl\u00e9taires et artistiques de l&rsquo;\u00e9poque et se r\u00e9v\u00e8le f\u00e9roce caricaturiste.<\/p>\n<p>Les premi\u00e8res oeuvres de Rops diront sa r\u00e9volte et sa protestation contre les d\u00e9sastres de son \u00e9poque. Son talent le m\u00e8nera, un peu plus tard, \u00e0 l&rsquo;illustration des &amp;quot;L\u00e9gendes flamandes&amp;quot; de Charles de Coster.<\/p>\n<p>En 1857, il \u00e9pouse Charlotte Polet de Faveaux, fille d&rsquo;un juriste namurois. De ce mariage na\u00eetront un fils, Paul et une fille, Juliette, d\u00e9c\u00e9d\u00e9e en bas \u00e2ge.<\/p>\n<p>fonte :\u00a0<a href=\"https:\/\/www.museerops.be\/\">https:\/\/www.museerops.be\/<\/a><\/p>","protected":false},"excerpt":{"rendered":"<p><b>R\u00e9f\u00e9rence : 700058<\/b><\/p>\n<p>F\u00e9licien Rops : Artiste peintre Namurois<\/p>","protected":false},"featured_media":5384,"comment_status":"closed","ping_status":"closed","template":"","meta":{"_et_pb_use_builder":"","_et_pb_old_content":"","_et_gb_content_width":""},"product_brand":[],"product_cat":[111],"product_tag":[213],"class_list":{"0":"post-5382","1":"product","2":"type-product","3":"status-publish","4":"has-post-thumbnail","6":"product_cat-genealogie","7":"product_tag-213","9":"first","10":"instock","11":"taxable","12":"shipping-taxable","13":"purchasable","14":"product-type-simple"},"_links":{"self":[{"href":"https:\/\/geniwal2.info-brihaye.lu\/it\/wp-json\/wp\/v2\/product\/5382","targetHints":{"allow":["GET"]}}],"collection":[{"href":"https:\/\/geniwal2.info-brihaye.lu\/it\/wp-json\/wp\/v2\/product"}],"about":[{"href":"https:\/\/geniwal2.info-brihaye.lu\/it\/wp-json\/wp\/v2\/types\/product"}],"replies":[{"embeddable":true,"href":"https:\/\/geniwal2.info-brihaye.lu\/it\/wp-json\/wp\/v2\/comments?post=5382"}],"wp:featuredmedia":[{"embeddable":true,"href":"https:\/\/geniwal2.info-brihaye.lu\/it\/wp-json\/wp\/v2\/media\/5384"}],"wp:attachment":[{"href":"https:\/\/geniwal2.info-brihaye.lu\/it\/wp-json\/wp\/v2\/media?parent=5382"}],"wp:term":[{"taxonomy":"product_brand","embeddable":true,"href":"https:\/\/geniwal2.info-brihaye.lu\/it\/wp-json\/wp\/v2\/product_brand?post=5382"},{"taxonomy":"product_cat","embeddable":true,"href":"https:\/\/geniwal2.info-brihaye.lu\/it\/wp-json\/wp\/v2\/product_cat?post=5382"},{"taxonomy":"product_tag","embeddable":true,"href":"https:\/\/geniwal2.info-brihaye.lu\/it\/wp-json\/wp\/v2\/product_tag?post=5382"}],"curies":[{"name":"wp","href":"https:\/\/api.w.org\/{rel}","templated":true}]}}