{"id":5964,"date":"2020-05-10T14:32:02","date_gmt":"2020-05-10T12:32:02","guid":{"rendered":"https:\/\/geniwal2.info-brihaye.lu\/?post_type=product&#038;p=5964"},"modified":"2024-12-15T11:00:44","modified_gmt":"2024-12-15T10:00:44","slug":"manuel-de-paleographie-nord-pas-de-calais-flandre-et-wallonie","status":"publish","type":"product","link":"https:\/\/geniwal2.info-brihaye.lu\/it\/boutique\/guides\/manuel-de-paleographie-nord-pas-de-calais-flandre-et-wallonie\/","title":{"rendered":"Manuale di paleografia Nord-Pas-de-Calais, Fiandre e Vallonia"},"content":{"rendered":"<p><strong>SOMMARIO<\/strong><\/p>\n<p>\u00c8 impossibile fare genealogia senza imbattersi prima o poi in problemi di decifrazione di vecchi documenti. La lettura regolare, ripetuta e soprattutto progressiva di vecchi documenti contribuisce all'apprendimento individuale della paleografia. Ma questo pu\u00f2 sembrare un processo lungo per il ricercatore impaziente o per chi lavora su archivi online digitalizzati, che sono un po' meno facili da leggere. Chi invece passa dai registri parrocchiali a immergersi nei documenti notarili, legali o fiscali, incontra nuove difficolt\u00e0 legate alle abbreviazioni professionali e sente il bisogno di uno strumento che lo aiuti.<\/p>\n<p>Infine, le caratteristiche specifiche della regione costituiscono un ulteriore ostacolo per chi non ha familiarit\u00e0 con gli archivi locali. Questa vasta regione, storicamente definita come gli ex Paesi Bassi austriaci, oggi si trova a cavallo di diversi Paesi, tra cui Francia e Belgio. Presenta difficolt\u00e0 legate alla lingua utilizzata (spesso il latino, ma anche, a seconda del settore e del periodo, il fiammingo, il tedesco e il francese) e alla scrittura (il gotico nelle province orientali).<\/p>\n<p>L'obiettivo di questo libro di paleografia franco-belga \u00e8 quello di insegnare a leggere pi\u00f9 rapidamente i testi antichi di queste regioni nei secoli XVI-XX e di aiutare a scoprire gli sviluppi storici locali.<\/p>\n<p><strong>AUTORE<\/strong><\/p>\n<p>Tutti e tre gli autori sono membri dell'associazione di genealogia vallone Geniwal. Thomas Delvaux pubblica articoli su www.morinie.com per sensibilizzare il pubblico sulla storia dell'Hauts-de-France. Ha pubblicato diverse opere storiche e genealogiche, tra cui L'histoire et g\u00e9n\u00e9alogie des Van Pradelles (2016). Yves Heraly, ex tesoriere del Cercle d'histoire, d'arch\u00e9ologie et de g\u00e9n\u00e9alogie de Wavre et du Brabant wallon, ha fondato nel 1998 l'associazione G\u00e9niWal (G\u00e9n\u00e9alogie Wallonie Informatique), di cui \u00e8 presidente. Robert Van Hecke, membro di G\u00e9niWal fin dall'inizio, tiene corsi di paleografia per le sezioni di Namur e Brabant-Wallon. Scrive articoli per la sezione di Brabant-Wallon della rivista Mouvement dynastique belge, sulle prime medaglie belghe e sui volontari della rivoluzione belga del 1830.<\/p>","protected":false},"excerpt":{"rendered":"<p>R\u00e9f\u00e9rence : 700064<br \/>\nUGS : 9782350773056<br \/>\n210 pages broch\u00e9es \/ format 21 X 29,7 cm<br \/>\n<b style=\"color: #ff0000;\">Tempi di consegna 10 giorni dal ricevimento del pagamento<br \/>\nQuantit\u00e9 maximum par commande : 1<br \/>\n<\/b><\/p>\n<form class=\"cart\" action=\"https:\/\/geniwal2.info-brihaye.lu\/it\/produit\/retracer-lhistoire-de-sa-commune\/\" enctype=\"multipart\/form-data\" method=\"post\" data-trp-original-action=\"https:\/\/geniwal2.info-brihaye.lu\/produit\/retracer-lhistoire-de-sa-commune\/\">\n<div class=\"quantity buttons_added\"><\/div>\n<input type=\"hidden\" name=\"trp-form-language\" value=\"it\"\/><\/form>","protected":false},"featured_media":5953,"comment_status":"closed","ping_status":"closed","template":"","meta":{"_et_pb_use_builder":"","_et_pb_old_content":"","_et_gb_content_width":""},"product_brand":[],"product_cat":[112],"product_tag":[196],"class_list":{"0":"post-5964","1":"product","2":"type-product","3":"status-publish","4":"has-post-thumbnail","6":"product_cat-guides","7":"product_tag-196","9":"first","10":"instock","11":"taxable","12":"shipping-taxable","13":"purchasable","14":"product-type-simple"},"_links":{"self":[{"href":"https:\/\/geniwal2.info-brihaye.lu\/it\/wp-json\/wp\/v2\/product\/5964","targetHints":{"allow":["GET"]}}],"collection":[{"href":"https:\/\/geniwal2.info-brihaye.lu\/it\/wp-json\/wp\/v2\/product"}],"about":[{"href":"https:\/\/geniwal2.info-brihaye.lu\/it\/wp-json\/wp\/v2\/types\/product"}],"replies":[{"embeddable":true,"href":"https:\/\/geniwal2.info-brihaye.lu\/it\/wp-json\/wp\/v2\/comments?post=5964"}],"wp:featuredmedia":[{"embeddable":true,"href":"https:\/\/geniwal2.info-brihaye.lu\/it\/wp-json\/wp\/v2\/media\/5953"}],"wp:attachment":[{"href":"https:\/\/geniwal2.info-brihaye.lu\/it\/wp-json\/wp\/v2\/media?parent=5964"}],"wp:term":[{"taxonomy":"product_brand","embeddable":true,"href":"https:\/\/geniwal2.info-brihaye.lu\/it\/wp-json\/wp\/v2\/product_brand?post=5964"},{"taxonomy":"product_cat","embeddable":true,"href":"https:\/\/geniwal2.info-brihaye.lu\/it\/wp-json\/wp\/v2\/product_cat?post=5964"},{"taxonomy":"product_tag","embeddable":true,"href":"https:\/\/geniwal2.info-brihaye.lu\/it\/wp-json\/wp\/v2\/product_tag?post=5964"}],"curies":[{"name":"wp","href":"https:\/\/api.w.org\/{rel}","templated":true}]}}