{"id":5968,"date":"2020-05-10T14:48:19","date_gmt":"2020-05-10T12:48:19","guid":{"rendered":"https:\/\/geniwal2.info-brihaye.lu\/?post_type=product&#038;p=5968"},"modified":"2025-03-01T21:40:59","modified_gmt":"2025-03-01T20:40:59","slug":"papy-mamie-raconte-moi-tes-souvenirs","status":"publish","type":"product","link":"https:\/\/geniwal2.info-brihaye.lu\/it\/boutique\/guides\/papy-mamie-raconte-moi-tes-souvenirs\/","title":{"rendered":"Nonno! Nonna! Dimmi cosa ti ricordi!"},"content":{"rendered":"<p><strong>SOMMARIO <\/strong><\/p>\n<p>Io: \"Vivere senza televisione, tablet o computer? \u00c8 impossibile?<\/p>\n<p>Ma la nonna e il nonno non ne avevano quando avevano la mia et\u00e0.<\/p>\n<p>Che cosa hanno fatto? Sono cresciuti, ma sono andati anche a scuola.<\/p>\n<p>Laquelle ? \u00c9taient-ils sages ou diablotins ?&#8230; Et leur famille ?<\/p>\n<p>Conoscevano i loro nonni? I loro bisnonni?<\/p>\n<p>Et qui \u00e9tait leur cousin pr\u00e9f\u00e9r\u00e9 ?&#8230; \u00bb<\/p>\n<p>Nonna o nonno: \"La famiglia, la scuola della nostra infanzia, il nostro lavoro,<\/p>\n<p>La vita quotidiana nel passato... Tanti argomenti che ricordiamo ma che non sappiamo come raccontare alle nuove generazioni. Da dove cominciamo?<\/p>\n<p>Come trasformare i nostri ricordi in un modo divertente di condividerli<\/p>\n<p>avec nos petits-enfants ?&#8230; \u00bb<\/p>\n<p>Domande che volano, risposte che coinvolgono lo scambio, fregi<\/p>\n<p>cronologia e informazioni per far riflettere, giochi da completare insieme nel fine settimana o durante le vacanze...<\/p>\n<p><strong>AUTORE<\/strong><\/p>\n<p>Sophie Bunel \u00e8 un'insegnante di scuola che ha messo a frutto le sue competenze didattiche, l'esperienza di lavoro con bambini di ogni estrazione sociale e la conoscenza della genealogia e delle storie di vita degli anziani per incoraggiare il dialogo tra nonni e nipoti. Un bel libro di attivit\u00e0 da condividere con tutta la famiglia!<\/p>","protected":false},"excerpt":{"rendered":"<p>R\u00e9f\u00e9rence : 701029<br \/>\nUGS : 9782350773001<br \/>\n32 pages \/ 22 x 28 cm \/ 1 arbre g\u00e9n\u00e9alogique d\u00e9tachable \u00e0 remplir<br \/>\n<b style=\"color: #ff0000;\">Tempi di consegna 10 giorni dal ricevimento del pagamento<br \/>\nQuantit\u00e9 maximum par commande : 3<br \/>\n<\/b><\/p>\n<form class=\"cart\" action=\"https:\/\/geniwal2.info-brihaye.lu\/it\/produit\/retracer-lhistoire-de-sa-commune\/\" enctype=\"multipart\/form-data\" method=\"post\" data-trp-original-action=\"https:\/\/geniwal2.info-brihaye.lu\/produit\/retracer-lhistoire-de-sa-commune\/\">\n<div class=\"quantity buttons_added\"><\/div>\n<input type=\"hidden\" name=\"trp-form-language\" value=\"it\"\/><\/form>","protected":false},"featured_media":5956,"comment_status":"closed","ping_status":"closed","template":"","meta":{"_et_pb_use_builder":"","_et_pb_old_content":"","_et_gb_content_width":""},"product_brand":[],"product_cat":[112],"product_tag":[],"class_list":{"0":"post-5968","1":"product","2":"type-product","3":"status-publish","4":"has-post-thumbnail","6":"product_cat-guides","8":"first","9":"instock","10":"taxable","11":"shipping-taxable","12":"purchasable","13":"product-type-simple"},"_links":{"self":[{"href":"https:\/\/geniwal2.info-brihaye.lu\/it\/wp-json\/wp\/v2\/product\/5968","targetHints":{"allow":["GET"]}}],"collection":[{"href":"https:\/\/geniwal2.info-brihaye.lu\/it\/wp-json\/wp\/v2\/product"}],"about":[{"href":"https:\/\/geniwal2.info-brihaye.lu\/it\/wp-json\/wp\/v2\/types\/product"}],"replies":[{"embeddable":true,"href":"https:\/\/geniwal2.info-brihaye.lu\/it\/wp-json\/wp\/v2\/comments?post=5968"}],"wp:featuredmedia":[{"embeddable":true,"href":"https:\/\/geniwal2.info-brihaye.lu\/it\/wp-json\/wp\/v2\/media\/5956"}],"wp:attachment":[{"href":"https:\/\/geniwal2.info-brihaye.lu\/it\/wp-json\/wp\/v2\/media?parent=5968"}],"wp:term":[{"taxonomy":"product_brand","embeddable":true,"href":"https:\/\/geniwal2.info-brihaye.lu\/it\/wp-json\/wp\/v2\/product_brand?post=5968"},{"taxonomy":"product_cat","embeddable":true,"href":"https:\/\/geniwal2.info-brihaye.lu\/it\/wp-json\/wp\/v2\/product_cat?post=5968"},{"taxonomy":"product_tag","embeddable":true,"href":"https:\/\/geniwal2.info-brihaye.lu\/it\/wp-json\/wp\/v2\/product_tag?post=5968"}],"curies":[{"name":"wp","href":"https:\/\/api.w.org\/{rel}","templated":true}]}}