{"id":5976,"date":"2020-05-10T15:09:06","date_gmt":"2020-05-10T13:09:06","guid":{"rendered":"https:\/\/geniwal2.info-brihaye.lu\/?post_type=product&#038;p=5976"},"modified":"2022-03-05T08:13:19","modified_gmt":"2022-03-05T07:13:19","slug":"raconter-son-histoire-familiale","status":"publish","type":"product","link":"https:\/\/geniwal2.info-brihaye.lu\/it\/boutique\/guides\/raconter-son-histoire-familiale\/","title":{"rendered":"Raccontare la storia della propria famiglia"},"content":{"rendered":"<p><strong>SOMMARIO<\/strong><\/p>\n<p>Raccontare significa condividere. Non ha senso raccontare la propria storia se nessuno la ascolta. Raccontare \u00e8 tanto dire cosa si \u00e8 fatto ieri quanto spiegare com'era la famiglia 250 anni fa. Raccontare significa trasmettere una storia, delle emozioni e un certo stile. Raccontare \u00e8 tanto scrivere e tessere una storia per mesi quanto lasciar fluire i ricordi durante un pranzo di famiglia. Raccontare \u00e8 informare, diffondere e trasmettere una storia, che si tratti di un bisogno da soddisfare o di un dovere da assolvere... Raccontare \u00e8 a volte lasciare che le immagini parlino da sole, quando le parole sono troppo difficili da dire o non si viene creduti. Raccontare \u00e8 fare il dono della propria memoria, che per sua natura \u00e8 effimera. Ispirata da numerosi incontri e testimonianze, questa guida aiuter\u00e0 sia coloro la cui idea di scrivere una storia di famiglia germoglia da tempo in un angolo della mente, sia coloro il cui progetto \u00e8 gi\u00e0 iniziato o sta vacillando. Si propone di dare idee a chi ne \u00e8 a corto, di rassicurare i dubbiosi, di guidare coloro per i quali \u00e8 \"la prima volta che lo fanno\"... partendo dall'idea che tutte le storie meritano di essere raccontate, dalla pi\u00f9 lunga alla pi\u00f9 breve, dalla pi\u00f9 bella alla pi\u00f9 travagliata. Ci\u00f2 che accomuna chi ha fatto tutto questo \u00e8 la gioia di aver realizzato qualcosa di unico e di aver ricevuto in cambio, da chi gli \u00e8 stato vicino, molto pi\u00f9 di quanto sperasse.<\/p>\n<p><strong>AUTORE<\/strong><\/p>\n<p>Gwen Guidou : dipl\u00f4m\u00e9e en gestion de projets, elle a mis son exp\u00e9rience de g\u00e9n\u00e9alogiste, son sens de l&rsquo;\u00e9coute et son go\u00fbt pour les arts graphiques au service des r\u00e9cits de famille, qu&rsquo;ils couvrent un ou plusieurs si\u00e8cles. Elle leur r\u00e9alisation, de la retranscription d\u2019interviews, de manuscrits, de correspondances ou de carnets de voyages, \u00e0 la r\u00e9alisation d\u2019un livre \u00e0 petit tirage destin\u00e9 aux proches. Elle a cr\u00e9\u00e9 le site www.brinsdhistoires.com.<\/p>","protected":false},"excerpt":{"rendered":"<p>R\u00e9f\u00e9rence : 701028<br \/>\nUGS : 978-2-35077-258-5<br \/>\n80 pages broch\u00e9es tout en couleur \/ format : 17 x 24 cm<br \/>\n<b style=\"color: #ff0000;\">Tempi di consegna 10 giorni dal ricevimento del pagamento<br \/>\nQuantit\u00e9 maximum par commande : 3<br \/>\n<\/b><\/p>\n<form class=\"cart\" action=\"https:\/\/geniwal2.info-brihaye.lu\/it\/produit\/retracer-lhistoire-de-sa-commune\/\" enctype=\"multipart\/form-data\" method=\"post\" data-trp-original-action=\"https:\/\/geniwal2.info-brihaye.lu\/produit\/retracer-lhistoire-de-sa-commune\/\">\n<div class=\"quantity buttons_added\"><\/div>\n<input type=\"hidden\" name=\"trp-form-language\" value=\"it\"\/><\/form>","protected":false},"featured_media":5961,"comment_status":"closed","ping_status":"closed","template":"","meta":{"_et_pb_use_builder":"","_et_pb_old_content":"","_et_gb_content_width":""},"product_brand":[],"product_cat":[112],"product_tag":[],"class_list":{"0":"post-5976","1":"product","2":"type-product","3":"status-publish","4":"has-post-thumbnail","6":"product_cat-guides","8":"first","9":"outofstock","10":"taxable","11":"shipping-taxable","12":"purchasable","13":"product-type-simple"},"_links":{"self":[{"href":"https:\/\/geniwal2.info-brihaye.lu\/it\/wp-json\/wp\/v2\/product\/5976","targetHints":{"allow":["GET"]}}],"collection":[{"href":"https:\/\/geniwal2.info-brihaye.lu\/it\/wp-json\/wp\/v2\/product"}],"about":[{"href":"https:\/\/geniwal2.info-brihaye.lu\/it\/wp-json\/wp\/v2\/types\/product"}],"replies":[{"embeddable":true,"href":"https:\/\/geniwal2.info-brihaye.lu\/it\/wp-json\/wp\/v2\/comments?post=5976"}],"wp:featuredmedia":[{"embeddable":true,"href":"https:\/\/geniwal2.info-brihaye.lu\/it\/wp-json\/wp\/v2\/media\/5961"}],"wp:attachment":[{"href":"https:\/\/geniwal2.info-brihaye.lu\/it\/wp-json\/wp\/v2\/media?parent=5976"}],"wp:term":[{"taxonomy":"product_brand","embeddable":true,"href":"https:\/\/geniwal2.info-brihaye.lu\/it\/wp-json\/wp\/v2\/product_brand?post=5976"},{"taxonomy":"product_cat","embeddable":true,"href":"https:\/\/geniwal2.info-brihaye.lu\/it\/wp-json\/wp\/v2\/product_cat?post=5976"},{"taxonomy":"product_tag","embeddable":true,"href":"https:\/\/geniwal2.info-brihaye.lu\/it\/wp-json\/wp\/v2\/product_tag?post=5976"}],"curies":[{"name":"wp","href":"https:\/\/api.w.org\/{rel}","templated":true}]}}