{"id":6629,"date":"2021-01-31T13:35:32","date_gmt":"2021-01-31T12:35:32","guid":{"rendered":"https:\/\/geniwal2.info-brihaye.lu\/?post_type=product&#038;p=6629"},"modified":"2022-03-10T19:57:04","modified_gmt":"2022-03-10T18:57:04","slug":"geneeurope-ou-chercher-sa-genealogie-sur-internet-en-europe-2021","status":"publish","type":"product","link":"https:\/\/geniwal2.info-brihaye.lu\/it\/boutique\/guides\/geneeurope-ou-chercher-sa-genealogie-sur-internet-en-europe-2021\/","title":{"rendered":"G\u00e9n\u00e9@Europe 2021"},"content":{"rendered":"<p><strong>SOMMARIO <\/strong><\/p>\n<p><strong>Edizione 2021<\/strong><\/p>\n<p><strong>Dove si pu\u00f2 cercare la propria genealogia su Internet in Europa?<br \/>\n<\/strong>Ci sono molti strumenti disponibili online per aiutarvi a scoprire le date, i luoghi in cui i vostri antenati hanno vissuto e sono passati, o le loro occupazioni; da qui l'utilit\u00e0 di questo libro, in cui troverete indirizzi di siti web \"temporanei\" o \"permanenti\" per le informazioni di cui avete bisogno.<strong>\u00a0Paesi europei<\/strong>Troverete anche informazioni su come condividere e comunicare con altri genealogisti familiari nei social media (come newsgroup o forum) e indirizzi di genealogisti professionisti francofoni che possono aiutarvi.<\/p>\n<p>In diversi Paesi, gli archivi nazionali e locali hanno digitalizzato i loro registri e documenti e messo in linea le loro foto. Molti siti \"portale\", siti personali in ambito associativo o familiare, offrono documenti di ogni tipo (stato civile, elettori, militari, censimenti, notai, ecc.) principalmente sotto forma di elenchi.<\/p>\n<p>Paesi citati in questo libro: Andorra, Austria, Belgio, Repubblica Ceca, Danimarca, Inghilterra, Estonia, Finlandia, Francia, Polinesia Francese, Dipartimenti e Territori d'Oltremare, Germania, Grecia, Ungheria, Isola di Man, Irlanda, Italia, Lettonia, Liechtenstein, Lituania, Lussemburgo, Malta, Monaco, Paesi Bassi, Polonia, Portogallo, Romania, Slovacchia, Slovenia, Spagna, Svezia, Svizzera, Ucraina, Scozia.<\/p>\n<p>Questo libro vi far\u00e0 risparmiare tempo prezioso nella ricerca genealogica o storica, in modo da poter costruire il gigantesco albero che sar\u00e0 vostro.<\/p>\n<p><strong>AUTORE<\/strong><\/p>\n<p>Liliane Hierro N\u00e9e d&rsquo;un p\u00e8re espagnol et d&rsquo;une m\u00e8re fran\u00e7aise, Liliane Hierro est une g\u00e9n\u00e9alogiste professionnelle. Ses recherches g\u00e9n\u00e9alogiques familiales, qui ont \u00e9t\u00e9 r\u00e9alis\u00e9es dans quatre pays d&rsquo;Europe (Belgique, Espagne, France, Italie), lui ont permis de d\u00e9velopper une solide exp\u00e9rience dans ce domaine.<\/p>\n<p>Il suo interesse per la ricerca su Internet \u00e8 alimentato dalla sua pluriennale esperienza professionale nel settore informatico.<\/p>\n<p>Liliane Hierro tiene regolarmente conferenze su questo tema in Belgio, Lussemburgo e Francia:<\/p>","protected":false},"excerpt":{"rendered":"<p>R\u00e9f\u00e9rence : 705009<br \/>\nISSN\/2295-5364<br \/>\n120 pages broch\u00e9es \/ format 17 x 24 cm<br \/>\n<b style=\"color: #ff0000;\">Tempi di consegna 10 giorni dal ricevimento del pagamento<br \/>\nQuantit\u00e9 maximum par commande : 4<\/b><\/p>\n<form class=\"cart\" action=\"https:\/\/geniwal2.info-brihaye.lu\/it\/produit\/retracer-lhistoire-de-sa-commune\/\" enctype=\"multipart\/form-data\" method=\"post\" data-trp-original-action=\"https:\/\/geniwal2.info-brihaye.lu\/produit\/retracer-lhistoire-de-sa-commune\/\">\n<div class=\"quantity buttons_added\"><\/div>\n<input type=\"hidden\" name=\"trp-form-language\" value=\"it\"\/><\/form>","protected":false},"featured_media":6631,"comment_status":"closed","ping_status":"closed","template":"","meta":{"_et_pb_use_builder":"","_et_pb_old_content":"","_et_gb_content_width":""},"product_brand":[],"product_cat":[112],"product_tag":[],"class_list":{"0":"post-6629","1":"product","2":"type-product","3":"status-publish","4":"has-post-thumbnail","6":"product_cat-guides","8":"first","9":"instock","10":"taxable","11":"shipping-taxable","12":"purchasable","13":"product-type-simple"},"_links":{"self":[{"href":"https:\/\/geniwal2.info-brihaye.lu\/it\/wp-json\/wp\/v2\/product\/6629","targetHints":{"allow":["GET"]}}],"collection":[{"href":"https:\/\/geniwal2.info-brihaye.lu\/it\/wp-json\/wp\/v2\/product"}],"about":[{"href":"https:\/\/geniwal2.info-brihaye.lu\/it\/wp-json\/wp\/v2\/types\/product"}],"replies":[{"embeddable":true,"href":"https:\/\/geniwal2.info-brihaye.lu\/it\/wp-json\/wp\/v2\/comments?post=6629"}],"wp:featuredmedia":[{"embeddable":true,"href":"https:\/\/geniwal2.info-brihaye.lu\/it\/wp-json\/wp\/v2\/media\/6631"}],"wp:attachment":[{"href":"https:\/\/geniwal2.info-brihaye.lu\/it\/wp-json\/wp\/v2\/media?parent=6629"}],"wp:term":[{"taxonomy":"product_brand","embeddable":true,"href":"https:\/\/geniwal2.info-brihaye.lu\/it\/wp-json\/wp\/v2\/product_brand?post=6629"},{"taxonomy":"product_cat","embeddable":true,"href":"https:\/\/geniwal2.info-brihaye.lu\/it\/wp-json\/wp\/v2\/product_cat?post=6629"},{"taxonomy":"product_tag","embeddable":true,"href":"https:\/\/geniwal2.info-brihaye.lu\/it\/wp-json\/wp\/v2\/product_tag?post=6629"}],"curies":[{"name":"wp","href":"https:\/\/api.w.org\/{rel}","templated":true}]}}