{"id":8137,"date":"2021-12-11T14:53:29","date_gmt":"2021-12-11T13:53:29","guid":{"rendered":"https:\/\/geniwal2.info-brihaye.lu\/?post_type=product&#038;p=8137"},"modified":"2021-12-26T01:25:56","modified_gmt":"2021-12-26T00:25:56","slug":"mon-arbre-relie-7-generations-a-remplir","status":"publish","type":"product","link":"https:\/\/geniwal2.info-brihaye.lu\/it\/boutique\/arbres\/mon-arbre-relie-7-generations-a-remplir\/","title":{"rendered":"Compilare il mio albero delle 7 generazioni"},"content":{"rendered":"<p>Vi occupate di genealogia e vi piacerebbe discutere le vostre ricerche con i vostri familiari o cugini?<br \/>\nNon ne fate, ma vorreste scrivere i nomi dei nonni che avete conosciuto per i vostri nipoti e inviare loro qualche foto ricordo?<br \/>\nSognate un albero che sia accessibile e facile da mostrare, ma che non debba essere esposto su una parete?<br \/>\nQuesto bellissimo albero legato \u00e8 la risposta perfetta:<br \/>\n- Si adatta alla vostra libreria. Come un libro, \u00e8 facile da afferrare e dispiegare.<br \/>\n- Il libro ruota attorno a un personaggio centrale (voi stessi, o uno dei vostri genitori o nonni, a seconda della vostra scelta) il cui nome \u00e8 riportato sulla copertina e sul dorso del libro (facile da trovare nella vostra biblioteca, anche se avete compilato diversi alberi rilegati).<br \/>\n- Mostra i discendenti (due generazioni pi\u00f9 in basso: figli e nipoti) e gli antenati (quattro generazioni pi\u00f9 in alto, fino ai trisnonni), offrendo una panoramica di sette generazioni nell'arco di due secoli.<br \/>\n- Pu\u00f2 essere facilmente compilato a mano o con etichette autoadesive da stampare a casa. Sul retro dell'albero sono riportate istruzioni dettagliate per l'uso e uno spazio per scrivere aggiunte e storie di vita.<br \/>\n- All'interno \u00e8 presente una tasca per foto, annunci, lettere e vari documenti di famiglia, per condividere facilmente i ricordi quando si mostra l'albero a una persona cara (non \u00e8 necessario rovistare nei cassetti o accendere il computer: i documenti pi\u00f9 preziosi sono l\u00ec).<\/p>\n<p>Tutti i dettagli sono sul sito\u00a0<a href=\"https:\/\/youtu.be\/2piuelpbqZw\" target=\"_blank\" rel=\"noopener\">Video di YouTube<\/a>\u00a0dedicato al libro.<\/p>\n<p>Che i vostri discendenti siano \"vasti come le stelle del cielo\" o si contino sulle dita di una mano, non importa: tutti voi avete un gigantesco albero ascendente da mostrare e storie da raccontare. Ora tocca a voi!<\/p>","protected":false},"excerpt":{"rendered":"<p><strong>R\u00e9f\u00e9rence du produit: 704005<\/strong><\/p>\n<p>Un arbre \u00e0 compl\u00e9ter 7 g\u00e9n\u00e9rations (5 ascendantes, 2 descendantes)<\/p>\n<p>\u2022 Un arbre grand format (126 cm x 29,7cm) facile \u00e0 d\u00e9plier<\/p>\n<p>\u2022 Un arbre reli\u00e9 (21,7 cm x 30,5 cm) qui se range dans une biblioth\u00e8que<\/p>\n<p>\u2022 Un arbre avec une pochette pour glisser photos, faire-parts, docs divers<\/p>\n<p>\u2022 Un arbre avec une reliure somptueuse, bleue et or, \u00e9toiles paillet\u00e9es en relief, rubans d\u2019attache bleus<\/p>\n<p>\u2022 Un arbre avec une zone en pelliculage mat sur la couverture et sur le dos pour noter le nom du personnage central ou de la famille d\u00e9taill\u00e9e dans l\u2019arbre<\/p>\n<p>Tutti i dettagli sono sul sito\u00a0<a href=\"https:\/\/youtu.be\/2piuelpbqZw\" target=\"_blank\" rel=\"noopener\">Video di YouTube<\/a>\u00a0dedicato al libro.<\/p>\n<p><strong>Commande :<\/strong><\/p>\n<p>Paiement via Carte Bancaire, Virement, ou Paypal<\/p>","protected":false},"featured_media":8139,"comment_status":"closed","ping_status":"closed","template":"","meta":{"_et_pb_use_builder":"","_et_pb_old_content":"","_et_gb_content_width":""},"product_brand":[],"product_cat":[109],"product_tag":[250],"class_list":{"0":"post-8137","1":"product","2":"type-product","3":"status-publish","4":"has-post-thumbnail","6":"product_cat-arbres","7":"product_tag-arbre-7g-a-remplir","9":"first","10":"instock","11":"taxable","12":"shipping-taxable","13":"purchasable","14":"product-type-simple"},"_links":{"self":[{"href":"https:\/\/geniwal2.info-brihaye.lu\/it\/wp-json\/wp\/v2\/product\/8137","targetHints":{"allow":["GET"]}}],"collection":[{"href":"https:\/\/geniwal2.info-brihaye.lu\/it\/wp-json\/wp\/v2\/product"}],"about":[{"href":"https:\/\/geniwal2.info-brihaye.lu\/it\/wp-json\/wp\/v2\/types\/product"}],"replies":[{"embeddable":true,"href":"https:\/\/geniwal2.info-brihaye.lu\/it\/wp-json\/wp\/v2\/comments?post=8137"}],"wp:featuredmedia":[{"embeddable":true,"href":"https:\/\/geniwal2.info-brihaye.lu\/it\/wp-json\/wp\/v2\/media\/8139"}],"wp:attachment":[{"href":"https:\/\/geniwal2.info-brihaye.lu\/it\/wp-json\/wp\/v2\/media?parent=8137"}],"wp:term":[{"taxonomy":"product_brand","embeddable":true,"href":"https:\/\/geniwal2.info-brihaye.lu\/it\/wp-json\/wp\/v2\/product_brand?post=8137"},{"taxonomy":"product_cat","embeddable":true,"href":"https:\/\/geniwal2.info-brihaye.lu\/it\/wp-json\/wp\/v2\/product_cat?post=8137"},{"taxonomy":"product_tag","embeddable":true,"href":"https:\/\/geniwal2.info-brihaye.lu\/it\/wp-json\/wp\/v2\/product_tag?post=8137"}],"curies":[{"name":"wp","href":"https:\/\/api.w.org\/{rel}","templated":true}]}}