{"id":8377,"date":"2022-03-10T18:30:02","date_gmt":"2022-03-10T17:30:02","guid":{"rendered":"https:\/\/geniwal2.info-brihaye.lu\/?post_type=product&#038;p=8377"},"modified":"2023-01-30T07:40:40","modified_gmt":"2023-01-30T06:40:40","slug":"petit-manuel-de-paleographie","status":"publish","type":"product","link":"https:\/\/geniwal2.info-brihaye.lu\/it\/boutique\/guides\/petit-manuel-de-paleographie\/","title":{"rendered":"PICCOLO MANUALE DI PALEOGRAFIA"},"content":{"rendered":"<p><b>SOMMARIO<\/b><\/p>\n<p style=\"font-weight: 400;\">La paleografia \u00e8 la scienza della scrittura antica.<br \/>\nIl suo obiettivo \u00e8 quello di decifrare gli scritti del XIX secolo.<br \/>\nIl suo campo si estende a tutti i tipi di documenti scritti nel passato, come frammenti di ceramica, tavolette di cera su materiali durevoli (epigrafia), papiro (geroglifici), pergamena, monete (numismatica), sigilli (sigillografia), manoscritti (codicologia) e, per noi genealogisti, lo studio degli atti antichi in latino dal XV secolo in poi, periodo in cui possiamo sperare di rintracciare gli antenati.<br \/>\nIl termine tende ad essere limitato allo studio dei \"libri manoscritti\" e dei documenti raccolti in grandi biblioteche e archivi. L'argomento \u00e8 talmente vasto che in questo libro verranno presentati solo gli usi pi\u00f9 comuni che si incontrano nel corso delle nostre ricerche genealogiche.<\/p>\n<p><strong>AUTORE<\/strong><\/p>\n<p>Yves Heraly. \u00c8 nato nel 1948 a L\u00e9opoldville (oggi Kinshasa), nella Repubblica Democratica del Congo. Nel 1990 ha iniziato le ricerche sulla genealogia della famiglia Heraly, originaria del Brabante Vallone. Ex tesoriere del Cercle d'histoire, d'arch\u00e9ologie et de g\u00e9n\u00e9alogie de Wavre et du Brabant Wallon. Nel 1998 ha fondato l'associazione G\u00e9niWal (G\u00e9n\u00e9alogie Wallonie Informatique), di cui \u00e8 presidente.<\/p>","protected":false},"excerpt":{"rendered":"<p>R\u00e9f\u00e9rence : &#8211;<\/p>\n<p>De vieux actes \u00e0 lire ? Ce manuel de pal\u00e9ographie vous viendra bien \u00e0 point.<br \/>\nIl contient en outre des exemples de lettres et chiffres, mais \u00e9galement la traduction de pr\u00e9noms et de vieux m\u00e9tiers (latin &#8211; fran\u00e7ais &#8211; N\u00e9erlandais)<\/p>\n<p>44 pages broch\u00e9es \/ format 148 x 210 cm<br \/>\n<b style=\"color: #ff0000;\">Tempi di consegna 10 giorni dal ricevimento del pagamento<br \/>\nQuantit\u00e9 maximum par commande : 6<br \/>\n<\/b><\/p>\n<form class=\"cart\" action=\"https:\/\/geniwal2.info-brihaye.lu\/it\/produit\/retracer-lhistoire-de-sa-commune\/\" enctype=\"multipart\/form-data\" method=\"post\" data-trp-original-action=\"https:\/\/geniwal2.info-brihaye.lu\/produit\/retracer-lhistoire-de-sa-commune\/\">\n<div class=\"quantity buttons_added\"><\/div>\n<input type=\"hidden\" name=\"trp-form-language\" value=\"it\"\/><\/form>","protected":false},"featured_media":8379,"comment_status":"closed","ping_status":"closed","template":"","meta":{"_et_pb_use_builder":"","_et_pb_old_content":"","_et_gb_content_width":""},"product_brand":[],"product_cat":[112],"product_tag":[],"class_list":{"0":"post-8377","1":"product","2":"type-product","3":"status-publish","4":"has-post-thumbnail","6":"product_cat-guides","8":"first","9":"instock","10":"taxable","11":"shipping-taxable","12":"purchasable","13":"product-type-simple"},"_links":{"self":[{"href":"https:\/\/geniwal2.info-brihaye.lu\/it\/wp-json\/wp\/v2\/product\/8377","targetHints":{"allow":["GET"]}}],"collection":[{"href":"https:\/\/geniwal2.info-brihaye.lu\/it\/wp-json\/wp\/v2\/product"}],"about":[{"href":"https:\/\/geniwal2.info-brihaye.lu\/it\/wp-json\/wp\/v2\/types\/product"}],"replies":[{"embeddable":true,"href":"https:\/\/geniwal2.info-brihaye.lu\/it\/wp-json\/wp\/v2\/comments?post=8377"}],"wp:featuredmedia":[{"embeddable":true,"href":"https:\/\/geniwal2.info-brihaye.lu\/it\/wp-json\/wp\/v2\/media\/8379"}],"wp:attachment":[{"href":"https:\/\/geniwal2.info-brihaye.lu\/it\/wp-json\/wp\/v2\/media?parent=8377"}],"wp:term":[{"taxonomy":"product_brand","embeddable":true,"href":"https:\/\/geniwal2.info-brihaye.lu\/it\/wp-json\/wp\/v2\/product_brand?post=8377"},{"taxonomy":"product_cat","embeddable":true,"href":"https:\/\/geniwal2.info-brihaye.lu\/it\/wp-json\/wp\/v2\/product_cat?post=8377"},{"taxonomy":"product_tag","embeddable":true,"href":"https:\/\/geniwal2.info-brihaye.lu\/it\/wp-json\/wp\/v2\/product_tag?post=8377"}],"curies":[{"name":"wp","href":"https:\/\/api.w.org\/{rel}","templated":true}]}}