{"id":227012,"date":"2024-05-06T23:39:37","date_gmt":"2024-05-06T21:39:37","guid":{"rendered":"https:\/\/geniwal2.info-brihaye.lu\/?post_type=product&#038;p=227012"},"modified":"2024-05-06T23:57:01","modified_gmt":"2024-05-06T21:57:01","slug":"generamax","status":"publish","type":"product","link":"https:\/\/geniwal2.info-brihaye.lu\/nl\/boutique\/arbres\/generamax\/","title":{"rendered":"G\u00e9n\u00e9raMax"},"content":{"rendered":"<p><strong>De G\u00e9n\u00e9raMax, de waardige erfgenaam van de G\u00e9n\u00e9rama!<\/strong><\/p>\n<p style=\"font-weight: 400;\">Le G\u00e9n\u00e9raMax est un arbre g\u00e9n\u00e9alogique vierge, pr\u00eat \u00e0 compl\u00e9ter, pour pr\u00e9senter une g\u00e9n\u00e9alogie ascendante sur 10 g\u00e9n\u00e9rations (minimum), ainsi qu&rsquo;\u00e9ventuellement les enfants et petits-enfants du g\u00e9n\u00e9alogiste (ou de la personne de r\u00e9f\u00e9rence).<\/p>\n<p style=\"font-weight: 400;\">Alle vakken zijn even groot, waardoor de informatie gemakkelijk te lezen is.<br \/>\nDe Generamax kan met de hand worden ingevuld of worden gepersonaliseerd met voorgesneden zelfklevende labels die worden bewerkt met een eenvoudig gedcom-bestand.<\/p>\n<p><strong>Praktische informatie :<\/strong><\/p>\n<p>Afmetingen van de G\u00e9n\u00e9raMax :<\/p>\n<p style=\"font-weight: 400;\">G\u00e9n\u00e9raMax gevouwen: 28 cm x 42 cm (<em>hoogte x breedte<\/em>)<br \/>\nGeneramax uitgevouwen: 79 cm x 85 cm (<em>hoogte x breedte<\/em>)<\/p>\n<p style=\"font-weight: 400;\">Grootte van cellen (ingangszones) in Generamax: 3 cm x 4,5 cm (<em>hoogte x breedte<\/em>)<\/p>\n<p style=\"font-weight: 400;\">Gramgewicht :<br \/>\nBinnenvellen: 140 gram<br \/>\nOmslag: 350 g. met buitenlaminaat<\/p>\n<p>Avertissement: le G\u00e9n\u00e9raMax est brevet\u00e9 (d\u00e9p\u00f4t \u00e0 l&rsquo;INPI). Reproduction interdite.<\/p>","protected":false},"excerpt":{"rendered":"<p><strong>R\u00e9f\u00e9rence du produit: 704002<\/strong><\/p>\n<p><strong>Commande :<\/strong><\/p>\n<p>Directement chez le fournisseur payement via Carte Bancaire, Virement, ou Paypal<\/p>","protected":false},"featured_media":227014,"comment_status":"closed","ping_status":"closed","template":"","meta":{"_et_pb_use_builder":"","_et_pb_old_content":"","_et_gb_content_width":""},"product_brand":[],"product_cat":[109],"product_tag":[237],"class_list":{"0":"post-227012","1":"product","2":"type-product","3":"status-publish","4":"has-post-thumbnail","6":"product_cat-arbres","7":"product_tag-arbre-generama","9":"first","10":"instock","11":"taxable","12":"shipping-taxable","13":"purchasable","14":"product-type-simple"},"_links":{"self":[{"href":"https:\/\/geniwal2.info-brihaye.lu\/nl\/wp-json\/wp\/v2\/product\/227012","targetHints":{"allow":["GET"]}}],"collection":[{"href":"https:\/\/geniwal2.info-brihaye.lu\/nl\/wp-json\/wp\/v2\/product"}],"about":[{"href":"https:\/\/geniwal2.info-brihaye.lu\/nl\/wp-json\/wp\/v2\/types\/product"}],"replies":[{"embeddable":true,"href":"https:\/\/geniwal2.info-brihaye.lu\/nl\/wp-json\/wp\/v2\/comments?post=227012"}],"wp:featuredmedia":[{"embeddable":true,"href":"https:\/\/geniwal2.info-brihaye.lu\/nl\/wp-json\/wp\/v2\/media\/227014"}],"wp:attachment":[{"href":"https:\/\/geniwal2.info-brihaye.lu\/nl\/wp-json\/wp\/v2\/media?parent=227012"}],"wp:term":[{"taxonomy":"product_brand","embeddable":true,"href":"https:\/\/geniwal2.info-brihaye.lu\/nl\/wp-json\/wp\/v2\/product_brand?post=227012"},{"taxonomy":"product_cat","embeddable":true,"href":"https:\/\/geniwal2.info-brihaye.lu\/nl\/wp-json\/wp\/v2\/product_cat?post=227012"},{"taxonomy":"product_tag","embeddable":true,"href":"https:\/\/geniwal2.info-brihaye.lu\/nl\/wp-json\/wp\/v2\/product_tag?post=227012"}],"curies":[{"name":"wp","href":"https:\/\/api.w.org\/{rel}","templated":true}]}}