{"id":5088,"date":"2020-12-16T14:20:18","date_gmt":"2020-12-16T13:20:18","guid":{"rendered":"https:\/\/geniwal2.info-brihaye.lu\/?post_type=product&#038;p=5088"},"modified":"2025-03-01T21:38:50","modified_gmt":"2025-03-01T20:38:50","slug":"generama","status":"publish","type":"product","link":"https:\/\/geniwal2.info-brihaye.lu\/nl\/boutique\/arbres\/generama\/","title":{"rendered":"G\u00e9n\u00e9rama"},"content":{"rendered":"<p>G\u00e9n\u00e9rama is de enige complete en compacte 10-generatie stamboom die je zelf kunt invullen. Het opent als een boek en onthult de oudste generaties op de bovenste pagina's (gepatenteerd systeem).<\/p>\n<p>Met het G\u00e9n\u00e9rama kun je 1023 mensen voorstellen (d.w.z. 10 volledige generaties).<\/p>\n<p>Alle cellen kunnen horizontaal worden gelezen, zodat u de relevante informatie leesbaar kunt opschrijven (voor alle voorouders: naam, voornaam, geboorte-, huwelijks- en overlijdensdata en -plaatsen).<\/p>\n<p>Pied de l&rsquo;arbre (g\u00e9n\u00e9ration 1 \u00e0 4) Pied de l&rsquo;arbre (g\u00e9n\u00e9ration 1 \u00e0 4)<\/p>\n<p>Met zijn gelamineerde kaft en hoogwaardige papier is G\u00e9n\u00e9rama een uitstekende manier om de resultaten van langdurig genealogisch onderzoek te bewaren. Het is opvouwbaar en dus gemakkelijk op te bergen in een boekenkast en te vervoeren.<\/p>\n<p>Dankzij de verlengstukken (apart verkrijgbaar) kan de Generama worden uitgebreid met 5 extra generaties op de takken van jouw keuze (je kunt dus tot 15 generaties gaan). De verlengstukken kunnen vrij op de Generama geplaatst worden (ze zitten niet vast).<\/p>\n<p><strong>Praktische informatie :<\/strong><br \/>\nCompact: 10 g\u00e9n\u00e9rations sur un support de moins d&rsquo;1 m2<br \/>\nGemakkelijk te vervoeren en op te bergen<br \/>\nUne lecture horizontale jusqu&rsquo;\u00e0 la 10\u00e8me g\u00e9n\u00e9ration<br \/>\nBevestigd met brads om naar wens pagina's te verwijderen of toe te voegen<\/p>\n<p><strong>Compleet :<\/strong><br \/>\n10 hele generaties met vaderlijke en moederlijke takken<br \/>\nVoer de familienamen en voornamen, geboortedata of sterfplaatsen in voor elk van de 1023 voorouders.<br \/>\nEen invoerveld voor de huwelijksdatum en -plaats van elk koppel<\/p>\n<p><strong>Esthetiek :<\/strong><br \/>\nOriginele artistieke creatie<br \/>\nIllustration d&rsquo;un ch\u00eane centenaire<br \/>\nGelamineerde kunstleren omslag<\/p>\n<p>Avertissement: le G\u00e9n\u00e9rama est brevet\u00e9 (d\u00e9p\u00f4t \u00e0 l&rsquo;INPI). Reproduction interdite.<\/p>","protected":false},"excerpt":{"rendered":"<p><strong>R\u00e9f\u00e9rence du produit: 704002<\/strong><\/p>\n<p><b style=\"color: #ff0000;\">Quantit\u00e9 maximum par commande : 2<\/b><\/p>\n<p><strong>Commande :<\/strong><\/p>\n<p>Directement chez le fournisseur payement via Carte Bancaire, Virement, ou Paypal<\/p>\n<p>Non membre prix public : (voir bon de commande en ligne) :<\/p>\n<p>50 le pack G\u00e9n\u00e9rama + 6 extensions (15 g\u00e9n\u00e9rations)<br \/>\n120 \u20ac le G\u00e9n\u00e9rama Imprim\u00e9 avec le g\u00e9n\u00e9alogie du client<\/p>\n<p>Membre prix sp\u00e9cial adh\u00e9rents (voir bon de commande en ligne) :<\/p>\n<p>39 le pack G\u00e9n\u00e9rama + 6 extensions (15 g\u00e9n\u00e9rations)<br \/>\n100 \u20ac le G\u00e9n\u00e9rama Imprim\u00e9 avec le g\u00e9n\u00e9alogie du client<\/p>","protected":false},"featured_media":5090,"comment_status":"closed","ping_status":"closed","template":"","meta":{"_et_pb_use_builder":"","_et_pb_old_content":"","_et_gb_content_width":""},"product_brand":[],"product_cat":[109],"product_tag":[237],"class_list":{"0":"post-5088","1":"product","2":"type-product","3":"status-publish","4":"has-post-thumbnail","6":"product_cat-arbres","7":"product_tag-arbre-generama","9":"first","10":"instock","11":"taxable","12":"shipping-taxable","13":"purchasable","14":"product-type-simple"},"_links":{"self":[{"href":"https:\/\/geniwal2.info-brihaye.lu\/nl\/wp-json\/wp\/v2\/product\/5088","targetHints":{"allow":["GET"]}}],"collection":[{"href":"https:\/\/geniwal2.info-brihaye.lu\/nl\/wp-json\/wp\/v2\/product"}],"about":[{"href":"https:\/\/geniwal2.info-brihaye.lu\/nl\/wp-json\/wp\/v2\/types\/product"}],"replies":[{"embeddable":true,"href":"https:\/\/geniwal2.info-brihaye.lu\/nl\/wp-json\/wp\/v2\/comments?post=5088"}],"wp:featuredmedia":[{"embeddable":true,"href":"https:\/\/geniwal2.info-brihaye.lu\/nl\/wp-json\/wp\/v2\/media\/5090"}],"wp:attachment":[{"href":"https:\/\/geniwal2.info-brihaye.lu\/nl\/wp-json\/wp\/v2\/media?parent=5088"}],"wp:term":[{"taxonomy":"product_brand","embeddable":true,"href":"https:\/\/geniwal2.info-brihaye.lu\/nl\/wp-json\/wp\/v2\/product_brand?post=5088"},{"taxonomy":"product_cat","embeddable":true,"href":"https:\/\/geniwal2.info-brihaye.lu\/nl\/wp-json\/wp\/v2\/product_cat?post=5088"},{"taxonomy":"product_tag","embeddable":true,"href":"https:\/\/geniwal2.info-brihaye.lu\/nl\/wp-json\/wp\/v2\/product_tag?post=5088"}],"curies":[{"name":"wp","href":"https:\/\/api.w.org\/{rel}","templated":true}]}}