{"id":5964,"date":"2020-05-10T14:32:02","date_gmt":"2020-05-10T12:32:02","guid":{"rendered":"https:\/\/geniwal2.info-brihaye.lu\/?post_type=product&#038;p=5964"},"modified":"2024-12-15T11:00:44","modified_gmt":"2024-12-15T10:00:44","slug":"manuel-de-paleographie-nord-pas-de-calais-flandre-et-wallonie","status":"publish","type":"product","link":"https:\/\/geniwal2.info-brihaye.lu\/nl\/boutique\/guides\/manuel-de-paleographie-nord-pas-de-calais-flandre-et-wallonie\/","title":{"rendered":"Handboek paleografie Nord-Pas-de-Calais, Vlaanderen en Walloni\u00eb"},"content":{"rendered":"<p><strong>SAMENVATTING<\/strong><\/p>\n<p>Het is onmogelijk om aan genealogie te doen zonder ooit problemen te ondervinden bij het ontcijferen van oude documenten. Regelmatig, herhaaldelijk en vooral progressief lezen van oude documenten draagt bij aan het individuele leren van paleografie. Maar dit kan lang lijken voor de ongeduldige onderzoeker of de persoon die werkt op gedigitaliseerde archieven online, die iets minder gemakkelijk te lezen zijn. Degenen die van parochieregisters overstappen naar notari\u00eble, juridische of fiscale documenten, stuiten op nieuwe moeilijkheden in verband met professionele afkortingen en hebben behoefte aan een hulpmiddel om hen te helpen.<\/p>\n<p>Last but not least vormen de specifieke kenmerken van de regio een extra obstakel voor iedereen die niet bekend is met de lokale archieven. Deze uitgestrekte regio, historisch gedefinieerd als het voormalige Oostenrijkse Nederland, ligt nu verspreid over verschillende landen, waaronder Frankrijk en Belgi\u00eb. Dit zorgt voor moeilijkheden in verband met de gebruikte taal (vaak Latijn, maar ook, afhankelijk van de sector en de periode, Vlaams, Duits en Frans) en het schrift (Gotisch in de oostelijke provincies).<\/p>\n<p>Het doel van dit Frans-Belgische paleografieboek is om je te leren hoe je oude teksten uit deze regio's uit de 16e-20e eeuw sneller kunt lezen en om je te helpen lokale historische ontwikkelingen te ontdekken.<\/p>\n<p><strong>AUTEUR<\/strong><\/p>\n<p>Alle drie de auteurs zijn lid van de Waalse genealogievereniging Geniwal. Thomas Delvaux publiceert artikelen op www.morinie.com om het publiek bewust te maken van de geschiedenis van Hauts-de-France. Hij heeft verschillende historische en genealogische werken gepubliceerd, waaronder L'histoire et g\u00e9n\u00e9alogie des Van Pradelles (2016). Yves Heraly, voormalig penningmeester van de Cercle d'histoire, d'arch\u00e9ologie et de g\u00e9n\u00e9alogie de Wavre et du Brabant wallon, richtte in 1998 de vereniging G\u00e9niWal (G\u00e9n\u00e9alogie Wallonie Informatique) op, waarvan hij voorzitter is. Robert Van Hecke, lid van G\u00e9niWal vanaf het begin, geeft paleografiecursussen aan de afdelingen Namen en Brabant-Wallon. Hij schrijft artikels voor de Mouvement dynastique belge, afdeling Brabant-Wallon, over de eerste Belgische penningen en de vrijwilligers van de Belgische revolutie van 1830.<\/p>","protected":false},"excerpt":{"rendered":"<p>R\u00e9f\u00e9rence : 700064<br \/>\nUGS : 9782350773056<br \/>\n210 pages broch\u00e9es \/ format 21 X 29,7 cm<br \/>\n<b style=\"color: #ff0000;\">Levertijd 10 dagen na ontvangst van betaling<br \/>\nQuantit\u00e9 maximum par commande : 1<br \/>\n<\/b><\/p>\n<form class=\"cart\" action=\"https:\/\/geniwal2.info-brihaye.lu\/nl\/produit\/retracer-lhistoire-de-sa-commune\/\" enctype=\"multipart\/form-data\" method=\"post\" data-trp-original-action=\"https:\/\/geniwal2.info-brihaye.lu\/produit\/retracer-lhistoire-de-sa-commune\/\">\n<div class=\"quantity buttons_added\"><\/div>\n<input type=\"hidden\" name=\"trp-form-language\" value=\"nl\"\/><\/form>","protected":false},"featured_media":5953,"comment_status":"closed","ping_status":"closed","template":"","meta":{"_et_pb_use_builder":"","_et_pb_old_content":"","_et_gb_content_width":""},"product_brand":[],"product_cat":[112],"product_tag":[196],"class_list":{"0":"post-5964","1":"product","2":"type-product","3":"status-publish","4":"has-post-thumbnail","6":"product_cat-guides","7":"product_tag-196","9":"first","10":"instock","11":"taxable","12":"shipping-taxable","13":"purchasable","14":"product-type-simple"},"_links":{"self":[{"href":"https:\/\/geniwal2.info-brihaye.lu\/nl\/wp-json\/wp\/v2\/product\/5964","targetHints":{"allow":["GET"]}}],"collection":[{"href":"https:\/\/geniwal2.info-brihaye.lu\/nl\/wp-json\/wp\/v2\/product"}],"about":[{"href":"https:\/\/geniwal2.info-brihaye.lu\/nl\/wp-json\/wp\/v2\/types\/product"}],"replies":[{"embeddable":true,"href":"https:\/\/geniwal2.info-brihaye.lu\/nl\/wp-json\/wp\/v2\/comments?post=5964"}],"wp:featuredmedia":[{"embeddable":true,"href":"https:\/\/geniwal2.info-brihaye.lu\/nl\/wp-json\/wp\/v2\/media\/5953"}],"wp:attachment":[{"href":"https:\/\/geniwal2.info-brihaye.lu\/nl\/wp-json\/wp\/v2\/media?parent=5964"}],"wp:term":[{"taxonomy":"product_brand","embeddable":true,"href":"https:\/\/geniwal2.info-brihaye.lu\/nl\/wp-json\/wp\/v2\/product_brand?post=5964"},{"taxonomy":"product_cat","embeddable":true,"href":"https:\/\/geniwal2.info-brihaye.lu\/nl\/wp-json\/wp\/v2\/product_cat?post=5964"},{"taxonomy":"product_tag","embeddable":true,"href":"https:\/\/geniwal2.info-brihaye.lu\/nl\/wp-json\/wp\/v2\/product_tag?post=5964"}],"curies":[{"name":"wp","href":"https:\/\/api.w.org\/{rel}","templated":true}]}}