{"id":5968,"date":"2020-05-10T14:48:19","date_gmt":"2020-05-10T12:48:19","guid":{"rendered":"https:\/\/geniwal2.info-brihaye.lu\/?post_type=product&#038;p=5968"},"modified":"2025-03-01T21:40:59","modified_gmt":"2025-03-01T20:40:59","slug":"papy-mamie-raconte-moi-tes-souvenirs","status":"publish","type":"product","link":"https:\/\/geniwal2.info-brihaye.lu\/nl\/boutique\/guides\/papy-mamie-raconte-moi-tes-souvenirs\/","title":{"rendered":"Opa! Oma! Vertel me wat je je herinnert!"},"content":{"rendered":"<p><strong>SAMENVATTING <\/strong><\/p>\n<p>Ik: \"Leven zonder televisie, tablets of computers? Is dat onmogelijk?<\/p>\n<p>Maar opa en oma hadden er geen toen ze zo oud waren als ik.<\/p>\n<p>Wat hebben ze gedaan? Ze zijn volwassen, maar ze gingen ook naar school.<\/p>\n<p>Laquelle ? \u00c9taient-ils sages ou diablotins ?&#8230; Et leur famille ?<\/p>\n<p>Kenden ze hun grootouders? Hun overgrootouders?<\/p>\n<p>Et qui \u00e9tait leur cousin pr\u00e9f\u00e9r\u00e9 ?&#8230; \u00bb<\/p>\n<p>Opa of oma: \"De familie, de school in onze kindertijd, onze banen,<\/p>\n<p>Het dagelijks leven in het verleden... Zoveel onderwerpen die nog vers in ons geheugen liggen, maar waarvan we niet weten hoe we ze aan de jongere generatie moeten vertellen. Dus waar beginnen we?<\/p>\n<p>Hoe we onze herinneringen op een leuke manier kunnen delen<\/p>\n<p>avec nos petits-enfants ?&#8230; \u00bb<\/p>\n<p>Vragen die vliegen, antwoorden die de uitwisseling aangaan, friezen<\/p>\n<p>chronologische tijdlijnen en informatie om mensen aan het denken te zetten, spelletjes om samen te doen in het weekend of tijdens de vakantie...<\/p>\n<p><strong>AUTEUR<\/strong><\/p>\n<p>Sophie Bunel is een onderwijzeres die haar pedagogische vaardigheden, ervaring in het werken met kinderen van alle rangen en standen en kennis van genealogie en de levensverhalen van ouderen goed heeft gebruikt om de dialoog tussen grootouders en kleinkinderen te stimuleren. Een heerlijk doeboek om met de hele familie te delen!<\/p>","protected":false},"excerpt":{"rendered":"<p>R\u00e9f\u00e9rence : 701029<br \/>\nUGS : 9782350773001<br \/>\n32 pages \/ 22 x 28 cm \/ 1 arbre g\u00e9n\u00e9alogique d\u00e9tachable \u00e0 remplir<br \/>\n<b style=\"color: #ff0000;\">Levertijd 10 dagen na ontvangst van betaling<br \/>\nQuantit\u00e9 maximum par commande : 3<br \/>\n<\/b><\/p>\n<form class=\"cart\" action=\"https:\/\/geniwal2.info-brihaye.lu\/nl\/produit\/retracer-lhistoire-de-sa-commune\/\" enctype=\"multipart\/form-data\" method=\"post\" data-trp-original-action=\"https:\/\/geniwal2.info-brihaye.lu\/produit\/retracer-lhistoire-de-sa-commune\/\">\n<div class=\"quantity buttons_added\"><\/div>\n<input type=\"hidden\" name=\"trp-form-language\" value=\"nl\"\/><\/form>","protected":false},"featured_media":5956,"comment_status":"closed","ping_status":"closed","template":"","meta":{"_et_pb_use_builder":"","_et_pb_old_content":"","_et_gb_content_width":""},"product_brand":[],"product_cat":[112],"product_tag":[],"class_list":{"0":"post-5968","1":"product","2":"type-product","3":"status-publish","4":"has-post-thumbnail","6":"product_cat-guides","8":"first","9":"instock","10":"taxable","11":"shipping-taxable","12":"purchasable","13":"product-type-simple"},"_links":{"self":[{"href":"https:\/\/geniwal2.info-brihaye.lu\/nl\/wp-json\/wp\/v2\/product\/5968","targetHints":{"allow":["GET"]}}],"collection":[{"href":"https:\/\/geniwal2.info-brihaye.lu\/nl\/wp-json\/wp\/v2\/product"}],"about":[{"href":"https:\/\/geniwal2.info-brihaye.lu\/nl\/wp-json\/wp\/v2\/types\/product"}],"replies":[{"embeddable":true,"href":"https:\/\/geniwal2.info-brihaye.lu\/nl\/wp-json\/wp\/v2\/comments?post=5968"}],"wp:featuredmedia":[{"embeddable":true,"href":"https:\/\/geniwal2.info-brihaye.lu\/nl\/wp-json\/wp\/v2\/media\/5956"}],"wp:attachment":[{"href":"https:\/\/geniwal2.info-brihaye.lu\/nl\/wp-json\/wp\/v2\/media?parent=5968"}],"wp:term":[{"taxonomy":"product_brand","embeddable":true,"href":"https:\/\/geniwal2.info-brihaye.lu\/nl\/wp-json\/wp\/v2\/product_brand?post=5968"},{"taxonomy":"product_cat","embeddable":true,"href":"https:\/\/geniwal2.info-brihaye.lu\/nl\/wp-json\/wp\/v2\/product_cat?post=5968"},{"taxonomy":"product_tag","embeddable":true,"href":"https:\/\/geniwal2.info-brihaye.lu\/nl\/wp-json\/wp\/v2\/product_tag?post=5968"}],"curies":[{"name":"wp","href":"https:\/\/api.w.org\/{rel}","templated":true}]}}