{"id":5976,"date":"2020-05-10T15:09:06","date_gmt":"2020-05-10T13:09:06","guid":{"rendered":"https:\/\/geniwal2.info-brihaye.lu\/?post_type=product&#038;p=5976"},"modified":"2022-03-05T08:13:19","modified_gmt":"2022-03-05T07:13:19","slug":"raconter-son-histoire-familiale","status":"publish","type":"product","link":"https:\/\/geniwal2.info-brihaye.lu\/nl\/boutique\/guides\/raconter-son-histoire-familiale\/","title":{"rendered":"Je familieverhaal vertellen"},"content":{"rendered":"<p><strong>SAMENVATTING<\/strong><\/p>\n<p>Vertellen gaat over delen. Het heeft geen zin om je verhaal te vertellen als niemand wil luisteren. Vertellen is net zo goed vertellen wat je gisteren hebt gedaan als uitleggen hoe de familie er 250 jaar geleden uitzag. Vertellen gaat over het overbrengen van een verhaal, emoties en een bepaalde stijl. Vertellen gaat net zo goed over het schrijven en weven van een verhaal gedurende maanden als over het laten stromen van je herinneringen tijdens een familiediner. Vertellen gaat over het informeren, verspreiden en doorgeven van een verhaal, of het nu gaat om een behoefte die bevredigd moet worden of een plicht die vervuld moet worden... Vertellen gaat soms over de beelden voor zichzelf laten spreken, als woorden te moeilijk zijn om te zeggen of als je gewoon niet geloofd wordt. Het verhaal vertellen is het schenken van je geheugen, dat van nature vluchtig is. Ge\u00efnspireerd door talrijke ontmoetingen en getuigenissen, zal deze gids diegenen helpen wiens idee om een familiegeschiedenis te schrijven al lang in een hoekje van hun geest aan het ontkiemen is, evenals diegenen wiens project al begonnen is of hapert. Het is bedoeld om idee\u00ebn te geven aan degenen die er niet genoeg van hebben, om degenen die twijfelen gerust te stellen, om degenen voor wie het \"de eerste keer is dat ze dit doen\" te begeleiden... met als uitgangspunt dat alle verhalen het verdienen om verteld te worden, van de langste tot de kortste, van de mooiste tot de meest onrustige. Wat degenen die het allemaal hebben gedaan gemeen hebben, is de vreugde iets unieks te hebben bereikt en van hun naasten veel meer terug te hebben gekregen dan ze hadden gehoopt.<\/p>\n<p><strong>AUTEUR<\/strong><\/p>\n<p>Gwen Guidou : dipl\u00f4m\u00e9e en gestion de projets, elle a mis son exp\u00e9rience de g\u00e9n\u00e9alogiste, son sens de l&rsquo;\u00e9coute et son go\u00fbt pour les arts graphiques au service des r\u00e9cits de famille, qu&rsquo;ils couvrent un ou plusieurs si\u00e8cles. Elle leur r\u00e9alisation, de la retranscription d\u2019interviews, de manuscrits, de correspondances ou de carnets de voyages, \u00e0 la r\u00e9alisation d\u2019un livre \u00e0 petit tirage destin\u00e9 aux proches. Elle a cr\u00e9\u00e9 le site www.brinsdhistoires.com.<\/p>","protected":false},"excerpt":{"rendered":"<p>R\u00e9f\u00e9rence : 701028<br \/>\nUGS : 978-2-35077-258-5<br \/>\n80 pages broch\u00e9es tout en couleur \/ format : 17 x 24 cm<br \/>\n<b style=\"color: #ff0000;\">Levertijd 10 dagen na ontvangst van betaling<br \/>\nQuantit\u00e9 maximum par commande : 3<br \/>\n<\/b><\/p>\n<form class=\"cart\" action=\"https:\/\/geniwal2.info-brihaye.lu\/nl\/produit\/retracer-lhistoire-de-sa-commune\/\" enctype=\"multipart\/form-data\" method=\"post\" data-trp-original-action=\"https:\/\/geniwal2.info-brihaye.lu\/produit\/retracer-lhistoire-de-sa-commune\/\">\n<div class=\"quantity buttons_added\"><\/div>\n<input type=\"hidden\" name=\"trp-form-language\" value=\"nl\"\/><\/form>","protected":false},"featured_media":5961,"comment_status":"closed","ping_status":"closed","template":"","meta":{"_et_pb_use_builder":"","_et_pb_old_content":"","_et_gb_content_width":""},"product_brand":[],"product_cat":[112],"product_tag":[],"class_list":{"0":"post-5976","1":"product","2":"type-product","3":"status-publish","4":"has-post-thumbnail","6":"product_cat-guides","8":"first","9":"outofstock","10":"taxable","11":"shipping-taxable","12":"purchasable","13":"product-type-simple"},"_links":{"self":[{"href":"https:\/\/geniwal2.info-brihaye.lu\/nl\/wp-json\/wp\/v2\/product\/5976","targetHints":{"allow":["GET"]}}],"collection":[{"href":"https:\/\/geniwal2.info-brihaye.lu\/nl\/wp-json\/wp\/v2\/product"}],"about":[{"href":"https:\/\/geniwal2.info-brihaye.lu\/nl\/wp-json\/wp\/v2\/types\/product"}],"replies":[{"embeddable":true,"href":"https:\/\/geniwal2.info-brihaye.lu\/nl\/wp-json\/wp\/v2\/comments?post=5976"}],"wp:featuredmedia":[{"embeddable":true,"href":"https:\/\/geniwal2.info-brihaye.lu\/nl\/wp-json\/wp\/v2\/media\/5961"}],"wp:attachment":[{"href":"https:\/\/geniwal2.info-brihaye.lu\/nl\/wp-json\/wp\/v2\/media?parent=5976"}],"wp:term":[{"taxonomy":"product_brand","embeddable":true,"href":"https:\/\/geniwal2.info-brihaye.lu\/nl\/wp-json\/wp\/v2\/product_brand?post=5976"},{"taxonomy":"product_cat","embeddable":true,"href":"https:\/\/geniwal2.info-brihaye.lu\/nl\/wp-json\/wp\/v2\/product_cat?post=5976"},{"taxonomy":"product_tag","embeddable":true,"href":"https:\/\/geniwal2.info-brihaye.lu\/nl\/wp-json\/wp\/v2\/product_tag?post=5976"}],"curies":[{"name":"wp","href":"https:\/\/api.w.org\/{rel}","templated":true}]}}