{"id":6251,"date":"2020-09-15T15:25:21","date_gmt":"2020-09-15T13:25:21","guid":{"rendered":"https:\/\/geniwal2.info-brihaye.lu\/?post_type=product&#038;p=6251"},"modified":"2021-02-13T16:16:45","modified_gmt":"2021-02-13T15:16:45","slug":"genealogie-ascendante-de-jean-claude-van-cauwenberghe","status":"publish","type":"product","link":"https:\/\/geniwal2.info-brihaye.lu\/nl\/boutique\/genealogie\/genealogie-ascendante-de-jean-claude-van-cauwenberghe\/","title":{"rendered":"Genealogie van Jean Claude VAN CAUWENBERGHE"},"content":{"rendered":"<p>Voorwoord<\/p>\n<p>Je voudrais remercier Madame Line MANOUVRIER, Collaboratrice de Monsieur le Ministre Pr\u00e9sident Jean-Claude VAN CAUWENBERGHE, pour son efficacit\u00e9 dans la transmission des documents g\u00e9n\u00e9alogiques de base \u00e0 M. Yves Heraly, Pr\u00e9sident de \u00ab Geniwal \u00bb. Cette documentation m&rsquo;a permis de d\u00e9marrer l&rsquo;ascendance de la famille Van Cauwenberghe. Un grand merci \u00e0 M. Andr\u00e9 Vroye pour l&rsquo;aide apport\u00e9e aux recherches effectu\u00e9es aux Archives G\u00e9n\u00e9rales du Royaume et aux Archives d\u00e9partementales de la Moselle \u00e0 Metz (F), ainsi qu&rsquo;\u00e0 M. Pierre Tichon pour le support technique sans qui ce travail n&rsquo;aurait pu \u00eatre r\u00e9alis\u00e9. Toute notre reconnaissance \u00e0 nos amis fran\u00e7ais M.et Mme Monique ALLOGNE, MM. Jean Paul DENISE, Christian MADOULET et Henri DESCAMP pour leurs recherches indispensables et pr\u00e9cieuses dans les d\u00e9partements fran\u00e7ais. La G\u00e9n\u00e9alogie n&rsquo;est pas une science infuse. C&rsquo;est avec l&rsquo;exp\u00e9rience et la pr\u00e9caution de rigueur que pas \u00e0 pas on remonte dans le temps. Dans le doute, abstiens-toi ! La certitude est toujours la meilleure route \u00e0 suivre. Il faut aussi savoir qu&rsquo;une g\u00e9n\u00e9alogie n&rsquo;est jamais termin\u00e9e et que toutes les corrections justifi\u00e9es seront prises en compte. Dans la famille Van Cauwenberghe il y a plusieurs cantonniers, douaniers, employ\u00e9s aux Chemins de Fer. Je vous invite donc \u00e0 monter dans le train \u00ab \u00e0 vapeur \u00bb et parcourir ainsi les villes et villages tels que Athis, Beaumont, Bernissart, Cerfontaine, Charleroi, Dadizele, Lodelinsart, Melden, Nukerke, pour la Belgique, sans oublier le Nord de la France, Lille, Montaigu, Reims, Paris, &#8230;. et comme dans la chanson\u00ab en passant par la Lorraine\u00bb Hagondange, Terville &#8230;.<\/p>\n<p>Gilberte ROUSSEAU \u03ee<\/p>","protected":false},"excerpt":{"rendered":"<p>Poids du livre 1025 gr<br \/>\nDimension : 297 x 221<br \/>\n<b style=\"color: #ff0000;\">Levertijd 10 dagen na ontvangst van betaling<br \/>\nQuantit\u00e9 maximum par commande : 1<\/b><\/p>","protected":false},"featured_media":6263,"comment_status":"closed","ping_status":"closed","template":"","meta":{"_et_pb_use_builder":"","_et_pb_old_content":"","_et_gb_content_width":""},"product_brand":[],"product_cat":[111],"product_tag":[],"class_list":{"0":"post-6251","1":"product","2":"type-product","3":"status-publish","4":"has-post-thumbnail","6":"product_cat-genealogie","8":"first","9":"instock","10":"taxable","11":"shipping-taxable","12":"purchasable","13":"product-type-simple"},"_links":{"self":[{"href":"https:\/\/geniwal2.info-brihaye.lu\/nl\/wp-json\/wp\/v2\/product\/6251","targetHints":{"allow":["GET"]}}],"collection":[{"href":"https:\/\/geniwal2.info-brihaye.lu\/nl\/wp-json\/wp\/v2\/product"}],"about":[{"href":"https:\/\/geniwal2.info-brihaye.lu\/nl\/wp-json\/wp\/v2\/types\/product"}],"replies":[{"embeddable":true,"href":"https:\/\/geniwal2.info-brihaye.lu\/nl\/wp-json\/wp\/v2\/comments?post=6251"}],"wp:featuredmedia":[{"embeddable":true,"href":"https:\/\/geniwal2.info-brihaye.lu\/nl\/wp-json\/wp\/v2\/media\/6263"}],"wp:attachment":[{"href":"https:\/\/geniwal2.info-brihaye.lu\/nl\/wp-json\/wp\/v2\/media?parent=6251"}],"wp:term":[{"taxonomy":"product_brand","embeddable":true,"href":"https:\/\/geniwal2.info-brihaye.lu\/nl\/wp-json\/wp\/v2\/product_brand?post=6251"},{"taxonomy":"product_cat","embeddable":true,"href":"https:\/\/geniwal2.info-brihaye.lu\/nl\/wp-json\/wp\/v2\/product_cat?post=6251"},{"taxonomy":"product_tag","embeddable":true,"href":"https:\/\/geniwal2.info-brihaye.lu\/nl\/wp-json\/wp\/v2\/product_tag?post=6251"}],"curies":[{"name":"wp","href":"https:\/\/api.w.org\/{rel}","templated":true}]}}