{"id":6257,"date":"2020-09-17T11:22:09","date_gmt":"2020-09-17T09:22:09","guid":{"rendered":"https:\/\/geniwal2.info-brihaye.lu\/?post_type=product&#038;p=6257"},"modified":"2024-09-13T18:06:35","modified_gmt":"2024-09-13T16:06:35","slug":"felicien-rops-genealogie","status":"publish","type":"product","link":"https:\/\/geniwal2.info-brihaye.lu\/nl\/boutique\/genealogie\/felicien-rops-genealogie\/","title":{"rendered":"Genealogie F\u00e9licien Rops"},"content":{"rendered":"<p>Rops, ses origines et la soci\u00e9t\u00e9 de son temps C&rsquo;est pour moi un plaisir de pr\u00e9facer le minutieux travail de recherche effectu\u00e9 par un groupe de g\u00e9n\u00e9alogistes sur les quartiers d&rsquo;ascendance de F\u00e9licien Rops. Tant de choses ont d\u00e9j\u00e0 \u00e9t\u00e9 \u00e9crites sur Rops. N\u00e9 ausein d&rsquo;une famille estim\u00e9e, excellemment bien mari\u00e9 &#8211; socialement s&rsquo;entend -, condamn\u00e9 ensuite par ses contemporains qui ne lui pardonneront jamais de croquer la vie \u00e0 si belles dents, notre personnage, attachant et talentueux, a comme beaucoup d&rsquo;entre nous des origines contrast\u00e9es. Petit-fils d&rsquo;un marchand mercier plut\u00f4t modeste, et arri\u00e8re-petit-fils d&rsquo;un jardinier ce qui dans le langage de l&rsquo;\u00e9poque pourrait signifier horticulteur, les origines paternelles de F\u00e9licien Rops sont modestes et bruxelloises. Peu de branches au 1 S\u00e8me si\u00e8cle ont \u00e9merg\u00e9 de cette condition sociale hormis celle de F\u00e9licien qui gravit pas \u00e0 pas les \u00e9tapes d&rsquo;une ascension, et celle de Pierre-Godefroid Rops, tant\u00f4t musicien, ami de Georges-Andr\u00e9 Angelroth, fondateur de l&rsquo;\u00e9cole de musique de la ville2, tant\u00f4t &#8230; commissaire de police, et anc\u00eatre direct d&rsquo;Emile Francqui (1863-1935), homme d&rsquo;affaires et financier ami de Paul Claudel, ministre des Finances et cr\u00e9ateur du Prix Francqui r\u00e9compensant une \u0153uvre scientifique. Du c\u00f4t\u00e9 maternel, il en est autrement. a m\u00e8re Sophie Maubille, appartient en effet \u00e0 une famille de censiers et fermiers propri\u00e9taires des environs de Genappe et de Glabais qui compta des notables, \u00e9chevins ou mayeurs de lieux divers. Une arri\u00e8re-grand-m\u00e8re maternelle de F\u00e9licien Rops n&rsquo;est autre que Marie-Catherine Houtart appartenant \u00e0 une des plus anciennes familles belges, d&rsquo;origine namuroise par ailleurs. Par l&rsquo;une de ses trisa\u00efeules, maternelles toujours, F\u00e9licien Rops descend encore des Boucqu\u00e9au, grande famille de censiers de Mont-Saint-Jean, du Caillou \u00e0 Vieux-Genappe et du Croissant \u00e0 Maransart, propri\u00e9taires de huileries et qui donn\u00e8rent de nombreux \u00e9chevins. L&rsquo;ascension sociale des Rops, les origines rurales mais patriciennes de sa m\u00e8re, l&rsquo;aisance certaine acquise, sont des facteurs \u00e9vidents qui ont amen\u00e9 F\u00e9licien Rops \u00e0 \u00e9voluer dans un milieu ais\u00e9 en ce 19\u00e8me si\u00e8cle qui voit l&rsquo;apog\u00e9e de la bourgeoisie montante. Les Rops \u00e0 Namur \u00e0 cette \u00e9poque font d\u00e8s lors partie de la bourgeoisie de la ville et exercent non seulement des activit\u00e9s commerciales importantes mais donnent \u00e0 Namur des avocats, des ing\u00e9nieurs, des industriels et un \u00e9chevin de la Ville en m\u00eame temps qu&rsquo;il est conseiller provincial. On sait que le p\u00e8re de F\u00e9licien Rops est marchand<\/p>","protected":false},"excerpt":{"rendered":"<p>Poids du livre 260 gr<br \/>\nDimension : 297 x 221<br \/>\n<b style=\"color: #ff0000;\">Levertijd 10 dagen na ontvangst van betaling<br \/>\nQuantit\u00e9 maximum par commande : 3<\/b><\/p>","protected":false},"featured_media":6267,"comment_status":"closed","ping_status":"closed","template":"","meta":{"_et_pb_use_builder":"","_et_pb_old_content":"","_et_gb_content_width":""},"product_brand":[],"product_cat":[111],"product_tag":[],"class_list":{"0":"post-6257","1":"product","2":"type-product","3":"status-publish","4":"has-post-thumbnail","6":"product_cat-genealogie","8":"first","9":"instock","10":"taxable","11":"shipping-taxable","12":"purchasable","13":"product-type-simple"},"_links":{"self":[{"href":"https:\/\/geniwal2.info-brihaye.lu\/nl\/wp-json\/wp\/v2\/product\/6257","targetHints":{"allow":["GET"]}}],"collection":[{"href":"https:\/\/geniwal2.info-brihaye.lu\/nl\/wp-json\/wp\/v2\/product"}],"about":[{"href":"https:\/\/geniwal2.info-brihaye.lu\/nl\/wp-json\/wp\/v2\/types\/product"}],"replies":[{"embeddable":true,"href":"https:\/\/geniwal2.info-brihaye.lu\/nl\/wp-json\/wp\/v2\/comments?post=6257"}],"wp:featuredmedia":[{"embeddable":true,"href":"https:\/\/geniwal2.info-brihaye.lu\/nl\/wp-json\/wp\/v2\/media\/6267"}],"wp:attachment":[{"href":"https:\/\/geniwal2.info-brihaye.lu\/nl\/wp-json\/wp\/v2\/media?parent=6257"}],"wp:term":[{"taxonomy":"product_brand","embeddable":true,"href":"https:\/\/geniwal2.info-brihaye.lu\/nl\/wp-json\/wp\/v2\/product_brand?post=6257"},{"taxonomy":"product_cat","embeddable":true,"href":"https:\/\/geniwal2.info-brihaye.lu\/nl\/wp-json\/wp\/v2\/product_cat?post=6257"},{"taxonomy":"product_tag","embeddable":true,"href":"https:\/\/geniwal2.info-brihaye.lu\/nl\/wp-json\/wp\/v2\/product_tag?post=6257"}],"curies":[{"name":"wp","href":"https:\/\/api.w.org\/{rel}","templated":true}]}}