{"id":6554,"date":"2020-12-16T22:11:15","date_gmt":"2020-12-16T21:11:15","guid":{"rendered":"https:\/\/geniwal2.info-brihaye.lu\/?post_type=product&#038;p=6554"},"modified":"2020-12-16T22:14:36","modified_gmt":"2020-12-16T21:14:36","slug":"6554","status":"publish","type":"product","link":"https:\/\/geniwal2.info-brihaye.lu\/nl\/boutique\/outils\/6554\/","title":{"rendered":"FACILOTAB CLASSIC SYSTEEM TE INSTALLEREN OP EEN ANDROID TABLET - ONBEPERKTE PAS - TE DOWNLOADEN"},"content":{"rendered":"","protected":false},"excerpt":{"rendered":"<p>Installez le syst\u00e8me Facilotab Classic sur votre tablette Android !<br \/>\nTransformez ainsi votre tablette en tablette simplifi\u00e9e id\u00e9al pour les d\u00e9butants. Acc\u00e8s simplifi\u00e9e \u00e0 la messagerie, \u00e0 Internet, et \u00e0 toutes les applications Android.<\/p>\n<p><a href=\"https:\/\/www.facilotab.com\/boutique\/fr\/syst%C3%A8me-facilotab-pour-simplifier-votre-tablette-android\/398-systeme-facilotab-pour-tablette-android-3592120190503.html#description\"><strong>Beschrijving<\/strong><\/a><\/p>\n<p><strong>Que vous apporte le syst\u00e8me Facilotab ?<\/strong><\/p>\n<ul>\n<li>Un \u00e9cran d&rsquo;accueil simplifi\u00e9 pour avoir l&rsquo;essentiel des fonctions n\u00e9cessaires<\/li>\n<li>Acc\u00e8s facile \u00e0 la messagerie avec des boutons d&rsquo;action en fran\u00e7ais (R\u00e9pondre, Voir tous les messages&#8230;)<\/li>\n<li>Navigateur internet transform\u00e9 pour mieux prendre en compte les interactions tactiles<\/li>\n<li>Interface des applications revue pour prendre en compte le touch\u00e9 long ou le touch\u00e9 gliss\u00e9 sans perturbation<\/li>\n<li>Activation possible du mode Fort contraste et ajustement des tailles de caract\u00e8res<\/li>\n<\/ul>\n<p><strong>Une installation facile sur toutes les tablettes Android&#8230;<\/strong><\/p>\n<p><strong>Nouveau :<\/strong>\u00a0Il est maintenant possible d&rsquo;installer sur toutes les tablettes Android r\u00e9centes le syst\u00e8me Facilotab. Ainsi, vous retrouvez tous les avantages de simplicit\u00e9 d&rsquo;usage de Facilotab sur la tablette de votre choix.<\/p>\n<p>Nous recommandons une tablette avec un \u00e9cran minimum de 9 pouces et une m\u00e9moire de 16 Go de stockage minimum. La tablette doit disposer d&rsquo;une version d&rsquo;Android sup\u00e9rieur ou \u00e9gale \u00e0 4.4.5 (sauf la version 7.1).<\/p>\n<p>Ce syst\u00e8me Facilotab peut \u00eatre install\u00e9 et verrouill\u00e9 sur la tablette afin de prot\u00e9ger l&rsquo;utilisateur et l&#8217;emp\u00eacher de retourner au syst\u00e8me Android Natif. Cependant, il est possible de d\u00e9sactiver temporairement le syst\u00e8me Facilotab par un mot de passe de votre choix afin de retrouver le syst\u00e8me Android Standard.<\/p>\n<p><u>Il vous faudra compter 10 minutes pour installer le syst\u00e8me en suivant la notice transmise.<\/u>\u00a0Il est recommand\u00e9 que cela soit fait par une personne ayant d\u00e9j\u00e0 manipul\u00e9 les tablettes Android et capable de suivre le mini guide fourni.<\/p>\n<p>Une fois que vous aurez utilis\u00e9 la clef d&rsquo;activation que vous recevrez, celle-ci ne sera plus n\u00e9cessaire.<\/p>\n<p>En cas de changement de tablette, vous pourrez r\u00e9installer votre syst\u00e8me Facilotab sur votre nouvelle tablette. L&rsquo;ancienne tablette ne pourra plus faire fonctionner Facilotab. Le syst\u00e8me est limit\u00e9e \u00e0 3 installations.<\/p>\n<p><strong>Pour quel public ?<\/strong><\/p>\n<p>L&rsquo;\u00e9dition Classique de Facilotab est destin\u00e9e aux personnes souhaitant disposer d&rsquo;un syst\u00e8me plus simple tout en gardant le syst\u00e8me Android.<\/p>","protected":false},"featured_media":6555,"comment_status":"closed","ping_status":"closed","template":"","meta":{"_et_pb_use_builder":"","_et_pb_old_content":"","_et_gb_content_width":""},"product_brand":[],"product_cat":[114],"product_tag":[],"class_list":{"0":"post-6554","1":"product","2":"type-product","3":"status-publish","4":"has-post-thumbnail","6":"product_cat-outils","8":"first","9":"instock","10":"taxable","11":"shipping-taxable","12":"purchasable","13":"product-type-simple"},"_links":{"self":[{"href":"https:\/\/geniwal2.info-brihaye.lu\/nl\/wp-json\/wp\/v2\/product\/6554","targetHints":{"allow":["GET"]}}],"collection":[{"href":"https:\/\/geniwal2.info-brihaye.lu\/nl\/wp-json\/wp\/v2\/product"}],"about":[{"href":"https:\/\/geniwal2.info-brihaye.lu\/nl\/wp-json\/wp\/v2\/types\/product"}],"replies":[{"embeddable":true,"href":"https:\/\/geniwal2.info-brihaye.lu\/nl\/wp-json\/wp\/v2\/comments?post=6554"}],"wp:featuredmedia":[{"embeddable":true,"href":"https:\/\/geniwal2.info-brihaye.lu\/nl\/wp-json\/wp\/v2\/media\/6555"}],"wp:attachment":[{"href":"https:\/\/geniwal2.info-brihaye.lu\/nl\/wp-json\/wp\/v2\/media?parent=6554"}],"wp:term":[{"taxonomy":"product_brand","embeddable":true,"href":"https:\/\/geniwal2.info-brihaye.lu\/nl\/wp-json\/wp\/v2\/product_brand?post=6554"},{"taxonomy":"product_cat","embeddable":true,"href":"https:\/\/geniwal2.info-brihaye.lu\/nl\/wp-json\/wp\/v2\/product_cat?post=6554"},{"taxonomy":"product_tag","embeddable":true,"href":"https:\/\/geniwal2.info-brihaye.lu\/nl\/wp-json\/wp\/v2\/product_tag?post=6554"}],"curies":[{"name":"wp","href":"https:\/\/api.w.org\/{rel}","templated":true}]}}