{"id":6651,"date":"2021-02-07T16:21:33","date_gmt":"2021-02-07T15:21:33","guid":{"rendered":"https:\/\/geniwal2.info-brihaye.lu\/?post_type=product&#038;p=6651"},"modified":"2021-03-14T19:37:26","modified_gmt":"2021-03-14T18:37:26","slug":"larbre-geniwal-3-generations-special-enfant-decor-foret-copie","status":"publish","type":"product","link":"https:\/\/geniwal2.info-brihaye.lu\/nl\/boutique\/arbres\/larbre-geniwal-3-generations-special-enfant-decor-foret-copie\/","title":{"rendered":"De G\u00e9niWal 3-generatie boom - Speciaal voor kinderen"},"content":{"rendered":"<p>Nous vous proposons 7 mod\u00e8les d&rsquo;arbres enfant \u00e0 3 g\u00e9n\u00e9rations<\/p>\n<ul>\n<li>Bos<\/li>\n<li>Roos<\/li>\n<li>Open tulp<\/li>\n<li>Korenbloem<\/li>\n<li>Jacinthe<\/li>\n<li>Lobelia<\/li>\n<li>Geranium<\/li>\n<li>Glaieul<\/li>\n<\/ul>\n<p>Kies maar uit!<\/p>\n<p><b>Levertijd 10 dagen na ontvangst van betaling<\/b><b><br \/>\n<\/b><b><br \/>\n<\/b>Alle modellen en tekeningen zijn auteursrechtelijk beschermd.<br \/>\n(Franse wet op intellectueel eigendom).<br \/>\n2012-2020 G\u00e9niWal a.s.b.l.<\/p>","protected":false},"excerpt":{"rendered":"<div><strong>Description :\u00a0<\/strong>Votre enfant ou petit-enfant a un travail scolaire \u00e0 r\u00e9aliser pour l\u2019\u00e9cole ?<br \/>\nFournissez-lui le support id\u00e9al pour y inscrire toute sa g\u00e9n\u00e9alogie sur 3 g\u00e9n\u00e9rations.<\/div>\n<ul>\n<li>Arbre vide \u00e0 3 g\u00e9n\u00e9rations, format A4 (21,5 cm sur 29,7 cm) &#8211; cr\u00e9ation G\u00e9niWal.<\/li>\n<li><b><\/b>Livraison sous tube<\/li>\n<\/ul>","protected":false},"featured_media":6647,"comment_status":"closed","ping_status":"closed","template":"","meta":{"_et_pb_use_builder":"","_et_pb_old_content":"","_et_gb_content_width":""},"product_brand":[],"product_cat":[109],"product_tag":[236],"class_list":{"0":"post-6651","1":"product","2":"type-product","3":"status-publish","4":"has-post-thumbnail","6":"product_cat-arbres","7":"product_tag-arbre-geniwal-4-generations-special-enfant-decor-foret","9":"first","10":"instock","11":"taxable","12":"shipping-taxable","13":"purchasable","14":"product-type-variable"},"_links":{"self":[{"href":"https:\/\/geniwal2.info-brihaye.lu\/nl\/wp-json\/wp\/v2\/product\/6651","targetHints":{"allow":["GET"]}}],"collection":[{"href":"https:\/\/geniwal2.info-brihaye.lu\/nl\/wp-json\/wp\/v2\/product"}],"about":[{"href":"https:\/\/geniwal2.info-brihaye.lu\/nl\/wp-json\/wp\/v2\/types\/product"}],"replies":[{"embeddable":true,"href":"https:\/\/geniwal2.info-brihaye.lu\/nl\/wp-json\/wp\/v2\/comments?post=6651"}],"wp:featuredmedia":[{"embeddable":true,"href":"https:\/\/geniwal2.info-brihaye.lu\/nl\/wp-json\/wp\/v2\/media\/6647"}],"wp:attachment":[{"href":"https:\/\/geniwal2.info-brihaye.lu\/nl\/wp-json\/wp\/v2\/media?parent=6651"}],"wp:term":[{"taxonomy":"product_brand","embeddable":true,"href":"https:\/\/geniwal2.info-brihaye.lu\/nl\/wp-json\/wp\/v2\/product_brand?post=6651"},{"taxonomy":"product_cat","embeddable":true,"href":"https:\/\/geniwal2.info-brihaye.lu\/nl\/wp-json\/wp\/v2\/product_cat?post=6651"},{"taxonomy":"product_tag","embeddable":true,"href":"https:\/\/geniwal2.info-brihaye.lu\/nl\/wp-json\/wp\/v2\/product_tag?post=6651"}],"curies":[{"name":"wp","href":"https:\/\/api.w.org\/{rel}","templated":true}]}}