{"id":6923,"date":"2021-04-11T17:08:03","date_gmt":"2021-04-11T15:08:03","guid":{"rendered":"https:\/\/geniwal2.info-brihaye.lu\/?post_type=product&#038;p=6923"},"modified":"2022-03-06T17:39:04","modified_gmt":"2022-03-06T16:39:04","slug":"guide-du-latin-a-lusage-des-genealogistes","status":"publish","type":"product","link":"https:\/\/geniwal2.info-brihaye.lu\/nl\/boutique\/guides\/guide-du-latin-a-lusage-des-genealogistes\/","title":{"rendered":"Een gids voor Latijn voor genealogen"},"content":{"rendered":"<p>Veel genealogen zijn ontmoedigd als ze tijdens hun onderzoek Latijnse akten tegenkomen: hun enthousiasme wordt plotseling getemperd, alsof ze op een onoverkomelijk obstakel zijn gestuit. Het is waar dat ontmoediging soms gerechtvaardigd lijkt wanneer je wordt geconfronteerd met een taal die je niet kent of niet meer hebt gebruikt sinds de middelbare school, en met schriften die niet altijd leesbaar zijn.<\/p>\n<p>Het is echter relatief eenvoudig om je weg te vinden in de Latijnse parochieregisters: we zijn ver verwijderd van de complexiteit van de klassieke literatuur en de stijl van de grote Romeinse auteurs: de meeste formules zijn terugkerend en de woordenschat is beperkt.<\/p>\n<p>Deze gids wil genealogen een praktische, methodische en stapsgewijze benadering van het Latijn bieden. Het legt in het kort uit hoe de Latijnse zin werkt, legt de basis zinsbouw uit, benadrukt de verschillen met het Frans en gaat dan in detail in op de naamgeving van personen en plaatsen, nummers en data en de specifieke woordenschat die van akte tot akte wordt gebruikt voor dopen, huwelijken en begrafenissen. Met talrijke verklarende woordenlijsten in de bijlagen helpt het familiehistorici om hun onderzoek voort te zetten en gemakkelijk de voor hen interessante akten te vertalen.<\/p>","protected":false},"excerpt":{"rendered":"<p>Ce guide a pour ambition de permettre une approche pratique du latin, m\u00e9thodique et progressive, \u00e0 l\u2019usage des g\u00e9n\u00e9alogistes. Il explique le fonctionnement de la phrase latine, pose des\u00a0bases de syntaxe, met en \u00e9vidence les diff\u00e9rences avec le fran\u00e7ais, puis aborde la d\u00e9signation des individus et des lieux, les nombres et les dates, les termes de vocabulaire sp\u00e9cifique qui reviennent, d\u2019acte en acte. Avec de nombreux lexiques en annexe, il aide les historiens des familles \u00e0 traduire ais\u00e9ment les actes qui les int\u00e9ressent.<\/p>\n<p>AUTEUR:<\/p>\n<p><strong>Catherine Bec.\u00a0<\/strong>Professeur agr\u00e9g\u00e9 de lettres, docteur en litt\u00e9rature classique, Catherine Bec s\u2019est sp\u00e9cialis\u00e9e en g\u00e9n\u00e9alogie dans les domaines o\u00f9 sa formation litt\u00e9raire est un atout : le latin, l\u2019anthroponymie et surtout l\u2019\u00e9criture de la m\u00e9moire familiale. Auteur de biographies et de livres familiaux, elle s\u2019int\u00e9resse \u00e9galement \u00e0 la formation, dans le cadre de l\u2019<em>European Academy of Genealogy.<\/em><\/p>","protected":false},"featured_media":6924,"comment_status":"closed","ping_status":"closed","template":"","meta":{"_et_pb_use_builder":"","_et_pb_old_content":"","_et_gb_content_width":""},"product_brand":[],"product_cat":[112],"product_tag":[],"class_list":{"0":"post-6923","1":"product","2":"type-product","3":"status-publish","4":"has-post-thumbnail","6":"product_cat-guides","8":"first","9":"instock","10":"taxable","11":"shipping-taxable","12":"purchasable","13":"product-type-simple"},"_links":{"self":[{"href":"https:\/\/geniwal2.info-brihaye.lu\/nl\/wp-json\/wp\/v2\/product\/6923","targetHints":{"allow":["GET"]}}],"collection":[{"href":"https:\/\/geniwal2.info-brihaye.lu\/nl\/wp-json\/wp\/v2\/product"}],"about":[{"href":"https:\/\/geniwal2.info-brihaye.lu\/nl\/wp-json\/wp\/v2\/types\/product"}],"replies":[{"embeddable":true,"href":"https:\/\/geniwal2.info-brihaye.lu\/nl\/wp-json\/wp\/v2\/comments?post=6923"}],"wp:featuredmedia":[{"embeddable":true,"href":"https:\/\/geniwal2.info-brihaye.lu\/nl\/wp-json\/wp\/v2\/media\/6924"}],"wp:attachment":[{"href":"https:\/\/geniwal2.info-brihaye.lu\/nl\/wp-json\/wp\/v2\/media?parent=6923"}],"wp:term":[{"taxonomy":"product_brand","embeddable":true,"href":"https:\/\/geniwal2.info-brihaye.lu\/nl\/wp-json\/wp\/v2\/product_brand?post=6923"},{"taxonomy":"product_cat","embeddable":true,"href":"https:\/\/geniwal2.info-brihaye.lu\/nl\/wp-json\/wp\/v2\/product_cat?post=6923"},{"taxonomy":"product_tag","embeddable":true,"href":"https:\/\/geniwal2.info-brihaye.lu\/nl\/wp-json\/wp\/v2\/product_tag?post=6923"}],"curies":[{"name":"wp","href":"https:\/\/api.w.org\/{rel}","templated":true}]}}