{"id":8377,"date":"2022-03-10T18:30:02","date_gmt":"2022-03-10T17:30:02","guid":{"rendered":"https:\/\/geniwal2.info-brihaye.lu\/?post_type=product&#038;p=8377"},"modified":"2023-01-30T07:40:40","modified_gmt":"2023-01-30T06:40:40","slug":"petit-manuel-de-paleographie","status":"publish","type":"product","link":"https:\/\/geniwal2.info-brihaye.lu\/nl\/boutique\/guides\/petit-manuel-de-paleographie\/","title":{"rendered":"KLEIN HANDBOEK PALEOGRAFIE"},"content":{"rendered":"<p><b>SAMENVATTING<\/b><\/p>\n<p style=\"font-weight: 400;\">Paleografie is de wetenschap van het oude schrift.<br \/>\nHet doel is om de geschriften van de 19e eeuw te ontcijferen.<br \/>\nHet gebied strekt zich uit tot alle soorten documenten die in het verleden zijn geschreven, zoals aardewerkfragmenten, wastabletten op duurzame materialen (epigrafie), papyrus (hi\u00ebrogliefen), perkament, munten (numismatiek), zegels (sigillografie), manuscripten (codicologie) en, voor ons genealogen, de studie van oude akten in het Latijn vanaf de 15e eeuw, de periode waarin we kunnen hopen voorouders op te sporen.<br \/>\nDe term wordt meestal beperkt tot de studie van \"manuscriptboeken\" en documenten verzameld in grote bibliotheken en archieven. Het onderwerp is zo veelomvattend dat dit boek alleen de meest voorkomende toepassingen weergeeft die we tegenkomen in de loop van ons genealogisch onderzoek.<\/p>\n<p><strong>AUTEUR<\/strong><\/p>\n<p>Yves Heraly. Hij werd in 1948 geboren in L\u00e9opoldville (nu Kinshasa) in de Democratische Republiek Congo. In 1990 begon hij onderzoek te doen naar de genealogie van de familie Heraly, die oorspronkelijk uit Waals-Brabant komt. Voormalig penningmeester van de Cercle d'histoire, d'arch\u00e9ologie et de g\u00e9n\u00e9alogie de Wavre et du Brabant Wallon. In 1998 richtte hij de vereniging G\u00e9niWal (G\u00e9n\u00e9alogie Wallonie Informatique) op, waarvan hij voorzitter is.<\/p>","protected":false},"excerpt":{"rendered":"<p>R\u00e9f\u00e9rence : &#8211;<\/p>\n<p>De vieux actes \u00e0 lire ? Ce manuel de pal\u00e9ographie vous viendra bien \u00e0 point.<br \/>\nIl contient en outre des exemples de lettres et chiffres, mais \u00e9galement la traduction de pr\u00e9noms et de vieux m\u00e9tiers (latin &#8211; fran\u00e7ais &#8211; N\u00e9erlandais)<\/p>\n<p>44 pages broch\u00e9es \/ format 148 x 210 cm<br \/>\n<b style=\"color: #ff0000;\">Levertijd 10 dagen na ontvangst van betaling<br \/>\nQuantit\u00e9 maximum par commande : 6<br \/>\n<\/b><\/p>\n<form class=\"cart\" action=\"https:\/\/geniwal2.info-brihaye.lu\/nl\/produit\/retracer-lhistoire-de-sa-commune\/\" enctype=\"multipart\/form-data\" method=\"post\" data-trp-original-action=\"https:\/\/geniwal2.info-brihaye.lu\/produit\/retracer-lhistoire-de-sa-commune\/\">\n<div class=\"quantity buttons_added\"><\/div>\n<input type=\"hidden\" name=\"trp-form-language\" value=\"nl\"\/><\/form>","protected":false},"featured_media":8379,"comment_status":"closed","ping_status":"closed","template":"","meta":{"_et_pb_use_builder":"","_et_pb_old_content":"","_et_gb_content_width":""},"product_brand":[],"product_cat":[112],"product_tag":[],"class_list":{"0":"post-8377","1":"product","2":"type-product","3":"status-publish","4":"has-post-thumbnail","6":"product_cat-guides","8":"first","9":"instock","10":"taxable","11":"shipping-taxable","12":"purchasable","13":"product-type-simple"},"_links":{"self":[{"href":"https:\/\/geniwal2.info-brihaye.lu\/nl\/wp-json\/wp\/v2\/product\/8377","targetHints":{"allow":["GET"]}}],"collection":[{"href":"https:\/\/geniwal2.info-brihaye.lu\/nl\/wp-json\/wp\/v2\/product"}],"about":[{"href":"https:\/\/geniwal2.info-brihaye.lu\/nl\/wp-json\/wp\/v2\/types\/product"}],"replies":[{"embeddable":true,"href":"https:\/\/geniwal2.info-brihaye.lu\/nl\/wp-json\/wp\/v2\/comments?post=8377"}],"wp:featuredmedia":[{"embeddable":true,"href":"https:\/\/geniwal2.info-brihaye.lu\/nl\/wp-json\/wp\/v2\/media\/8379"}],"wp:attachment":[{"href":"https:\/\/geniwal2.info-brihaye.lu\/nl\/wp-json\/wp\/v2\/media?parent=8377"}],"wp:term":[{"taxonomy":"product_brand","embeddable":true,"href":"https:\/\/geniwal2.info-brihaye.lu\/nl\/wp-json\/wp\/v2\/product_brand?post=8377"},{"taxonomy":"product_cat","embeddable":true,"href":"https:\/\/geniwal2.info-brihaye.lu\/nl\/wp-json\/wp\/v2\/product_cat?post=8377"},{"taxonomy":"product_tag","embeddable":true,"href":"https:\/\/geniwal2.info-brihaye.lu\/nl\/wp-json\/wp\/v2\/product_tag?post=8377"}],"curies":[{"name":"wp","href":"https:\/\/api.w.org\/{rel}","templated":true}]}}