{"id":8384,"date":"2022-03-10T19:43:30","date_gmt":"2022-03-10T18:43:30","guid":{"rendered":"https:\/\/geniwal2.info-brihaye.lu\/?post_type=product&#038;p=8384"},"modified":"2024-05-06T23:20:50","modified_gmt":"2024-05-06T21:20:50","slug":"geneeurope-2022","status":"publish","type":"product","link":"https:\/\/geniwal2.info-brihaye.lu\/nl\/boutique\/guides\/geneeurope-2022\/","title":{"rendered":"G\u00e9n\u00e9@Europe 2024"},"content":{"rendered":"<p><strong>SAMENVATTING <\/strong><\/p>\n<p><strong>Editie 2024<\/strong><\/p>\n<p><strong>Waar kun je in Europa op internet naar je genealogie zoeken?<br \/>\n<\/strong>Er zijn veel hulpmiddelen online beschikbaar om je te helpen de data, plaatsen waar je voorouders woonden en doorreisden, of hun beroepen te ontdekken; vandaar het nut van dit boek, waarin je adressen vindt van \"tijdelijke\" of \"permanente\" websites voor de informatie die je nodig hebt.<strong>\u00a0Europese landen<\/strong>U vindt hier ook informatie over hoe u kunt delen en communiceren met andere familiegenealogen in Social Media (zoals nieuwsgroepen of forums) en adressen van professionele Franssprekende genealogen die u kunnen helpen.<\/p>\n<p>In verschillende landen hebben nationale en lokale archieven hun registers en documenten gedigitaliseerd en hun foto's online gezet. Veel \"portaalsites\", persoonlijke sites in de verenigings- of familiesfeer, bieden allerlei soorten registers aan (burgerlijke stand, kiezers, militairen, volkstelling, notarissen, enz.<\/p>\n<p><strong>Landen genoemd in dit boek<\/strong>Belgi\u00eb, Denemarken, Duitsland, Estland, Finland, Frankrijk, Franse overzeese departementen en gebiedsdelen, Nieuw-Caledoni\u00eb, Frans Polynesi\u00eb, Griekenland, Hongarije, Itali\u00eb, Letland, Liechtenstein, Litouwen, Luxemburg, Malta, Monaco, Nederland, Oostenrijk, Polen, Portugal, Roemeni\u00eb, Sloveni\u00eb, Slowakije, Spanje, Tsjechi\u00eb, Verenigd Koninkrijk, Zweden.<\/p>\n<p>Dit boek bespaart je kostbare tijd in genealogisch of historisch onderzoek, zodat je de gigantische stamboom kunt bouwen die van jou zal zijn.<\/p>\n<p><strong>AUTEUR<\/strong><\/p>\n<p>Liliane Hierro N\u00e9e d&rsquo;un p\u00e8re espagnol et d&rsquo;une m\u00e8re fran\u00e7aise, Liliane Hierro est une g\u00e9n\u00e9alogiste professionnelle. Ses recherches g\u00e9n\u00e9alogiques familiales, qui ont \u00e9t\u00e9 r\u00e9alis\u00e9es dans quatre pays d&rsquo;Europe (Belgique, Espagne, France, Italie), lui ont permis de d\u00e9velopper une solide exp\u00e9rience dans ce domaine.<\/p>\n<p>Zijn interesse in internetonderzoek wordt gevoed door zijn jarenlange professionele ervaring in de IT-sector.<\/p>\n<p>Liliane Hierro geeft regelmatig lezingen over dit onderwerp in Belgi\u00eb, Luxemburg en Frankrijk.<\/p>","protected":false},"excerpt":{"rendered":"<p>R\u00e9f\u00e9rence : 705009<br \/>\nISSN\/2295-5364<br \/>\n120 pages broch\u00e9es \/ format 17 x 24 cm<br \/>\n<b style=\"color: #ff0000;\">Levertijd 10 dagen na ontvangst van betaling<br \/>\nQuantit\u00e9 maximum par commande : 1<\/b><\/p>\n<form class=\"cart\" action=\"https:\/\/geniwal2.info-brihaye.lu\/nl\/produit\/retracer-lhistoire-de-sa-commune\/\" enctype=\"multipart\/form-data\" method=\"post\" data-trp-original-action=\"https:\/\/geniwal2.info-brihaye.lu\/produit\/retracer-lhistoire-de-sa-commune\/\">\n<div class=\"quantity buttons_added\"><\/div>\n<input type=\"hidden\" name=\"trp-form-language\" value=\"nl\"\/><\/form>","protected":false},"featured_media":227008,"comment_status":"closed","ping_status":"closed","template":"","meta":{"_et_pb_use_builder":"","_et_pb_old_content":"","_et_gb_content_width":""},"product_brand":[],"product_cat":[112],"product_tag":[],"class_list":{"0":"post-8384","1":"product","2":"type-product","3":"status-publish","4":"has-post-thumbnail","6":"product_cat-guides","8":"first","9":"instock","10":"taxable","11":"shipping-taxable","12":"purchasable","13":"product-type-simple"},"_links":{"self":[{"href":"https:\/\/geniwal2.info-brihaye.lu\/nl\/wp-json\/wp\/v2\/product\/8384","targetHints":{"allow":["GET"]}}],"collection":[{"href":"https:\/\/geniwal2.info-brihaye.lu\/nl\/wp-json\/wp\/v2\/product"}],"about":[{"href":"https:\/\/geniwal2.info-brihaye.lu\/nl\/wp-json\/wp\/v2\/types\/product"}],"replies":[{"embeddable":true,"href":"https:\/\/geniwal2.info-brihaye.lu\/nl\/wp-json\/wp\/v2\/comments?post=8384"}],"wp:featuredmedia":[{"embeddable":true,"href":"https:\/\/geniwal2.info-brihaye.lu\/nl\/wp-json\/wp\/v2\/media\/227008"}],"wp:attachment":[{"href":"https:\/\/geniwal2.info-brihaye.lu\/nl\/wp-json\/wp\/v2\/media?parent=8384"}],"wp:term":[{"taxonomy":"product_brand","embeddable":true,"href":"https:\/\/geniwal2.info-brihaye.lu\/nl\/wp-json\/wp\/v2\/product_brand?post=8384"},{"taxonomy":"product_cat","embeddable":true,"href":"https:\/\/geniwal2.info-brihaye.lu\/nl\/wp-json\/wp\/v2\/product_cat?post=8384"},{"taxonomy":"product_tag","embeddable":true,"href":"https:\/\/geniwal2.info-brihaye.lu\/nl\/wp-json\/wp\/v2\/product_tag?post=8384"}],"curies":[{"name":"wp","href":"https:\/\/api.w.org\/{rel}","templated":true}]}}